{"id":5257,"date":"2023-03-13T20:20:53","date_gmt":"2023-03-13T20:20:53","guid":{"rendered":"https:\/\/ton.connectingminds.net\/?page_id=5257"},"modified":"2023-09-04T20:17:34","modified_gmt":"2023-09-04T18:17:34","slug":"acerca-de-ton-merckx","status":"publish","type":"page","link":"https:\/\/mail.ton.connectingminds.net\/es\/over-ton-merckx\/","title":{"rendered":"Acerca de Ton Merckx"},"content":{"rendered":"<div data-elementor-type=\"wp-page\" data-elementor-id=\"5257\" class=\"elementor elementor-5257\">\n\t\t\t\t\t\t<section class=\"elementor-section elementor-top-section elementor-element elementor-element-53e2171 elementor-section-full_width elementor-section-height-default elementor-section-height-default\" data-id=\"53e2171\" data-element_type=\"section\" data-e-type=\"section\">\n\t\t\t\t\t\t<div class=\"elementor-container elementor-column-gap-default\">\n\t\t\t\t\t<div class=\"elementor-column elementor-col-100 elementor-top-column elementor-element elementor-element-b86d447\" data-id=\"b86d447\" data-element_type=\"column\" data-e-type=\"column\">\n\t\t\t<div class=\"elementor-widget-wrap elementor-element-populated\">\n\t\t\t\t\t\t<div class=\"elementor-element elementor-element-9648d88 elementor-widget elementor-widget-image\" data-id=\"9648d88\" data-element_type=\"widget\" data-e-type=\"widget\" data-widget_type=\"image.default\">\n\t\t\t\t<div class=\"elementor-widget-container\">\n\t\t\t\t\t\t\t\t\t\t\t\t\t\t\t<img fetchpriority=\"high\" decoding=\"async\" width=\"1024\" height=\"473\" src=\"https:\/\/mail.ton.connectingminds.net\/wp-content\/uploads\/2023\/03\/over-ton-merckx-1024x473.jpg\" class=\"attachment-large size-large wp-image-5269\" alt=\"\" srcset=\"https:\/\/mail.ton.connectingminds.net\/wp-content\/uploads\/2023\/03\/over-ton-merckx-1024x473.jpg 1024w, https:\/\/mail.ton.connectingminds.net\/wp-content\/uploads\/2023\/03\/over-ton-merckx-600x277.jpg 600w, https:\/\/mail.ton.connectingminds.net\/wp-content\/uploads\/2023\/03\/over-ton-merckx-300x138.jpg 300w, https:\/\/mail.ton.connectingminds.net\/wp-content\/uploads\/2023\/03\/over-ton-merckx-768x355.jpg 768w, https:\/\/mail.ton.connectingminds.net\/wp-content\/uploads\/2023\/03\/over-ton-merckx-18x8.jpg 18w, https:\/\/mail.ton.connectingminds.net\/wp-content\/uploads\/2023\/03\/over-ton-merckx.jpg 1302w\" sizes=\"(max-width: 1024px) 100vw, 1024px\" \/>\t\t\t\t\t\t\t\t\t\t\t\t\t\t\t<\/div>\n\t\t\t\t<\/div>\n\t\t\t\t\t<\/div>\n\t\t<\/div>\n\t\t\t\t\t<\/div>\n\t\t<\/section>\n\t\t\t\t<section class=\"elementor-section elementor-top-section elementor-element elementor-element-5d90fe2 elementor-section-boxed elementor-section-height-default elementor-section-height-default\" data-id=\"5d90fe2\" data-element_type=\"section\" data-e-type=\"section\">\n\t\t\t\t\t\t<div class=\"elementor-container elementor-column-gap-default\">\n\t\t\t\t\t<div class=\"elementor-column elementor-col-100 elementor-top-column elementor-element elementor-element-77d137a\" data-id=\"77d137a\" data-element_type=\"column\" data-e-type=\"column\">\n\t\t\t<div class=\"elementor-widget-wrap elementor-element-populated\">\n\t\t\t\t\t\t<div class=\"elementor-element elementor-element-ae1b9ed elementor-widget elementor-widget-spacer\" data-id=\"ae1b9ed\" data-element_type=\"widget\" data-e-type=\"widget\" data-widget_type=\"spacer.default\">\n\t\t\t\t<div class=\"elementor-widget-container\">\n\t\t\t\t\t\t\t<div class=\"elementor-spacer\">\n\t\t\t<div class=\"elementor-spacer-inner\"><\/div>\n\t\t<\/div>\n\t\t\t\t\t\t<\/div>\n\t\t\t\t<\/div>\n\t\t\t\t<div class=\"elementor-element elementor-element-dd90b8e tmrw-text-spacing elementor-widget elementor-widget-text-editor\" data-id=\"dd90b8e\" data-element_type=\"widget\" data-e-type=\"widget\" data-widget_type=\"text-editor.default\">\n\t\t\t\t<div class=\"elementor-widget-container\">\n\t\t\t\t\t\t\t\t\t<p>El sitio web que est\u00e1 a punto de visitar es el resultado de m\u00e1s de 30 a\u00f1os de coleccionismo.<br \/>No hay sellos ni bandas de cigarros (que tambi\u00e9n coleccion\u00e9 en mi juventud, por supuesto), sino CAMISETAS DE CICLISMO, y luego solo camisetas de ciclismo de equipos profesionales.<\/p><p>Empec\u00e9 a hacer esto en 1983, despu\u00e9s de haber visitado el criterio de Natour en Valkenswaard. Durante ese criterio vi al ciclista profesional local Jan Aling de Bladel montando una camiseta de HENK WINTERMANS (el famoso agricultor de manzanas de Duizel).<br \/>Me gust\u00f3 tanto esa camisa que pens\u00e9, voy a ver si no encuentro una camisa as\u00ed.<br \/>Despu\u00e9s de un tiempo tuve \u00e9xito y fui a Bladel en mi bicicleta de carreras para recoger 5 camisetas de Jan Aling (Henk Wintermans, HB Alarmsystemen, Marc-Zeepcentrale, B&amp;S-Elro Snacks y B&amp;S road construction materials), sin saber todav\u00eda que yo habr\u00eda comenzado a coleccionar CAMISAS DE CICLISMO PRO.<\/p><p>En la d\u00e9cada de 1990, mi colecci\u00f3n despeg\u00f3 enormemente y coleccion\u00e9 muchas camisetas del pasado de ex profesionales, la mayor\u00eda de las personas con las que habl\u00e9 pensaron que era solo una &quot;colecci\u00f3n extra\u00f1a&quot;, pero yo era muy fan\u00e1tico al respecto.<\/p><p>Mientras tanto, iba en bicicleta por la ciudad y el campo para recoger camisetas, si estaba a poca distancia en bicicleta. Pero tambi\u00e9n recib\u00ed muchas camisetas por correo. Nuestro cartero debe haberme maldecido si volv\u00ed a tener algunos paquetes con camisas. Afortunadamente para \u00e9l, tambi\u00e9n comenc\u00e9 a trabajar en el PTT, as\u00ed que al menos pod\u00eda prescindir de \u00e9l.<\/p><p>En este momento ya no trabajo en el PTT, pero soy empleado de almac\u00e9n en Nisbets en Eindhoven, y tambi\u00e9n soy muy activo dentro de nuestro club de giras TC Wilhelmina en la preparaci\u00f3n y organizaci\u00f3n de giras. Tambi\u00e9n organizo alrededor de 10 recorridos al a\u00f1o en el caf\u00e9 ciclista de Eindhoven de CYKLIST. En oto\u00f1o volver\u00e9 a ir en bici a recoger muchas camisetas ciclistas de la zona, para que mis dos pasiones ciclistas vuelvan a fusionarse.<\/p><p>Hay una larga historia detr\u00e1s de la mayor\u00eda de las camisetas, especialmente las camisetas realmente viejas, pero ser\u00eda demasiado largo contar todas esas historias aqu\u00ed. Tambi\u00e9n las b\u00fasquedas de camisetas a veces recorren muchos discos y, a veces, pasan varios a\u00f1os antes de obtener una camiseta. La camiseta AHV Rijen es un ejemplo de libro de texto de esto.<\/p><p>Durante un paseo en bicicleta por Achterhoek, de repente vi un coche circulando con el texto AHV HONDENFOER RIJEN, lo que me dio valor para buscar de nuevo esa camiseta. Los intentos anteriores hab\u00edan fracasado. A trav\u00e9s de AHV en Rijen, entr\u00e9 en contacto con Barry Adema, luego termin\u00e9 con Joost Voesenek, Rini van Roon y Dries van Wijhe. Todav\u00eda sin \u00e9xito, al final, dos a\u00f1os m\u00e1s tarde, me encontr\u00e9 con Wim van Boven, quien me pudo ayudar con una linda camiseta End Good all Good. En la Veluwe tambi\u00e9n pas\u00e9 por la f\u00e1brica de alfombras KELA, pens\u00e9 que era un nombre muy conocido y cuando llegu\u00e9 a casa vi que efectivamente hab\u00eda sido patrocinador de un equipo ciclista en el a\u00f1o 1973.<\/p><p>Despu\u00e9s de una larga b\u00fasqueda, me puse en contacto con Peter van Stralen en hippolytushoef, un buen lugar para dar un agradable paseo en bicicleta por Holanda Septentrional. Cuando llegu\u00e9 a Schagen (en tren) estaba lloviendo a c\u00e1ntaros, as\u00ed que fui a Hippolytushoef en coche con mi compa\u00f1ero ciclista de t Veld. El resultado es otra hermosa y \u00fanica camiseta m\u00e1s rica.<\/p><p>Una b\u00fasqueda \u00fanica tambi\u00e9n fue la camiseta de KENYAN RIDERS DOWNUNDER, un equipo con muchos corredores de Kenia y algunos australianos y neozelandeses. Envi\u00e9 correos electr\u00f3nicos a muchos ciclistas y esper\u00e9 una y otra vez y luego nada al final.<\/p><p>El \u00faltimo australiano traer\u00eda una camiseta a Holanda si fuera a correr all\u00ed (primavera de 2019). Cuando finalmente lleg\u00f3 a los Pa\u00edses Bajos, rompi\u00f3 el contacto, despu\u00e9s de enviar y recibir correos electr\u00f3nicos con frecuencia en las semanas\/meses anteriores, as\u00ed que fin de la historia.<\/p><p>A\u00fan as\u00ed, me puse en contacto con Mwangi Samwell de Kenia, quien finalmente pudo ayudarme con una camiseta. Mwangi Samwell solo ha sido profesional durante 1 a\u00f1o, sufri\u00f3 una lesi\u00f3n grave en la pierna durante una ca\u00edda en la primera etapa del Tour de Ruanda, pero a\u00fan as\u00ed continu\u00f3. Unos d\u00edas despu\u00e9s otra ca\u00edda donde la herida de su pierna se reabri\u00f3 y se infect\u00f3. Eventualmente le tuvieron que amputar la pierna, pero todav\u00eda anda en bicicleta y se dirige a los JUEGOS PARAL\u00cdMPICOS de Tokio. Buena suerte para \u00e9l all\u00ed, un emprendedor merece una medalla. Para m\u00ed al final de esta camiseta: Bien est\u00e1 lo que bien acaba. Con suerte, tambi\u00e9n para Mwangi Samwell en Tokio 2021.<\/p><p>En los \u00faltimos a\u00f1os tambi\u00e9n encontr\u00e9\/recog\u00ed algunas camisetas durante las vacaciones. Encontr\u00e9 una camiseta de NOTEBOOKSBILLIGER.DE en Potsdam. Vale la pena buscar en el sitio web, una camisa bonita y c\u00f3mica (camisa negra con un cerdo rosa).<\/p><p>Encontr\u00e9 algunas camisetas de SPARTAK PRAHA en Praga y tambi\u00e9n recog\u00ed 2 camisetas de EXPERIMENT 23 en Jablonec nad Nissou. El hombre en cuesti\u00f3n ten\u00eda listas esas camisetas durante algunos a\u00f1os, porque estaba seguro de que volver\u00eda a Jablonec en un futuro cercano. .go, hab\u00eda estado all\u00ed dos veces antes en mi infancia como miembro del famoso TIVOLI CHOR.<\/p><p>Tambi\u00e9n recog\u00ed algunas camisetas bonitas en la primavera de 2020 en Nueva Zelanda y Australia.<br \/>A menudo, el resultado de meses de b\u00fasquedas, que finalmente terminan con \u00e9xito.<\/p><p>El contador ahora se encuentra en casi 2316 camisetas de 61 pa\u00edses y la m\u00e1s antigua data de 1950 y 1952.<br \/>Las CAMISETAS MAS BONITAS????? Hay demasiados para mencionar\u2026\u2026\u2026.<\/p><p>El m\u00e1s querido\u2026<br \/>UNA CAMISETA ARCO IRIS y un JERSEY AMARILLO del Tour de Francia de BERNARD HINAULT!!!!<\/p><p>\u00a0<\/p><p>Eindhoven, 7 de enero de 2021<br \/>Con saludos deportivos, Ton Merckx<\/p>\t\t\t\t\t\t\t\t<\/div>\n\t\t\t\t<\/div>\n\t\t\t\t<div class=\"elementor-element elementor-element-df087ad elementor-widget elementor-widget-button\" data-id=\"df087ad\" data-element_type=\"widget\" data-e-type=\"widget\" data-widget_type=\"button.default\">\n\t\t\t\t<div class=\"elementor-widget-container\">\n\t\t\t\t\t\t\t\t\t<div class=\"elementor-button-wrapper\">\n\t\t\t\t\t<a class=\"elementor-button elementor-button-link elementor-size-sm\" href=\"https:\/\/cycling-originals.com\/collecting-team-jerseys-for-over-30-years\/\">\n\t\t\t\t\t\t<span class=\"elementor-button-content-wrapper\">\n\t\t\t\t\t\t\t\t\t<span class=\"elementor-button-text\">Entrevista a Ton Merckx Velo Veritas &gt;<\/span>\n\t\t\t\t\t<\/span>\n\t\t\t\t\t<\/a>\n\t\t\t\t<\/div>\n\t\t\t\t\t\t\t\t<\/div>\n\t\t\t\t<\/div>\n\t\t\t\t<div class=\"elementor-element elementor-element-88380a3 elementor-widget elementor-widget-spacer\" data-id=\"88380a3\" data-element_type=\"widget\" data-e-type=\"widget\" data-widget_type=\"spacer.default\">\n\t\t\t\t<div class=\"elementor-widget-container\">\n\t\t\t\t\t\t\t<div class=\"elementor-spacer\">\n\t\t\t<div class=\"elementor-spacer-inner\"><\/div>\n\t\t<\/div>\n\t\t\t\t\t\t<\/div>\n\t\t\t\t<\/div>\n\t\t\t\t\t<\/div>\n\t\t<\/div>\n\t\t\t\t\t<\/div>\n\t\t<\/section>\n\t\t\t\t<\/div>","protected":false},"excerpt":{"rendered":"<p>De website die u zo dadelijk gaat bezoeken is het resultaat van meer dan 30 jaar verzamelen.Geen postzegels of sigarenbandjes (die ik natuurlijk ook verzameld heb in mijn jeugdjaren) maar WIELERSHIRTS, en dan ook nog alleen wielershirts van profploegen. In 1983 ben ik daarmee begonnen, nadat ik het natourcriterium van Valkenswaard had bezocht. Tijdens dat [&hellip;]<\/p>\n","protected":false},"author":1,"featured_media":0,"parent":0,"menu_order":0,"comment_status":"closed","ping_status":"closed","template":"","meta":{"footnotes":""},"class_list":["post-5257","page","type-page","status-publish","hentry"],"yoast_head":"<!-- This site is optimized with the Yoast SEO plugin v27.3 - https:\/\/yoast.com\/product\/yoast-seo-wordpress\/ -->\n<title>Over Ton Merckx - Ton Merckx Wielershirts - Rondreis door de wereld van wielershirts<\/title>\n<meta name=\"robots\" content=\"index, follow, max-snippet:-1, max-image-preview:large, max-video-preview:-1\" \/>\n<link rel=\"canonical\" href=\"https:\/\/tonmerckxwielershirts.nl\/fr\/a-propos-de-ton-merckx\/\" \/>\n<meta property=\"og:locale\" content=\"es_ES\" \/>\n<meta property=\"og:type\" content=\"article\" \/>\n<meta property=\"og:title\" content=\"Over Ton Merckx - Ton Merckx Wielershirts - Rondreis door de wereld van wielershirts\" \/>\n<meta property=\"og:description\" content=\"De website die u zo dadelijk gaat bezoeken is het resultaat van meer dan 30 jaar verzamelen.Geen postzegels of sigarenbandjes (die ik natuurlijk ook verzameld heb in mijn jeugdjaren) maar WIELERSHIRTS, en dan ook nog alleen wielershirts van profploegen. In 1983 ben ik daarmee begonnen, nadat ik het natourcriterium van Valkenswaard had bezocht. Tijdens dat [&hellip;]\" \/>\n<meta property=\"og:url\" content=\"https:\/\/tonmerckxwielershirts.nl\/fr\/a-propos-de-ton-merckx\/\" \/>\n<meta property=\"og:site_name\" content=\"Ton Merckx Wielershirts - Rondreis door de wereld van wielershirts\" \/>\n<meta property=\"article:modified_time\" content=\"2023-09-04T18:17:34+00:00\" \/>\n<meta property=\"og:image\" content=\"https:\/\/tonmerckxwielershirts.nl\/wp-content\/uploads\/2023\/03\/over-ton-merckx-1024x473.jpg\" \/>\n<meta name=\"twitter:card\" content=\"summary_large_image\" \/>\n<meta name=\"twitter:label1\" content=\"Tiempo de lectura\" \/>\n\t<meta name=\"twitter:data1\" content=\"5 minutos\" \/>\n<script type=\"application\/ld+json\" class=\"yoast-schema-graph\">{\"@context\":\"https:\\\/\\\/schema.org\",\"@graph\":[{\"@type\":\"WebPage\",\"@id\":\"https:\\\/\\\/tonmerckxwielershirts.nl\\\/fr\\\/a-propos-de-ton-merckx\\\/\",\"url\":\"https:\\\/\\\/tonmerckxwielershirts.nl\\\/fr\\\/a-propos-de-ton-merckx\\\/\",\"name\":\"Over Ton Merckx - Ton Merckx Wielershirts - Rondreis door de wereld van wielershirts\",\"isPartOf\":{\"@id\":\"https:\\\/\\\/mail.tonmerckxwielershirts.nl\\\/ja\\\/#website\"},\"primaryImageOfPage\":{\"@id\":\"https:\\\/\\\/tonmerckxwielershirts.nl\\\/fr\\\/a-propos-de-ton-merckx\\\/#primaryimage\"},\"image\":{\"@id\":\"https:\\\/\\\/tonmerckxwielershirts.nl\\\/fr\\\/a-propos-de-ton-merckx\\\/#primaryimage\"},\"thumbnailUrl\":\"https:\\\/\\\/tonmerckxwielershirts.nl\\\/wp-content\\\/uploads\\\/2023\\\/03\\\/over-ton-merckx-1024x473.jpg\",\"datePublished\":\"2023-03-13T20:20:53+00:00\",\"dateModified\":\"2023-09-04T18:17:34+00:00\",\"breadcrumb\":{\"@id\":\"https:\\\/\\\/tonmerckxwielershirts.nl\\\/fr\\\/a-propos-de-ton-merckx\\\/#breadcrumb\"},\"inLanguage\":\"es\",\"potentialAction\":[{\"@type\":\"ReadAction\",\"target\":[\"https:\\\/\\\/tonmerckxwielershirts.nl\\\/fr\\\/a-propos-de-ton-merckx\\\/\"]}]},{\"@type\":\"ImageObject\",\"inLanguage\":\"es\",\"@id\":\"https:\\\/\\\/tonmerckxwielershirts.nl\\\/fr\\\/a-propos-de-ton-merckx\\\/#primaryimage\",\"url\":\"https:\\\/\\\/tonmerckxwielershirts.nl\\\/wp-content\\\/uploads\\\/2023\\\/03\\\/over-ton-merckx-1024x473.jpg\",\"contentUrl\":\"https:\\\/\\\/tonmerckxwielershirts.nl\\\/wp-content\\\/uploads\\\/2023\\\/03\\\/over-ton-merckx-1024x473.jpg\"},{\"@type\":\"BreadcrumbList\",\"@id\":\"https:\\\/\\\/tonmerckxwielershirts.nl\\\/fr\\\/a-propos-de-ton-merckx\\\/#breadcrumb\",\"itemListElement\":[{\"@type\":\"ListItem\",\"position\":1,\"name\":\"Home\",\"item\":\"https:\\\/\\\/mail.tonmerckxwielershirts.nl\\\/ja\\\/\"},{\"@type\":\"ListItem\",\"position\":2,\"name\":\"Over Ton Merckx\"}]},{\"@type\":\"WebSite\",\"@id\":\"https:\\\/\\\/mail.tonmerckxwielershirts.nl\\\/ja\\\/#website\",\"url\":\"https:\\\/\\\/mail.tonmerckxwielershirts.nl\\\/ja\\\/\",\"name\":\"Ton Merckx Wielershirts - Rondreis door de wereld van wielershirts\",\"description\":\"thousands of original cycling jerseys - order your replica!\",\"publisher\":{\"@id\":\"https:\\\/\\\/mail.tonmerckxwielershirts.nl\\\/ja\\\/#organization\"},\"potentialAction\":[{\"@type\":\"SearchAction\",\"target\":{\"@type\":\"EntryPoint\",\"urlTemplate\":\"https:\\\/\\\/mail.tonmerckxwielershirts.nl\\\/ja\\\/?s={search_term_string}\"},\"query-input\":{\"@type\":\"PropertyValueSpecification\",\"valueRequired\":true,\"valueName\":\"search_term_string\"}}],\"inLanguage\":\"es\"},{\"@type\":\"Organization\",\"@id\":\"https:\\\/\\\/mail.tonmerckxwielershirts.nl\\\/ja\\\/#organization\",\"name\":\"Ton Merckx Wielershirts - Rondreis door de wereld van wielershirts\",\"url\":\"https:\\\/\\\/mail.tonmerckxwielershirts.nl\\\/ja\\\/\",\"logo\":{\"@type\":\"ImageObject\",\"inLanguage\":\"es\",\"@id\":\"https:\\\/\\\/mail.tonmerckxwielershirts.nl\\\/ja\\\/#\\\/schema\\\/logo\\\/image\\\/\",\"url\":\"https:\\\/\\\/mail.ton.connectingminds.net\\\/wp-content\\\/uploads\\\/2023\\\/03\\\/ton-merckx-logo.jpg\",\"contentUrl\":\"https:\\\/\\\/mail.ton.connectingminds.net\\\/wp-content\\\/uploads\\\/2023\\\/03\\\/ton-merckx-logo.jpg\",\"width\":391,\"height\":57,\"caption\":\"Ton Merckx Wielershirts - Rondreis door de wereld van wielershirts\"},\"image\":{\"@id\":\"https:\\\/\\\/mail.tonmerckxwielershirts.nl\\\/ja\\\/#\\\/schema\\\/logo\\\/image\\\/\"}}]}<\/script>\n<!-- \/ Yoast SEO plugin. -->","yoast_head_json":{"title":"Acerca de Ton Merckx - Camisetas ciclistas Ton Merckx - Recorrido por el mundo de las camisetas ciclistas","robots":{"index":"index","follow":"follow","max-snippet":"max-snippet:-1","max-image-preview":"max-image-preview:large","max-video-preview":"max-video-preview:-1"},"canonical":"https:\/\/tonmerckxwielershirts.nl\/fr\/a-propos-de-ton-merckx\/","og_locale":"es_ES","og_type":"article","og_title":"Over Ton Merckx - Ton Merckx Wielershirts - Rondreis door de wereld van wielershirts","og_description":"De website die u zo dadelijk gaat bezoeken is het resultaat van meer dan 30 jaar verzamelen.Geen postzegels of sigarenbandjes (die ik natuurlijk ook verzameld heb in mijn jeugdjaren) maar WIELERSHIRTS, en dan ook nog alleen wielershirts van profploegen. In 1983 ben ik daarmee begonnen, nadat ik het natourcriterium van Valkenswaard had bezocht. Tijdens dat [&hellip;]","og_url":"https:\/\/tonmerckxwielershirts.nl\/fr\/a-propos-de-ton-merckx\/","og_site_name":"Ton Merckx Wielershirts - Rondreis door de wereld van wielershirts","article_modified_time":"2023-09-04T18:17:34+00:00","og_image":[{"url":"https:\/\/tonmerckxwielershirts.nl\/wp-content\/uploads\/2023\/03\/over-ton-merckx-1024x473.jpg","type":"","width":"","height":""}],"twitter_card":"summary_large_image","twitter_misc":{"Tiempo de lectura":"5 minutos"},"schema":{"@context":"https:\/\/schema.org","@graph":[{"@type":"WebPage","@id":"https:\/\/tonmerckxwielershirts.nl\/fr\/a-propos-de-ton-merckx\/","url":"https:\/\/tonmerckxwielershirts.nl\/fr\/a-propos-de-ton-merckx\/","name":"Acerca de Ton Merckx - Camisetas ciclistas Ton Merckx - Recorrido por el mundo de las camisetas ciclistas","isPartOf":{"@id":"https:\/\/mail.tonmerckxwielershirts.nl\/ja\/#website"},"primaryImageOfPage":{"@id":"https:\/\/tonmerckxwielershirts.nl\/fr\/a-propos-de-ton-merckx\/#primaryimage"},"image":{"@id":"https:\/\/tonmerckxwielershirts.nl\/fr\/a-propos-de-ton-merckx\/#primaryimage"},"thumbnailUrl":"https:\/\/tonmerckxwielershirts.nl\/wp-content\/uploads\/2023\/03\/over-ton-merckx-1024x473.jpg","datePublished":"2023-03-13T20:20:53+00:00","dateModified":"2023-09-04T18:17:34+00:00","breadcrumb":{"@id":"https:\/\/tonmerckxwielershirts.nl\/fr\/a-propos-de-ton-merckx\/#breadcrumb"},"inLanguage":"es","potentialAction":[{"@type":"ReadAction","target":["https:\/\/tonmerckxwielershirts.nl\/fr\/a-propos-de-ton-merckx\/"]}]},{"@type":"ImageObject","inLanguage":"es","@id":"https:\/\/tonmerckxwielershirts.nl\/fr\/a-propos-de-ton-merckx\/#primaryimage","url":"https:\/\/tonmerckxwielershirts.nl\/wp-content\/uploads\/2023\/03\/over-ton-merckx-1024x473.jpg","contentUrl":"https:\/\/tonmerckxwielershirts.nl\/wp-content\/uploads\/2023\/03\/over-ton-merckx-1024x473.jpg"},{"@type":"BreadcrumbList","@id":"https:\/\/tonmerckxwielershirts.nl\/fr\/a-propos-de-ton-merckx\/#breadcrumb","itemListElement":[{"@type":"ListItem","position":1,"name":"Home","item":"https:\/\/mail.tonmerckxwielershirts.nl\/ja\/"},{"@type":"ListItem","position":2,"name":"Over Ton Merckx"}]},{"@type":"WebSite","@id":"https:\/\/mail.tonmerckxwielershirts.nl\/ja\/#website","url":"https:\/\/mail.tonmerckxwielershirts.nl\/ja\/","name":"Camisetas ciclistas Ton Merckx - Recorrido por el mundo de las camisetas ciclistas","description":"miles de maillots ciclistas originales - \u00a1pide tu r\u00e9plica!","publisher":{"@id":"https:\/\/mail.tonmerckxwielershirts.nl\/ja\/#organization"},"potentialAction":[{"@type":"SearchAction","target":{"@type":"EntryPoint","urlTemplate":"https:\/\/mail.tonmerckxwielershirts.nl\/ja\/?s={search_term_string}"},"query-input":{"@type":"PropertyValueSpecification","valueRequired":true,"valueName":"search_term_string"}}],"inLanguage":"es"},{"@type":"Organization","@id":"https:\/\/mail.tonmerckxwielershirts.nl\/ja\/#organization","name":"Camisetas ciclistas Ton Merckx - Recorrido por el mundo de las camisetas ciclistas","url":"https:\/\/mail.tonmerckxwielershirts.nl\/ja\/","logo":{"@type":"ImageObject","inLanguage":"es","@id":"https:\/\/mail.tonmerckxwielershirts.nl\/ja\/#\/schema\/logo\/image\/","url":"https:\/\/mail.ton.connectingminds.net\/wp-content\/uploads\/2023\/03\/ton-merckx-logo.jpg","contentUrl":"https:\/\/mail.ton.connectingminds.net\/wp-content\/uploads\/2023\/03\/ton-merckx-logo.jpg","width":391,"height":57,"caption":"Ton Merckx Wielershirts - Rondreis door de wereld van wielershirts"},"image":{"@id":"https:\/\/mail.tonmerckxwielershirts.nl\/ja\/#\/schema\/logo\/image\/"}}]}},"_links":{"self":[{"href":"https:\/\/mail.ton.connectingminds.net\/es\/wp-json\/wp\/v2\/pages\/5257","targetHints":{"allow":["GET"]}}],"collection":[{"href":"https:\/\/mail.ton.connectingminds.net\/es\/wp-json\/wp\/v2\/pages"}],"about":[{"href":"https:\/\/mail.ton.connectingminds.net\/es\/wp-json\/wp\/v2\/types\/page"}],"author":[{"embeddable":true,"href":"https:\/\/mail.ton.connectingminds.net\/es\/wp-json\/wp\/v2\/users\/1"}],"replies":[{"embeddable":true,"href":"https:\/\/mail.ton.connectingminds.net\/es\/wp-json\/wp\/v2\/comments?post=5257"}],"version-history":[{"count":55,"href":"https:\/\/mail.ton.connectingminds.net\/es\/wp-json\/wp\/v2\/pages\/5257\/revisions"}],"predecessor-version":[{"id":27612,"href":"https:\/\/mail.ton.connectingminds.net\/es\/wp-json\/wp\/v2\/pages\/5257\/revisions\/27612"}],"wp:attachment":[{"href":"https:\/\/mail.ton.connectingminds.net\/es\/wp-json\/wp\/v2\/media?parent=5257"}],"curies":[{"name":"gracias","href":"https:\/\/api.w.org\/{rel}","templated":true}]}}