{"id":3145,"date":"2023-01-24T17:58:53","date_gmt":"2023-01-24T17:58:53","guid":{"rendered":"https:\/\/ton.connectingminds.net\/product\/metauromobili-pinarello-mixed-ploeg-ronde-van-nederland-1984\/"},"modified":"2026-01-28T12:02:53","modified_gmt":"2026-01-28T11:02:53","slug":"gira-del-equipo-mixto-metauromobili-pinarello-por-los-paises-bajos-en-1984","status":"publish","type":"product","link":"https:\/\/mail.ton.connectingminds.net\/es\/retro-wielershirt\/metauromobili-pinarello-mixed-ploeg-ronde-van-nederland-1984\/","title":{"rendered":"CAMISETA CICLISMO METAUROMOBILI (b)-PINARELLO EQUIPO MIXTO VUELTA A HOLANDA 1984"},"content":{"rendered":"<p>En 1984, Frits Pirard y Johan van der Velde corrieron para el equipo italiano METAUROMOBILI TEAM.<\/p>\n<p>Este equipo no particip\u00f3 en el Tour de los Pa\u00edses Bajos, pero Pirard &amp; Van der Velde s\u00ed realizaron el Tour de los Pa\u00edses Bajos en un equipo llamado MIXTO con corredores holandeses de equipos extranjeros.<\/p>\n<p>Para conseguir una unidad de camisetas, estas camisetas se dise\u00f1aron con el nombre del equipo para el que corr\u00eda el ciclista. Buena idea, pero la UCI rechaz\u00f3 la camiseta, por lo que cada uno mont\u00f3 con la camiseta de su propio equipo.<\/p>","protected":false},"excerpt":{"rendered":"<p>In 1984 reden Frits Pirard en Johan van der Velde bij de italiaanse METAUROMOBILI PLOEG. Deze ploeg nam niet deel aan de Ronde van Nederland, maar Pirard &amp; Van der Velde reden de Ronde van Nederland wel in een zgn MIXED ploeg met Nederlandse renners uit buitenlandse ploegen. Om een eenheid van shirts te krijgen [&hellip;]<\/p>\n","protected":false},"featured_media":3144,"template":"","meta":[],"product_brand":[],"product_cat":[151],"product_tag":[],"class_list":{"0":"post-3145","1":"product","2":"type-product","3":"status-publish","4":"has-post-thumbnail","6":"product_cat-pro-team","8":"first","9":"outofstock","10":"taxable","11":"shipping-taxable","12":"purchasable","13":"product-type-variable"},"yoast_head":"<!-- This site is optimized with the Yoast SEO plugin v27.5 - https:\/\/yoast.com\/product\/yoast-seo-wordpress\/ -->\n<title>METAUROMOBILI (b)-PINARELLO MIXED PLOEG RONDE VAN NEDERLAND 1984  WIELERSHIRT - Ton Merckx Wielershirts - Rondreis door de wereld van wielershirts<\/title>\n<meta name=\"robots\" content=\"index, follow, max-snippet:-1, max-image-preview:large, max-video-preview:-1\" \/>\n<link rel=\"canonical\" href=\"https:\/\/mail.ton.connectingminds.net\/es\/maillot-ciclista-retro\/gira-del-equipo-mixto-metauromobili-pinarello-por-los-paises-bajos-en-1984\/\" \/>\n<meta property=\"og:locale\" content=\"es_ES\" \/>\n<meta property=\"og:type\" content=\"article\" \/>\n<meta property=\"og:title\" content=\"METAUROMOBILI (b)-PINARELLO MIXED PLOEG RONDE VAN NEDERLAND 1984  WIELERSHIRT - Ton Merckx Wielershirts - Rondreis door de wereld van wielershirts\" \/>\n<meta property=\"og:description\" content=\"In 1984 reden Frits Pirard en Johan van der Velde bij de italiaanse METAUROMOBILI PLOEG. Deze ploeg nam niet deel aan de Ronde van Nederland, maar Pirard &amp; Van der Velde reden de Ronde van Nederland wel in een zgn MIXED ploeg met Nederlandse renners uit buitenlandse ploegen. Om een eenheid van shirts te krijgen [&hellip;]\" \/>\n<meta property=\"og:url\" content=\"https:\/\/mail.ton.connectingminds.net\/es\/maillot-ciclista-retro\/gira-del-equipo-mixto-metauromobili-pinarello-por-los-paises-bajos-en-1984\/\" \/>\n<meta property=\"og:site_name\" content=\"Ton Merckx Wielershirts - Rondreis door de wereld van wielershirts\" \/>\n<meta property=\"article:modified_time\" content=\"2026-01-28T11:02:53+00:00\" \/>\n<meta property=\"og:image\" content=\"https:\/\/mail.ton.connectingminds.net\/wp-content\/uploads\/2023\/01\/SSA43658.jpg\" \/>\n\t<meta property=\"og:image:width\" content=\"1704\" \/>\n\t<meta property=\"og:image:height\" content=\"2272\" \/>\n\t<meta property=\"og:image:type\" content=\"image\/jpeg\" \/>\n<meta name=\"twitter:card\" content=\"summary_large_image\" \/>\n<meta name=\"twitter:label1\" content=\"Tiempo de lectura\" \/>\n\t<meta name=\"twitter:data1\" content=\"1 minuto\" \/>\n<script type=\"application\/ld+json\" class=\"yoast-schema-graph\">{\"@context\":\"https:\\\/\\\/schema.org\",\"@graph\":[{\"@type\":\"WebPage\",\"@id\":\"https:\\\/\\\/mail.ton.connectingminds.net\\\/pt\\\/camisa-de-ciclismo-retro\\\/metauromobili-pinarello-equipe-mista-turne-da-holanda-1984\\\/\",\"url\":\"https:\\\/\\\/mail.ton.connectingminds.net\\\/pt\\\/camisa-de-ciclismo-retro\\\/metauromobili-pinarello-equipe-mista-turne-da-holanda-1984\\\/\",\"name\":\"METAUROMOBILI (b)-PINARELLO MIXED PLOEG RONDE VAN NEDERLAND 1984 WIELERSHIRT - Ton Merckx Wielershirts - Rondreis door de wereld van wielershirts\",\"isPartOf\":{\"@id\":\"https:\\\/\\\/mail.cyclingoriginals.com\\\/es\\\/#website\"},\"primaryImageOfPage\":{\"@id\":\"https:\\\/\\\/mail.ton.connectingminds.net\\\/pt\\\/camisa-de-ciclismo-retro\\\/metauromobili-pinarello-equipe-mista-turne-da-holanda-1984\\\/#primaryimage\"},\"image\":{\"@id\":\"https:\\\/\\\/mail.ton.connectingminds.net\\\/pt\\\/camisa-de-ciclismo-retro\\\/metauromobili-pinarello-equipe-mista-turne-da-holanda-1984\\\/#primaryimage\"},\"thumbnailUrl\":\"https:\\\/\\\/mail.ton.connectingminds.net\\\/wp-content\\\/uploads\\\/2023\\\/01\\\/SSA43658.jpg\",\"datePublished\":\"2023-01-24T17:58:53+00:00\",\"dateModified\":\"2026-01-28T11:02:53+00:00\",\"breadcrumb\":{\"@id\":\"https:\\\/\\\/mail.ton.connectingminds.net\\\/pt\\\/camisa-de-ciclismo-retro\\\/metauromobili-pinarello-equipe-mista-turne-da-holanda-1984\\\/#breadcrumb\"},\"inLanguage\":\"es\",\"potentialAction\":[{\"@type\":\"ReadAction\",\"target\":[\"https:\\\/\\\/mail.ton.connectingminds.net\\\/pt\\\/camisa-de-ciclismo-retro\\\/metauromobili-pinarello-equipe-mista-turne-da-holanda-1984\\\/\"]}]},{\"@type\":\"ImageObject\",\"inLanguage\":\"es\",\"@id\":\"https:\\\/\\\/mail.ton.connectingminds.net\\\/pt\\\/camisa-de-ciclismo-retro\\\/metauromobili-pinarello-equipe-mista-turne-da-holanda-1984\\\/#primaryimage\",\"url\":\"https:\\\/\\\/mail.ton.connectingminds.net\\\/wp-content\\\/uploads\\\/2023\\\/01\\\/SSA43658.jpg\",\"contentUrl\":\"https:\\\/\\\/mail.ton.connectingminds.net\\\/wp-content\\\/uploads\\\/2023\\\/01\\\/SSA43658.jpg\",\"width\":1704,\"height\":2272},{\"@type\":\"BreadcrumbList\",\"@id\":\"https:\\\/\\\/mail.ton.connectingminds.net\\\/pt\\\/camisa-de-ciclismo-retro\\\/metauromobili-pinarello-equipe-mista-turne-da-holanda-1984\\\/#breadcrumb\",\"itemListElement\":[{\"@type\":\"ListItem\",\"position\":1,\"name\":\"Home\",\"item\":\"https:\\\/\\\/mail.cyclingoriginals.com\\\/es\\\/\"},{\"@type\":\"ListItem\",\"position\":2,\"name\":\"Retro wielershirts\",\"item\":\"https:\\\/\\\/mail.cyclingoriginals.com\\\/es\\\/camisetas-de-ciclismo-retro\\\/\"},{\"@type\":\"ListItem\",\"position\":3,\"name\":\"METAUROMOBILI (b)-PINARELLO MIXED PLOEG RONDE VAN NEDERLAND 1984 WIELERSHIRT\"}]},{\"@type\":\"WebSite\",\"@id\":\"https:\\\/\\\/mail.cyclingoriginals.com\\\/es\\\/#website\",\"url\":\"https:\\\/\\\/mail.cyclingoriginals.com\\\/es\\\/\",\"name\":\"Ton Merckx Wielershirts - Rondreis door de wereld van wielershirts\",\"description\":\"thousands of original cycling jerseys - order your replica!\",\"publisher\":{\"@id\":\"https:\\\/\\\/mail.cyclingoriginals.com\\\/es\\\/#organization\"},\"potentialAction\":[{\"@type\":\"SearchAction\",\"target\":{\"@type\":\"EntryPoint\",\"urlTemplate\":\"https:\\\/\\\/mail.cyclingoriginals.com\\\/es\\\/?s={search_term_string}\"},\"query-input\":{\"@type\":\"PropertyValueSpecification\",\"valueRequired\":true,\"valueName\":\"search_term_string\"}}],\"inLanguage\":\"es\"},{\"@type\":\"Organization\",\"@id\":\"https:\\\/\\\/mail.cyclingoriginals.com\\\/es\\\/#organization\",\"name\":\"Ton Merckx Wielershirts - Rondreis door de wereld van wielershirts\",\"url\":\"https:\\\/\\\/mail.cyclingoriginals.com\\\/es\\\/\",\"logo\":{\"@type\":\"ImageObject\",\"inLanguage\":\"es\",\"@id\":\"https:\\\/\\\/mail.cyclingoriginals.com\\\/es\\\/#\\\/schema\\\/logo\\\/image\\\/\",\"url\":\"https:\\\/\\\/mail.ton.connectingminds.net\\\/wp-content\\\/uploads\\\/2023\\\/03\\\/ton-merckx-logo.jpg\",\"contentUrl\":\"https:\\\/\\\/mail.ton.connectingminds.net\\\/wp-content\\\/uploads\\\/2023\\\/03\\\/ton-merckx-logo.jpg\",\"width\":391,\"height\":57,\"caption\":\"Ton Merckx Wielershirts - Rondreis door de wereld van wielershirts\"},\"image\":{\"@id\":\"https:\\\/\\\/mail.cyclingoriginals.com\\\/es\\\/#\\\/schema\\\/logo\\\/image\\\/\"}}]}<\/script>\n<!-- \/ Yoast SEO plugin. -->","yoast_head_json":{"title":"CAMISETA CICLISMO METAUROMOBILI (b)-PINARELLO EQUIPO MIXTO GIRA DE HOLANDA 1984 - Maillots ciclistas Ton Merckx - Un recorrido por el mundo del maillot ciclista","robots":{"index":"index","follow":"follow","max-snippet":"max-snippet:-1","max-image-preview":"max-image-preview:large","max-video-preview":"max-video-preview:-1"},"canonical":"https:\/\/mail.ton.connectingminds.net\/es\/maillot-ciclista-retro\/gira-del-equipo-mixto-metauromobili-pinarello-por-los-paises-bajos-en-1984\/","og_locale":"es_ES","og_type":"article","og_title":"METAUROMOBILI (b)-PINARELLO MIXED PLOEG RONDE VAN NEDERLAND 1984  WIELERSHIRT - Ton Merckx Wielershirts - Rondreis door de wereld van wielershirts","og_description":"In 1984 reden Frits Pirard en Johan van der Velde bij de italiaanse METAUROMOBILI PLOEG. Deze ploeg nam niet deel aan de Ronde van Nederland, maar Pirard &amp; Van der Velde reden de Ronde van Nederland wel in een zgn MIXED ploeg met Nederlandse renners uit buitenlandse ploegen. Om een eenheid van shirts te krijgen [&hellip;]","og_url":"https:\/\/mail.ton.connectingminds.net\/es\/maillot-ciclista-retro\/gira-del-equipo-mixto-metauromobili-pinarello-por-los-paises-bajos-en-1984\/","og_site_name":"Ton Merckx Wielershirts - Rondreis door de wereld van wielershirts","article_modified_time":"2026-01-28T11:02:53+00:00","og_image":[{"width":1704,"height":2272,"url":"https:\/\/mail.ton.connectingminds.net\/wp-content\/uploads\/2023\/01\/SSA43658.jpg","type":"image\/jpeg"}],"twitter_card":"summary_large_image","twitter_misc":{"Tiempo de lectura":"1 minuto"},"schema":{"@context":"https:\/\/schema.org","@graph":[{"@type":"WebPage","@id":"https:\/\/mail.ton.connectingminds.net\/pt\/camisa-de-ciclismo-retro\/metauromobili-pinarello-equipe-mista-turne-da-holanda-1984\/","url":"https:\/\/mail.ton.connectingminds.net\/pt\/camisa-de-ciclismo-retro\/metauromobili-pinarello-equipe-mista-turne-da-holanda-1984\/","name":"CAMISETA CICLISMO METAUROMOBILI (b)-PINARELLO EQUIPO MIXTO GIRA DE HOLANDA 1984 - Maillots ciclistas Ton Merckx - Un recorrido por el mundo del maillot ciclista","isPartOf":{"@id":"https:\/\/mail.cyclingoriginals.com\/es\/#website"},"primaryImageOfPage":{"@id":"https:\/\/mail.ton.connectingminds.net\/pt\/camisa-de-ciclismo-retro\/metauromobili-pinarello-equipe-mista-turne-da-holanda-1984\/#primaryimage"},"image":{"@id":"https:\/\/mail.ton.connectingminds.net\/pt\/camisa-de-ciclismo-retro\/metauromobili-pinarello-equipe-mista-turne-da-holanda-1984\/#primaryimage"},"thumbnailUrl":"https:\/\/mail.ton.connectingminds.net\/wp-content\/uploads\/2023\/01\/SSA43658.jpg","datePublished":"2023-01-24T17:58:53+00:00","dateModified":"2026-01-28T11:02:53+00:00","breadcrumb":{"@id":"https:\/\/mail.ton.connectingminds.net\/pt\/camisa-de-ciclismo-retro\/metauromobili-pinarello-equipe-mista-turne-da-holanda-1984\/#breadcrumb"},"inLanguage":"es","potentialAction":[{"@type":"ReadAction","target":["https:\/\/mail.ton.connectingminds.net\/pt\/camisa-de-ciclismo-retro\/metauromobili-pinarello-equipe-mista-turne-da-holanda-1984\/"]}]},{"@type":"ImageObject","inLanguage":"es","@id":"https:\/\/mail.ton.connectingminds.net\/pt\/camisa-de-ciclismo-retro\/metauromobili-pinarello-equipe-mista-turne-da-holanda-1984\/#primaryimage","url":"https:\/\/mail.ton.connectingminds.net\/wp-content\/uploads\/2023\/01\/SSA43658.jpg","contentUrl":"https:\/\/mail.ton.connectingminds.net\/wp-content\/uploads\/2023\/01\/SSA43658.jpg","width":1704,"height":2272},{"@type":"BreadcrumbList","@id":"https:\/\/mail.ton.connectingminds.net\/pt\/camisa-de-ciclismo-retro\/metauromobili-pinarello-equipe-mista-turne-da-holanda-1984\/#breadcrumb","itemListElement":[{"@type":"ListItem","position":1,"name":"Home","item":"https:\/\/mail.cyclingoriginals.com\/es\/"},{"@type":"ListItem","position":2,"name":"Retro wielershirts","item":"https:\/\/mail.cyclingoriginals.com\/es\/camisetas-de-ciclismo-retro\/"},{"@type":"ListItem","position":3,"name":"METAUROMOBILI (b)-PINARELLO MIXED PLOEG RONDE VAN NEDERLAND 1984 WIELERSHIRT"}]},{"@type":"WebSite","@id":"https:\/\/mail.cyclingoriginals.com\/es\/#website","url":"https:\/\/mail.cyclingoriginals.com\/es\/","name":"Camisetas ciclistas Ton Merckx - Recorrido por el mundo de las camisetas ciclistas","description":"miles de maillots ciclistas originales - \u00a1pide tu r\u00e9plica!","publisher":{"@id":"https:\/\/mail.cyclingoriginals.com\/es\/#organization"},"potentialAction":[{"@type":"SearchAction","target":{"@type":"EntryPoint","urlTemplate":"https:\/\/mail.cyclingoriginals.com\/es\/?s={search_term_string}"},"query-input":{"@type":"PropertyValueSpecification","valueRequired":true,"valueName":"search_term_string"}}],"inLanguage":"es"},{"@type":"Organization","@id":"https:\/\/mail.cyclingoriginals.com\/es\/#organization","name":"Camisetas ciclistas Ton Merckx - Recorrido por el mundo de las camisetas ciclistas","url":"https:\/\/mail.cyclingoriginals.com\/es\/","logo":{"@type":"ImageObject","inLanguage":"es","@id":"https:\/\/mail.cyclingoriginals.com\/es\/#\/schema\/logo\/image\/","url":"https:\/\/mail.ton.connectingminds.net\/wp-content\/uploads\/2023\/03\/ton-merckx-logo.jpg","contentUrl":"https:\/\/mail.ton.connectingminds.net\/wp-content\/uploads\/2023\/03\/ton-merckx-logo.jpg","width":391,"height":57,"caption":"Ton Merckx Wielershirts - Rondreis door de wereld van wielershirts"},"image":{"@id":"https:\/\/mail.cyclingoriginals.com\/es\/#\/schema\/logo\/image\/"}}]}},"_links":{"self":[{"href":"https:\/\/mail.ton.connectingminds.net\/es\/wp-json\/wp\/v2\/product\/3145","targetHints":{"allow":["GET"]}}],"collection":[{"href":"https:\/\/mail.ton.connectingminds.net\/es\/wp-json\/wp\/v2\/product"}],"about":[{"href":"https:\/\/mail.ton.connectingminds.net\/es\/wp-json\/wp\/v2\/types\/product"}],"wp:featuredmedia":[{"embeddable":true,"href":"https:\/\/mail.ton.connectingminds.net\/es\/wp-json\/wp\/v2\/media\/3144"}],"wp:attachment":[{"href":"https:\/\/mail.ton.connectingminds.net\/es\/wp-json\/wp\/v2\/media?parent=3145"}],"wp:term":[{"taxonomy":"product_brand","embeddable":true,"href":"https:\/\/mail.ton.connectingminds.net\/es\/wp-json\/wp\/v2\/product_brand?post=3145"},{"taxonomy":"product_cat","embeddable":true,"href":"https:\/\/mail.ton.connectingminds.net\/es\/wp-json\/wp\/v2\/product_cat?post=3145"},{"taxonomy":"product_tag","embeddable":true,"href":"https:\/\/mail.ton.connectingminds.net\/es\/wp-json\/wp\/v2\/product_tag?post=3145"}],"curies":[{"name":"gracias","href":"https:\/\/api.w.org\/{rel}","templated":true}]}}