{"id":3665,"date":"2023-01-24T18:05:08","date_gmt":"2023-01-24T18:05:08","guid":{"rendered":"https:\/\/ton.connectingminds.net\/product\/gazelle-campagnolo\/"},"modified":"2026-04-06T21:16:33","modified_gmt":"2026-04-06T19:16:33","slug":"gacela-campagnolo","status":"publish","type":"product","link":"https:\/\/mail.ton.connectingminds.net\/es\/retro-wielershirt\/gazelle-campagnolo\/","title":{"rendered":"CAMISETA CICLISMO GAZELLE (d)-CAMPAGNOLO 1978"},"content":{"rendered":"<p><strong>Gacela Campagnola<\/strong> Desde 1978 hab\u00eda un equipo ocasional formado por varios aficionados, algunos corredores junior e incluso damas. Se agregaron dos ventajas; Ren\u00e9 Pijnen (el especialista de los Seis D\u00edas) y Toine Van De Bunder, que consigui\u00f3 casi todas las victorias del Gazelle Campagnola en 1978.<\/p>\n<ul>\n<li>24-01-1978 NED Rotterdam, Seis d\u00edas: Ren\u00e9 Pijnen<\/li>\n<li>03-05-1978 BEL Maldegem: Toine Van De Bunder<\/li>\n<li>03\/12\/1978 BEL Deinze, Aficionados: Toine Van De Bunder<\/li>\n<li>18-03-1978 NED La Haya: Toine Van De Bunder<\/li>\n<li>25-03-1978 BEL Zelzate, Amateurs: Toine Van De Bunder<\/li>\n<li>26-03-1978 NED IJzendijke, Aficionados: Toine Van De Bunder<\/li>\n<li>04-01-1978 NED El infierno de Mergelland: Toine Van De Bunder<\/li>\n<li>15-04-1978 NED Filipinas: Toine Van De Bunder<\/li>\n<li>23-04-1978 Campeonato Provincial NED Zelanda: Toine Van De Bunder<\/li>\n<\/ul>\n<p><img fetchpriority=\"high\" decoding=\"async\" class=\"alignnone size-medium wp-image-29167\" src=\"https:\/\/mail.ton.connectingminds.net\/wp-content\/uploads\/2023\/01\/Toine-Van-De-Bunder-Gazelle-Campagnola-1978-195x300.jpeg\" alt=\"Gazelle-Campagonla 1978 - Toine Van De Bunder\" width=\"195\" height=\"300\" srcset=\"https:\/\/mail.ton.connectingminds.net\/wp-content\/uploads\/2023\/01\/Toine-Van-De-Bunder-Gazelle-Campagnola-1978-195x300.jpeg 195w, https:\/\/mail.ton.connectingminds.net\/wp-content\/uploads\/2023\/01\/Toine-Van-De-Bunder-Gazelle-Campagnola-1978-8x12.jpeg 8w, https:\/\/mail.ton.connectingminds.net\/wp-content\/uploads\/2023\/01\/Toine-Van-De-Bunder-Gazelle-Campagnola-1978.jpeg 450w\" sizes=\"(max-width: 195px) 100vw, 195px\" \/><\/p>\n<p>&nbsp;<\/p>","protected":false},"excerpt":{"rendered":"<p>Gazelle-Campagnola uit 1978 was een gelegenheidsteam bestaande uit een aantal amateurs, een paar junior renners en zelfs dames. Er werden twee profs aan toegevoegd; Ren\u00e9 Pijnen (de Zesdaagse specialist) en Toine Van De Bunder die in 1978 vrijwel alle overwinningen voor Gazelle Campagnola op zijn naam zette. 24-01-1978 NED Rotterdam, Zesdaagse : Ren\u00e9 Pijnen 05-03-1978 [&hellip;]<\/p>\n","protected":false},"featured_media":3664,"template":"","meta":[],"product_brand":[],"product_cat":[151],"product_tag":[],"class_list":{"0":"post-3665","1":"product","2":"type-product","3":"status-publish","4":"has-post-thumbnail","6":"product_cat-pro-team","8":"first","9":"onbackorder","10":"taxable","11":"shipping-taxable","12":"purchasable","13":"product-type-variable"},"yoast_head":"<!-- This site is optimized with the Yoast SEO plugin v27.4 - https:\/\/yoast.com\/product\/yoast-seo-wordpress\/ -->\n<title>GAZELLE (d)-CAMPAGNOLO  1978  WIELERSHIRT - Ton Merckx Wielershirts - Rondreis door de wereld van wielershirts<\/title>\n<meta name=\"description\" content=\"Retro wielershirt Gazelle-Campagnola 1978. Gazelle-Campagnola was een gelegenheidsteam bestaande uit een aantal amateurs, junior renners en zelfs dames en 2 profs; Ren\u00e9 Pijnen en Toine Van De Bunder.\" \/>\n<meta name=\"robots\" content=\"index, follow, max-snippet:-1, max-image-preview:large, max-video-preview:-1\" \/>\n<link rel=\"canonical\" href=\"https:\/\/mail.ton.connectingminds.net\/es\/maillot-ciclista-retro\/gacela-campagnolo\/\" \/>\n<meta property=\"og:locale\" content=\"es_ES\" \/>\n<meta property=\"og:type\" content=\"article\" \/>\n<meta property=\"og:title\" content=\"GAZELLE (d)-CAMPAGNOLO  1978  WIELERSHIRT - Ton Merckx Wielershirts - Rondreis door de wereld van wielershirts\" \/>\n<meta property=\"og:description\" content=\"Retro wielershirt Gazelle-Campagnola 1978. Gazelle-Campagnola was een gelegenheidsteam bestaande uit een aantal amateurs, junior renners en zelfs dames en 2 profs; Ren\u00e9 Pijnen en Toine Van De Bunder.\" \/>\n<meta property=\"og:url\" content=\"https:\/\/mail.ton.connectingminds.net\/es\/maillot-ciclista-retro\/gacela-campagnolo\/\" \/>\n<meta property=\"og:site_name\" content=\"Ton Merckx Wielershirts - Rondreis door de wereld van wielershirts\" \/>\n<meta property=\"article:modified_time\" content=\"2026-04-06T19:16:33+00:00\" \/>\n<meta property=\"og:image\" content=\"https:\/\/mail.ton.connectingminds.net\/wp-content\/uploads\/2023\/01\/SSA42604.jpg\" \/>\n\t<meta property=\"og:image:width\" content=\"1704\" \/>\n\t<meta property=\"og:image:height\" content=\"2272\" \/>\n\t<meta property=\"og:image:type\" content=\"image\/jpeg\" \/>\n<meta name=\"twitter:card\" content=\"summary_large_image\" \/>\n<meta name=\"twitter:label1\" content=\"Tiempo de lectura\" \/>\n\t<meta name=\"twitter:data1\" content=\"1 minuto\" \/>\n<script type=\"application\/ld+json\" class=\"yoast-schema-graph\">{\"@context\":\"https:\\\/\\\/schema.org\",\"@graph\":[{\"@type\":\"WebPage\",\"@id\":\"https:\\\/\\\/mail.ton.connectingminds.net\\\/it\\\/maglia-da-ciclismo-retro\\\/gazzella-campagnolo\\\/\",\"url\":\"https:\\\/\\\/mail.ton.connectingminds.net\\\/it\\\/maglia-da-ciclismo-retro\\\/gazzella-campagnolo\\\/\",\"name\":\"GAZELLE (d)-CAMPAGNOLO 1978 WIELERSHIRT - Ton Merckx Wielershirts - Rondreis door de wereld van wielershirts\",\"isPartOf\":{\"@id\":\"https:\\\/\\\/mail.ton-merckx-wielershirts.nl\\\/#website\"},\"primaryImageOfPage\":{\"@id\":\"https:\\\/\\\/mail.ton.connectingminds.net\\\/it\\\/maglia-da-ciclismo-retro\\\/gazzella-campagnolo\\\/#primaryimage\"},\"image\":{\"@id\":\"https:\\\/\\\/mail.ton.connectingminds.net\\\/it\\\/maglia-da-ciclismo-retro\\\/gazzella-campagnolo\\\/#primaryimage\"},\"thumbnailUrl\":\"https:\\\/\\\/mail.ton.connectingminds.net\\\/wp-content\\\/uploads\\\/2023\\\/01\\\/SSA42604.jpg\",\"datePublished\":\"2023-01-24T18:05:08+00:00\",\"dateModified\":\"2026-04-06T19:16:33+00:00\",\"description\":\"Retro wielershirt Gazelle-Campagnola 1978. Gazelle-Campagnola was een gelegenheidsteam bestaande uit een aantal amateurs, junior renners en zelfs dames en 2 profs; Ren\u00e9 Pijnen en Toine Van De Bunder.\",\"breadcrumb\":{\"@id\":\"https:\\\/\\\/mail.ton.connectingminds.net\\\/it\\\/maglia-da-ciclismo-retro\\\/gazzella-campagnolo\\\/#breadcrumb\"},\"inLanguage\":\"es\",\"potentialAction\":[{\"@type\":\"ReadAction\",\"target\":[\"https:\\\/\\\/mail.ton.connectingminds.net\\\/it\\\/maglia-da-ciclismo-retro\\\/gazzella-campagnolo\\\/\"]}]},{\"@type\":\"ImageObject\",\"inLanguage\":\"es\",\"@id\":\"https:\\\/\\\/mail.ton.connectingminds.net\\\/it\\\/maglia-da-ciclismo-retro\\\/gazzella-campagnolo\\\/#primaryimage\",\"url\":\"https:\\\/\\\/mail.ton.connectingminds.net\\\/wp-content\\\/uploads\\\/2023\\\/01\\\/SSA42604.jpg\",\"contentUrl\":\"https:\\\/\\\/mail.ton.connectingminds.net\\\/wp-content\\\/uploads\\\/2023\\\/01\\\/SSA42604.jpg\",\"width\":1704,\"height\":2272},{\"@type\":\"BreadcrumbList\",\"@id\":\"https:\\\/\\\/mail.ton.connectingminds.net\\\/it\\\/maglia-da-ciclismo-retro\\\/gazzella-campagnolo\\\/#breadcrumb\",\"itemListElement\":[{\"@type\":\"ListItem\",\"position\":1,\"name\":\"Home\",\"item\":\"https:\\\/\\\/mail.ton-merckx-wielershirts.nl\\\/\"},{\"@type\":\"ListItem\",\"position\":2,\"name\":\"Retro wielershirts\",\"item\":\"https:\\\/\\\/mail.cyclingoriginals.com\\\/it\\\/maglie-da-ciclismo-retro\\\/\"},{\"@type\":\"ListItem\",\"position\":3,\"name\":\"GAZELLE (d)-CAMPAGNOLO 1978 WIELERSHIRT\"}]},{\"@type\":\"WebSite\",\"@id\":\"https:\\\/\\\/mail.ton-merckx-wielershirts.nl\\\/#website\",\"url\":\"https:\\\/\\\/mail.ton-merckx-wielershirts.nl\\\/\",\"name\":\"Ton Merckx Wielershirts - Rondreis door de wereld van wielershirts\",\"description\":\"thousands of original cycling jerseys - order your replica!\",\"publisher\":{\"@id\":\"https:\\\/\\\/mail.ton-merckx-wielershirts.nl\\\/#organization\"},\"potentialAction\":[{\"@type\":\"SearchAction\",\"target\":{\"@type\":\"EntryPoint\",\"urlTemplate\":\"https:\\\/\\\/mail.ton-merckx-wielershirts.nl\\\/?s={search_term_string}\"},\"query-input\":{\"@type\":\"PropertyValueSpecification\",\"valueRequired\":true,\"valueName\":\"search_term_string\"}}],\"inLanguage\":\"es\"},{\"@type\":\"Organization\",\"@id\":\"https:\\\/\\\/mail.ton-merckx-wielershirts.nl\\\/#organization\",\"name\":\"Ton Merckx Wielershirts - Rondreis door de wereld van wielershirts\",\"url\":\"https:\\\/\\\/mail.ton-merckx-wielershirts.nl\\\/\",\"logo\":{\"@type\":\"ImageObject\",\"inLanguage\":\"es\",\"@id\":\"https:\\\/\\\/mail.ton-merckx-wielershirts.nl\\\/#\\\/schema\\\/logo\\\/image\\\/\",\"url\":\"https:\\\/\\\/mail.ton.connectingminds.net\\\/wp-content\\\/uploads\\\/2023\\\/03\\\/ton-merckx-logo.jpg\",\"contentUrl\":\"https:\\\/\\\/mail.ton.connectingminds.net\\\/wp-content\\\/uploads\\\/2023\\\/03\\\/ton-merckx-logo.jpg\",\"width\":391,\"height\":57,\"caption\":\"Ton Merckx Wielershirts - Rondreis door de wereld van wielershirts\"},\"image\":{\"@id\":\"https:\\\/\\\/mail.ton-merckx-wielershirts.nl\\\/#\\\/schema\\\/logo\\\/image\\\/\"}}]}<\/script>\n<!-- \/ Yoast SEO plugin. -->","yoast_head_json":{"title":"CAMISETA CICLISMO GAZELLE (d)-CAMPAGNOLO 1978 - Maillots ciclistas Ton Merckx - Tour por el mundo del maillot ciclista","description":"Camiseta ciclista retro Gazelle-Campagnola 1978. Gazelle-Campagnola era un equipo ocasional formado por varios aficionados, ciclistas junior e incluso damas y 2 profesionales; Ren\u00e9 Pijnen y Toine Van De Bunder.","robots":{"index":"index","follow":"follow","max-snippet":"max-snippet:-1","max-image-preview":"max-image-preview:large","max-video-preview":"max-video-preview:-1"},"canonical":"https:\/\/mail.ton.connectingminds.net\/es\/maillot-ciclista-retro\/gacela-campagnolo\/","og_locale":"es_ES","og_type":"article","og_title":"GAZELLE (d)-CAMPAGNOLO  1978  WIELERSHIRT - Ton Merckx Wielershirts - Rondreis door de wereld van wielershirts","og_description":"Retro wielershirt Gazelle-Campagnola 1978. Gazelle-Campagnola was een gelegenheidsteam bestaande uit een aantal amateurs, junior renners en zelfs dames en 2 profs; Ren\u00e9 Pijnen en Toine Van De Bunder.","og_url":"https:\/\/mail.ton.connectingminds.net\/es\/maillot-ciclista-retro\/gacela-campagnolo\/","og_site_name":"Ton Merckx Wielershirts - Rondreis door de wereld van wielershirts","article_modified_time":"2026-04-06T19:16:33+00:00","og_image":[{"width":1704,"height":2272,"url":"https:\/\/mail.ton.connectingminds.net\/wp-content\/uploads\/2023\/01\/SSA42604.jpg","type":"image\/jpeg"}],"twitter_card":"summary_large_image","twitter_misc":{"Tiempo de lectura":"1 minuto"},"schema":{"@context":"https:\/\/schema.org","@graph":[{"@type":"WebPage","@id":"https:\/\/mail.ton.connectingminds.net\/it\/maglia-da-ciclismo-retro\/gazzella-campagnolo\/","url":"https:\/\/mail.ton.connectingminds.net\/it\/maglia-da-ciclismo-retro\/gazzella-campagnolo\/","name":"CAMISETA CICLISMO GAZELLE (d)-CAMPAGNOLO 1978 - Maillots ciclistas Ton Merckx - Tour por el mundo de los maillots ciclistas","isPartOf":{"@id":"https:\/\/mail.ton-merckx-wielershirts.nl\/#website"},"primaryImageOfPage":{"@id":"https:\/\/mail.ton.connectingminds.net\/it\/maglia-da-ciclismo-retro\/gazzella-campagnolo\/#primaryimage"},"image":{"@id":"https:\/\/mail.ton.connectingminds.net\/it\/maglia-da-ciclismo-retro\/gazzella-campagnolo\/#primaryimage"},"thumbnailUrl":"https:\/\/mail.ton.connectingminds.net\/wp-content\/uploads\/2023\/01\/SSA42604.jpg","datePublished":"2023-01-24T18:05:08+00:00","dateModified":"2026-04-06T19:16:33+00:00","description":"Camiseta ciclista retro Gazelle-Campagnola 1978. Gazelle-Campagnola era un equipo ocasional formado por varios aficionados, ciclistas junior e incluso damas y 2 profesionales; Ren\u00e9 Pijnen y Toine Van De Bunder.","breadcrumb":{"@id":"https:\/\/mail.ton.connectingminds.net\/it\/maglia-da-ciclismo-retro\/gazzella-campagnolo\/#breadcrumb"},"inLanguage":"es","potentialAction":[{"@type":"ReadAction","target":["https:\/\/mail.ton.connectingminds.net\/it\/maglia-da-ciclismo-retro\/gazzella-campagnolo\/"]}]},{"@type":"ImageObject","inLanguage":"es","@id":"https:\/\/mail.ton.connectingminds.net\/it\/maglia-da-ciclismo-retro\/gazzella-campagnolo\/#primaryimage","url":"https:\/\/mail.ton.connectingminds.net\/wp-content\/uploads\/2023\/01\/SSA42604.jpg","contentUrl":"https:\/\/mail.ton.connectingminds.net\/wp-content\/uploads\/2023\/01\/SSA42604.jpg","width":1704,"height":2272},{"@type":"BreadcrumbList","@id":"https:\/\/mail.ton.connectingminds.net\/it\/maglia-da-ciclismo-retro\/gazzella-campagnolo\/#breadcrumb","itemListElement":[{"@type":"ListItem","position":1,"name":"Home","item":"https:\/\/mail.ton-merckx-wielershirts.nl\/"},{"@type":"ListItem","position":2,"name":"Retro wielershirts","item":"https:\/\/mail.cyclingoriginals.com\/it\/maglie-da-ciclismo-retro\/"},{"@type":"ListItem","position":3,"name":"GAZELLE (d)-CAMPAGNOLO 1978 WIELERSHIRT"}]},{"@type":"WebSite","@id":"https:\/\/mail.ton-merckx-wielershirts.nl\/#website","url":"https:\/\/mail.ton-merckx-wielershirts.nl\/","name":"Camisetas ciclistas Ton Merckx - Recorrido por el mundo de las camisetas ciclistas","description":"miles de maillots ciclistas originales - \u00a1pide tu r\u00e9plica!","publisher":{"@id":"https:\/\/mail.ton-merckx-wielershirts.nl\/#organization"},"potentialAction":[{"@type":"SearchAction","target":{"@type":"EntryPoint","urlTemplate":"https:\/\/mail.ton-merckx-wielershirts.nl\/?s={search_term_string}"},"query-input":{"@type":"PropertyValueSpecification","valueRequired":true,"valueName":"search_term_string"}}],"inLanguage":"es"},{"@type":"Organization","@id":"https:\/\/mail.ton-merckx-wielershirts.nl\/#organization","name":"Camisetas ciclistas Ton Merckx - Recorrido por el mundo de las camisetas ciclistas","url":"https:\/\/mail.ton-merckx-wielershirts.nl\/","logo":{"@type":"ImageObject","inLanguage":"es","@id":"https:\/\/mail.ton-merckx-wielershirts.nl\/#\/schema\/logo\/image\/","url":"https:\/\/mail.ton.connectingminds.net\/wp-content\/uploads\/2023\/03\/ton-merckx-logo.jpg","contentUrl":"https:\/\/mail.ton.connectingminds.net\/wp-content\/uploads\/2023\/03\/ton-merckx-logo.jpg","width":391,"height":57,"caption":"Ton Merckx Wielershirts - Rondreis door de wereld van wielershirts"},"image":{"@id":"https:\/\/mail.ton-merckx-wielershirts.nl\/#\/schema\/logo\/image\/"}}]}},"_links":{"self":[{"href":"https:\/\/mail.ton.connectingminds.net\/es\/wp-json\/wp\/v2\/product\/3665","targetHints":{"allow":["GET"]}}],"collection":[{"href":"https:\/\/mail.ton.connectingminds.net\/es\/wp-json\/wp\/v2\/product"}],"about":[{"href":"https:\/\/mail.ton.connectingminds.net\/es\/wp-json\/wp\/v2\/types\/product"}],"wp:featuredmedia":[{"embeddable":true,"href":"https:\/\/mail.ton.connectingminds.net\/es\/wp-json\/wp\/v2\/media\/3664"}],"wp:attachment":[{"href":"https:\/\/mail.ton.connectingminds.net\/es\/wp-json\/wp\/v2\/media?parent=3665"}],"wp:term":[{"taxonomy":"product_brand","embeddable":true,"href":"https:\/\/mail.ton.connectingminds.net\/es\/wp-json\/wp\/v2\/product_brand?post=3665"},{"taxonomy":"product_cat","embeddable":true,"href":"https:\/\/mail.ton.connectingminds.net\/es\/wp-json\/wp\/v2\/product_cat?post=3665"},{"taxonomy":"product_tag","embeddable":true,"href":"https:\/\/mail.ton.connectingminds.net\/es\/wp-json\/wp\/v2\/product_tag?post=3665"}],"curies":[{"name":"gracias","href":"https:\/\/api.w.org\/{rel}","templated":true}]}}