{"id":3697,"date":"2023-01-24T18:05:27","date_gmt":"2023-01-24T18:05:27","guid":{"rendered":"https:\/\/ton.connectingminds.net\/product\/homburg-ronde-van-nederland\/"},"modified":"2026-01-28T12:02:20","modified_gmt":"2026-01-28T11:02:20","slug":"recorrido-por-los-paises-bajos-desde-homburg","status":"publish","type":"product","link":"https:\/\/mail.ton.connectingminds.net\/es\/retro-wielershirt\/homburg-ronde-van-nederland\/","title":{"rendered":"CAMISETA CICLISMO HOMBURG (a) GIRA DE HOLANDA 1965"},"content":{"rendered":"<p>HOMBURG de Cuijk, Brabante Septentrional, era un fabricante de productos c\u00e1rnicos.<\/p>\n<p>En los a\u00f1os 60, HOMBURG patrocin\u00f3 un equipo amateur con corredores procedentes principalmente de Brabante Nordeste.<\/p>\n<p>En 1965, HOMBURG tambi\u00e9n patrocin\u00f3 un equipo con 7 corredores en el Tour Profesional de los Pa\u00edses Bajos. Hab\u00eda varios equipos ocasionales en este Tour Profesional de los Pa\u00edses Bajos para conseguir que comenzaran el mayor n\u00famero posible de corredores holandeses.<\/p>\n<p>Por ejemplo, el equipo TELEVIZIER ten\u00eda 16 corredores bajo contrato, de los cuales solo a 7 se les permiti\u00f3 correr para TELEVIZIER en el Tour Profesional de Holanda, por lo que era posible que 7 corredores de TELEVIZIER corrieran con el equipo HOMBURG en el Tour Profesional de Holanda. en 1965: Henk Cornelisse, Piet Damen, Huub Harings, Henk Nijdam, Jacques van der Klundert, Cees van Espen y Rik Wouters.<\/p>\n<p>Henk Cornelisse gan\u00f3 la clasificaci\u00f3n por puntos ese a\u00f1o.<\/p>","protected":false},"excerpt":{"rendered":"<p>HOMBURG uit het Noord-Brabantse Cuijk was een producent van vleesproducten. In de jaren 60 sponsorde HOMBURG een amateurploeg met renners die voornamelijk uit Noord-Oost Brabant kwamen. In 1965 was HOMBURG ook sponsor van een ploeg ,met 7 renners in de Profronde van Nederland, er waren in deze Profronde van Nederland meerdere gelegenheidsploegen om zo zoveel [&hellip;]<\/p>\n","protected":false},"featured_media":3696,"template":"","meta":[],"product_brand":[],"product_cat":[151],"product_tag":[],"class_list":{"0":"post-3697","1":"product","2":"type-product","3":"status-publish","4":"has-post-thumbnail","6":"product_cat-pro-team","8":"first","9":"onbackorder","10":"taxable","11":"shipping-taxable","12":"purchasable","13":"product-type-variable"},"yoast_head":"<!-- This site is optimized with the Yoast SEO plugin v27.4 - https:\/\/yoast.com\/product\/yoast-seo-wordpress\/ -->\n<title>HOMBURG (a)  1965  RONDE VAN NEDERLAND   WIELERSHIRT - Ton Merckx Wielershirts - Rondreis door de wereld van wielershirts<\/title>\n<meta name=\"robots\" content=\"index, follow, max-snippet:-1, max-image-preview:large, max-video-preview:-1\" \/>\n<link rel=\"canonical\" href=\"https:\/\/mail.ton.connectingminds.net\/es\/maillot-ciclista-retro\/recorrido-por-los-paises-bajos-desde-homburg\/\" \/>\n<meta property=\"og:locale\" content=\"es_ES\" \/>\n<meta property=\"og:type\" content=\"article\" \/>\n<meta property=\"og:title\" content=\"HOMBURG (a)  1965  RONDE VAN NEDERLAND   WIELERSHIRT - Ton Merckx Wielershirts - Rondreis door de wereld van wielershirts\" \/>\n<meta property=\"og:description\" content=\"HOMBURG uit het Noord-Brabantse Cuijk was een producent van vleesproducten. In de jaren 60 sponsorde HOMBURG een amateurploeg met renners die voornamelijk uit Noord-Oost Brabant kwamen. In 1965 was HOMBURG ook sponsor van een ploeg ,met 7 renners in de Profronde van Nederland, er waren in deze Profronde van Nederland meerdere gelegenheidsploegen om zo zoveel [&hellip;]\" \/>\n<meta property=\"og:url\" content=\"https:\/\/mail.ton.connectingminds.net\/es\/maillot-ciclista-retro\/recorrido-por-los-paises-bajos-desde-homburg\/\" \/>\n<meta property=\"og:site_name\" content=\"Ton Merckx Wielershirts - Rondreis door de wereld van wielershirts\" \/>\n<meta property=\"article:modified_time\" content=\"2026-01-28T11:02:20+00:00\" \/>\n<meta property=\"og:image\" content=\"https:\/\/mail.ton.connectingminds.net\/wp-content\/uploads\/2023\/01\/SSA45239-rotated.jpg\" \/>\n\t<meta property=\"og:image:width\" content=\"1704\" \/>\n\t<meta property=\"og:image:height\" content=\"2272\" \/>\n\t<meta property=\"og:image:type\" content=\"image\/jpeg\" \/>\n<meta name=\"twitter:card\" content=\"summary_large_image\" \/>\n<meta name=\"twitter:label1\" content=\"Tiempo de lectura\" \/>\n\t<meta name=\"twitter:data1\" content=\"1 minuto\" \/>\n<script type=\"application\/ld+json\" class=\"yoast-schema-graph\">{\"@context\":\"https:\\\/\\\/schema.org\",\"@graph\":[{\"@type\":\"WebPage\",\"@id\":\"https:\\\/\\\/mail.ton.connectingminds.net\\\/ja\\\/%e3%83%ac%e3%83%88%e3%83%ad%e3%81%aa%e3%82%b5%e3%82%a4%e3%82%af%e3%83%aa%e3%83%b3%e3%82%b0%e3%82%b8%e3%83%a3%e3%83%bc%e3%82%b8\\\/%e3%83%9b%e3%83%b3%e3%83%96%e3%83%ab%e3%82%af%e3%83%bb%e3%82%aa%e3%83%a9%e3%83%b3%e3%83%80%e3%83%84%e3%82%a2%e3%83%bc\\\/\",\"url\":\"https:\\\/\\\/mail.ton.connectingminds.net\\\/ja\\\/%e3%83%ac%e3%83%88%e3%83%ad%e3%81%aa%e3%82%b5%e3%82%a4%e3%82%af%e3%83%aa%e3%83%b3%e3%82%b0%e3%82%b8%e3%83%a3%e3%83%bc%e3%82%b8\\\/%e3%83%9b%e3%83%b3%e3%83%96%e3%83%ab%e3%82%af%e3%83%bb%e3%82%aa%e3%83%a9%e3%83%b3%e3%83%80%e3%83%84%e3%82%a2%e3%83%bc\\\/\",\"name\":\"HOMBURG (a) 1965 RONDE VAN NEDERLAND WIELERSHIRT - Ton Merckx Wielershirts - Rondreis door de wereld van wielershirts\",\"isPartOf\":{\"@id\":\"https:\\\/\\\/tonmerckxwielershirts.nl\\\/de\\\/#website\"},\"primaryImageOfPage\":{\"@id\":\"https:\\\/\\\/mail.ton.connectingminds.net\\\/ja\\\/%e3%83%ac%e3%83%88%e3%83%ad%e3%81%aa%e3%82%b5%e3%82%a4%e3%82%af%e3%83%aa%e3%83%b3%e3%82%b0%e3%82%b8%e3%83%a3%e3%83%bc%e3%82%b8\\\/%e3%83%9b%e3%83%b3%e3%83%96%e3%83%ab%e3%82%af%e3%83%bb%e3%82%aa%e3%83%a9%e3%83%b3%e3%83%80%e3%83%84%e3%82%a2%e3%83%bc\\\/#primaryimage\"},\"image\":{\"@id\":\"https:\\\/\\\/mail.ton.connectingminds.net\\\/ja\\\/%e3%83%ac%e3%83%88%e3%83%ad%e3%81%aa%e3%82%b5%e3%82%a4%e3%82%af%e3%83%aa%e3%83%b3%e3%82%b0%e3%82%b8%e3%83%a3%e3%83%bc%e3%82%b8\\\/%e3%83%9b%e3%83%b3%e3%83%96%e3%83%ab%e3%82%af%e3%83%bb%e3%82%aa%e3%83%a9%e3%83%b3%e3%83%80%e3%83%84%e3%82%a2%e3%83%bc\\\/#primaryimage\"},\"thumbnailUrl\":\"https:\\\/\\\/mail.ton.connectingminds.net\\\/wp-content\\\/uploads\\\/2023\\\/01\\\/SSA45239-rotated.jpg\",\"datePublished\":\"2023-01-24T18:05:27+00:00\",\"dateModified\":\"2026-01-28T11:02:20+00:00\",\"breadcrumb\":{\"@id\":\"https:\\\/\\\/mail.ton.connectingminds.net\\\/ja\\\/%e3%83%ac%e3%83%88%e3%83%ad%e3%81%aa%e3%82%b5%e3%82%a4%e3%82%af%e3%83%aa%e3%83%b3%e3%82%b0%e3%82%b8%e3%83%a3%e3%83%bc%e3%82%b8\\\/%e3%83%9b%e3%83%b3%e3%83%96%e3%83%ab%e3%82%af%e3%83%bb%e3%82%aa%e3%83%a9%e3%83%b3%e3%83%80%e3%83%84%e3%82%a2%e3%83%bc\\\/#breadcrumb\"},\"inLanguage\":\"es\",\"potentialAction\":[{\"@type\":\"ReadAction\",\"target\":[\"https:\\\/\\\/mail.ton.connectingminds.net\\\/ja\\\/%e3%83%ac%e3%83%88%e3%83%ad%e3%81%aa%e3%82%b5%e3%82%a4%e3%82%af%e3%83%aa%e3%83%b3%e3%82%b0%e3%82%b8%e3%83%a3%e3%83%bc%e3%82%b8\\\/%e3%83%9b%e3%83%b3%e3%83%96%e3%83%ab%e3%82%af%e3%83%bb%e3%82%aa%e3%83%a9%e3%83%b3%e3%83%80%e3%83%84%e3%82%a2%e3%83%bc\\\/\"]}]},{\"@type\":\"ImageObject\",\"inLanguage\":\"es\",\"@id\":\"https:\\\/\\\/mail.ton.connectingminds.net\\\/ja\\\/%e3%83%ac%e3%83%88%e3%83%ad%e3%81%aa%e3%82%b5%e3%82%a4%e3%82%af%e3%83%aa%e3%83%b3%e3%82%b0%e3%82%b8%e3%83%a3%e3%83%bc%e3%82%b8\\\/%e3%83%9b%e3%83%b3%e3%83%96%e3%83%ab%e3%82%af%e3%83%bb%e3%82%aa%e3%83%a9%e3%83%b3%e3%83%80%e3%83%84%e3%82%a2%e3%83%bc\\\/#primaryimage\",\"url\":\"https:\\\/\\\/mail.ton.connectingminds.net\\\/wp-content\\\/uploads\\\/2023\\\/01\\\/SSA45239-rotated.jpg\",\"contentUrl\":\"https:\\\/\\\/mail.ton.connectingminds.net\\\/wp-content\\\/uploads\\\/2023\\\/01\\\/SSA45239-rotated.jpg\",\"width\":1704,\"height\":2272},{\"@type\":\"BreadcrumbList\",\"@id\":\"https:\\\/\\\/mail.ton.connectingminds.net\\\/ja\\\/%e3%83%ac%e3%83%88%e3%83%ad%e3%81%aa%e3%82%b5%e3%82%a4%e3%82%af%e3%83%aa%e3%83%b3%e3%82%b0%e3%82%b8%e3%83%a3%e3%83%bc%e3%82%b8\\\/%e3%83%9b%e3%83%b3%e3%83%96%e3%83%ab%e3%82%af%e3%83%bb%e3%82%aa%e3%83%a9%e3%83%b3%e3%83%80%e3%83%84%e3%82%a2%e3%83%bc\\\/#breadcrumb\",\"itemListElement\":[{\"@type\":\"ListItem\",\"position\":1,\"name\":\"Home\",\"item\":\"https:\\\/\\\/tonmerckxwielershirts.nl\\\/de\\\/\"},{\"@type\":\"ListItem\",\"position\":2,\"name\":\"Retro wielershirts\",\"item\":\"https:\\\/\\\/tonmerckxwielershirts.nl\\\/de\\\/retro-radtrikots\\\/\"},{\"@type\":\"ListItem\",\"position\":3,\"name\":\"HOMBURG (a) 1965 RONDE VAN NEDERLAND WIELERSHIRT\"}]},{\"@type\":\"WebSite\",\"@id\":\"https:\\\/\\\/tonmerckxwielershirts.nl\\\/de\\\/#website\",\"url\":\"https:\\\/\\\/tonmerckxwielershirts.nl\\\/de\\\/\",\"name\":\"Ton Merckx Wielershirts - Rondreis door de wereld van wielershirts\",\"description\":\"thousands of original cycling jerseys - order your replica!\",\"publisher\":{\"@id\":\"https:\\\/\\\/tonmerckxwielershirts.nl\\\/de\\\/#organization\"},\"potentialAction\":[{\"@type\":\"SearchAction\",\"target\":{\"@type\":\"EntryPoint\",\"urlTemplate\":\"https:\\\/\\\/tonmerckxwielershirts.nl\\\/de\\\/?s={search_term_string}\"},\"query-input\":{\"@type\":\"PropertyValueSpecification\",\"valueRequired\":true,\"valueName\":\"search_term_string\"}}],\"inLanguage\":\"es\"},{\"@type\":\"Organization\",\"@id\":\"https:\\\/\\\/tonmerckxwielershirts.nl\\\/de\\\/#organization\",\"name\":\"Ton Merckx Wielershirts - Rondreis door de wereld van wielershirts\",\"url\":\"https:\\\/\\\/tonmerckxwielershirts.nl\\\/de\\\/\",\"logo\":{\"@type\":\"ImageObject\",\"inLanguage\":\"es\",\"@id\":\"https:\\\/\\\/tonmerckxwielershirts.nl\\\/de\\\/#\\\/schema\\\/logo\\\/image\\\/\",\"url\":\"https:\\\/\\\/mail.ton.connectingminds.net\\\/wp-content\\\/uploads\\\/2023\\\/03\\\/ton-merckx-logo.jpg\",\"contentUrl\":\"https:\\\/\\\/mail.ton.connectingminds.net\\\/wp-content\\\/uploads\\\/2023\\\/03\\\/ton-merckx-logo.jpg\",\"width\":391,\"height\":57,\"caption\":\"Ton Merckx Wielershirts - Rondreis door de wereld van wielershirts\"},\"image\":{\"@id\":\"https:\\\/\\\/tonmerckxwielershirts.nl\\\/de\\\/#\\\/schema\\\/logo\\\/image\\\/\"}}]}<\/script>\n<!-- \/ Yoast SEO plugin. -->","yoast_head_json":{"title":"CAMISETA CICLISMO GIRA DE HOLANDA HOMBURGO (a) 1965 - Maillots ciclistas Ton Merckx - Tour por el mundo del maillot ciclista","robots":{"index":"index","follow":"follow","max-snippet":"max-snippet:-1","max-image-preview":"max-image-preview:large","max-video-preview":"max-video-preview:-1"},"canonical":"https:\/\/mail.ton.connectingminds.net\/es\/maillot-ciclista-retro\/recorrido-por-los-paises-bajos-desde-homburg\/","og_locale":"es_ES","og_type":"article","og_title":"HOMBURG (a)  1965  RONDE VAN NEDERLAND   WIELERSHIRT - Ton Merckx Wielershirts - Rondreis door de wereld van wielershirts","og_description":"HOMBURG uit het Noord-Brabantse Cuijk was een producent van vleesproducten. In de jaren 60 sponsorde HOMBURG een amateurploeg met renners die voornamelijk uit Noord-Oost Brabant kwamen. In 1965 was HOMBURG ook sponsor van een ploeg ,met 7 renners in de Profronde van Nederland, er waren in deze Profronde van Nederland meerdere gelegenheidsploegen om zo zoveel [&hellip;]","og_url":"https:\/\/mail.ton.connectingminds.net\/es\/maillot-ciclista-retro\/recorrido-por-los-paises-bajos-desde-homburg\/","og_site_name":"Ton Merckx Wielershirts - Rondreis door de wereld van wielershirts","article_modified_time":"2026-01-28T11:02:20+00:00","og_image":[{"width":1704,"height":2272,"url":"https:\/\/mail.ton.connectingminds.net\/wp-content\/uploads\/2023\/01\/SSA45239-rotated.jpg","type":"image\/jpeg"}],"twitter_card":"summary_large_image","twitter_misc":{"Tiempo de lectura":"1 minuto"},"schema":{"@context":"https:\/\/schema.org","@graph":[{"@type":"WebPage","@id":"https:\/\/mail.ton.connectingminds.net\/ja\/%e3%83%ac%e3%83%88%e3%83%ad%e3%81%aa%e3%82%b5%e3%82%a4%e3%82%af%e3%83%aa%e3%83%b3%e3%82%b0%e3%82%b8%e3%83%a3%e3%83%bc%e3%82%b8\/%e3%83%9b%e3%83%b3%e3%83%96%e3%83%ab%e3%82%af%e3%83%bb%e3%82%aa%e3%83%a9%e3%83%b3%e3%83%80%e3%83%84%e3%82%a2%e3%83%bc\/","url":"https:\/\/mail.ton.connectingminds.net\/ja\/%e3%83%ac%e3%83%88%e3%83%ad%e3%81%aa%e3%82%b5%e3%82%a4%e3%82%af%e3%83%aa%e3%83%b3%e3%82%b0%e3%82%b8%e3%83%a3%e3%83%bc%e3%82%b8\/%e3%83%9b%e3%83%b3%e3%83%96%e3%83%ab%e3%82%af%e3%83%bb%e3%82%aa%e3%83%a9%e3%83%b3%e3%83%80%e3%83%84%e3%82%a2%e3%83%bc\/","name":"CAMISETA CICLISMO GIRA DE HOLANDA HOMBURGO (a) 1965 - Maillots ciclistas Ton Merckx - Tour por el mundo del maillot ciclista","isPartOf":{"@id":"https:\/\/tonmerckxwielershirts.nl\/de\/#website"},"primaryImageOfPage":{"@id":"https:\/\/mail.ton.connectingminds.net\/ja\/%e3%83%ac%e3%83%88%e3%83%ad%e3%81%aa%e3%82%b5%e3%82%a4%e3%82%af%e3%83%aa%e3%83%b3%e3%82%b0%e3%82%b8%e3%83%a3%e3%83%bc%e3%82%b8\/%e3%83%9b%e3%83%b3%e3%83%96%e3%83%ab%e3%82%af%e3%83%bb%e3%82%aa%e3%83%a9%e3%83%b3%e3%83%80%e3%83%84%e3%82%a2%e3%83%bc\/#primaryimage"},"image":{"@id":"https:\/\/mail.ton.connectingminds.net\/ja\/%e3%83%ac%e3%83%88%e3%83%ad%e3%81%aa%e3%82%b5%e3%82%a4%e3%82%af%e3%83%aa%e3%83%b3%e3%82%b0%e3%82%b8%e3%83%a3%e3%83%bc%e3%82%b8\/%e3%83%9b%e3%83%b3%e3%83%96%e3%83%ab%e3%82%af%e3%83%bb%e3%82%aa%e3%83%a9%e3%83%b3%e3%83%80%e3%83%84%e3%82%a2%e3%83%bc\/#primaryimage"},"thumbnailUrl":"https:\/\/mail.ton.connectingminds.net\/wp-content\/uploads\/2023\/01\/SSA45239-rotated.jpg","datePublished":"2023-01-24T18:05:27+00:00","dateModified":"2026-01-28T11:02:20+00:00","breadcrumb":{"@id":"https:\/\/mail.ton.connectingminds.net\/ja\/%e3%83%ac%e3%83%88%e3%83%ad%e3%81%aa%e3%82%b5%e3%82%a4%e3%82%af%e3%83%aa%e3%83%b3%e3%82%b0%e3%82%b8%e3%83%a3%e3%83%bc%e3%82%b8\/%e3%83%9b%e3%83%b3%e3%83%96%e3%83%ab%e3%82%af%e3%83%bb%e3%82%aa%e3%83%a9%e3%83%b3%e3%83%80%e3%83%84%e3%82%a2%e3%83%bc\/#breadcrumb"},"inLanguage":"es","potentialAction":[{"@type":"ReadAction","target":["https:\/\/mail.ton.connectingminds.net\/ja\/%e3%83%ac%e3%83%88%e3%83%ad%e3%81%aa%e3%82%b5%e3%82%a4%e3%82%af%e3%83%aa%e3%83%b3%e3%82%b0%e3%82%b8%e3%83%a3%e3%83%bc%e3%82%b8\/%e3%83%9b%e3%83%b3%e3%83%96%e3%83%ab%e3%82%af%e3%83%bb%e3%82%aa%e3%83%a9%e3%83%b3%e3%83%80%e3%83%84%e3%82%a2%e3%83%bc\/"]}]},{"@type":"ImageObject","inLanguage":"es","@id":"https:\/\/mail.ton.connectingminds.net\/ja\/%e3%83%ac%e3%83%88%e3%83%ad%e3%81%aa%e3%82%b5%e3%82%a4%e3%82%af%e3%83%aa%e3%83%b3%e3%82%b0%e3%82%b8%e3%83%a3%e3%83%bc%e3%82%b8\/%e3%83%9b%e3%83%b3%e3%83%96%e3%83%ab%e3%82%af%e3%83%bb%e3%82%aa%e3%83%a9%e3%83%b3%e3%83%80%e3%83%84%e3%82%a2%e3%83%bc\/#primaryimage","url":"https:\/\/mail.ton.connectingminds.net\/wp-content\/uploads\/2023\/01\/SSA45239-rotated.jpg","contentUrl":"https:\/\/mail.ton.connectingminds.net\/wp-content\/uploads\/2023\/01\/SSA45239-rotated.jpg","width":1704,"height":2272},{"@type":"BreadcrumbList","@id":"https:\/\/mail.ton.connectingminds.net\/ja\/%e3%83%ac%e3%83%88%e3%83%ad%e3%81%aa%e3%82%b5%e3%82%a4%e3%82%af%e3%83%aa%e3%83%b3%e3%82%b0%e3%82%b8%e3%83%a3%e3%83%bc%e3%82%b8\/%e3%83%9b%e3%83%b3%e3%83%96%e3%83%ab%e3%82%af%e3%83%bb%e3%82%aa%e3%83%a9%e3%83%b3%e3%83%80%e3%83%84%e3%82%a2%e3%83%bc\/#breadcrumb","itemListElement":[{"@type":"ListItem","position":1,"name":"Home","item":"https:\/\/tonmerckxwielershirts.nl\/de\/"},{"@type":"ListItem","position":2,"name":"Retro wielershirts","item":"https:\/\/tonmerckxwielershirts.nl\/de\/retro-radtrikots\/"},{"@type":"ListItem","position":3,"name":"HOMBURG (a) 1965 RONDE VAN NEDERLAND WIELERSHIRT"}]},{"@type":"WebSite","@id":"https:\/\/tonmerckxwielershirts.nl\/de\/#website","url":"https:\/\/tonmerckxwielershirts.nl\/de\/","name":"Camisetas ciclistas Ton Merckx - Recorrido por el mundo de las camisetas ciclistas","description":"miles de maillots ciclistas originales - \u00a1pide tu r\u00e9plica!","publisher":{"@id":"https:\/\/tonmerckxwielershirts.nl\/de\/#organization"},"potentialAction":[{"@type":"SearchAction","target":{"@type":"EntryPoint","urlTemplate":"https:\/\/tonmerckxwielershirts.nl\/de\/?s={search_term_string}"},"query-input":{"@type":"PropertyValueSpecification","valueRequired":true,"valueName":"search_term_string"}}],"inLanguage":"es"},{"@type":"Organization","@id":"https:\/\/tonmerckxwielershirts.nl\/de\/#organization","name":"Camisetas ciclistas Ton Merckx - Recorrido por el mundo de las camisetas ciclistas","url":"https:\/\/tonmerckxwielershirts.nl\/de\/","logo":{"@type":"ImageObject","inLanguage":"es","@id":"https:\/\/tonmerckxwielershirts.nl\/de\/#\/schema\/logo\/image\/","url":"https:\/\/mail.ton.connectingminds.net\/wp-content\/uploads\/2023\/03\/ton-merckx-logo.jpg","contentUrl":"https:\/\/mail.ton.connectingminds.net\/wp-content\/uploads\/2023\/03\/ton-merckx-logo.jpg","width":391,"height":57,"caption":"Ton Merckx Wielershirts - Rondreis door de wereld van wielershirts"},"image":{"@id":"https:\/\/tonmerckxwielershirts.nl\/de\/#\/schema\/logo\/image\/"}}]}},"_links":{"self":[{"href":"https:\/\/mail.ton.connectingminds.net\/es\/wp-json\/wp\/v2\/product\/3697","targetHints":{"allow":["GET"]}}],"collection":[{"href":"https:\/\/mail.ton.connectingminds.net\/es\/wp-json\/wp\/v2\/product"}],"about":[{"href":"https:\/\/mail.ton.connectingminds.net\/es\/wp-json\/wp\/v2\/types\/product"}],"wp:featuredmedia":[{"embeddable":true,"href":"https:\/\/mail.ton.connectingminds.net\/es\/wp-json\/wp\/v2\/media\/3696"}],"wp:attachment":[{"href":"https:\/\/mail.ton.connectingminds.net\/es\/wp-json\/wp\/v2\/media?parent=3697"}],"wp:term":[{"taxonomy":"product_brand","embeddable":true,"href":"https:\/\/mail.ton.connectingminds.net\/es\/wp-json\/wp\/v2\/product_brand?post=3697"},{"taxonomy":"product_cat","embeddable":true,"href":"https:\/\/mail.ton.connectingminds.net\/es\/wp-json\/wp\/v2\/product_cat?post=3697"},{"taxonomy":"product_tag","embeddable":true,"href":"https:\/\/mail.ton.connectingminds.net\/es\/wp-json\/wp\/v2\/product_tag?post=3697"}],"curies":[{"name":"gracias","href":"https:\/\/api.w.org\/{rel}","templated":true}]}}