{"id":4023,"date":"2023-01-24T18:09:45","date_gmt":"2023-01-24T18:09:45","guid":{"rendered":"https:\/\/ton.connectingminds.net\/product\/pdm-regenboogshirt-rudy-dhaenens\/"},"modified":"2026-01-28T12:02:02","modified_gmt":"2026-01-28T11:02:02","slug":"pdm-camisa-arcoiris-rudy-dhaenens","status":"publish","type":"product","link":"https:\/\/mail.ton.connectingminds.net\/es\/retro-wielershirt\/pdm-regenboogshirt-rudy-dhaenens\/","title":{"rendered":"PDM (g) CASSETTES CROMADOS-CAMISETA CAMPE\u00d3N DEL MUNDO DE CICLISMO ULTIMA 1990"},"content":{"rendered":"<p>El piloto de PDM Rudy Dhaenens sorprendentemente se convirti\u00f3 en campe\u00f3n del mundo en 1990 en Utsonomiya, Jap\u00f3n.<\/p>\n<p>Despu\u00e9s de eso no mont\u00f3 mucho con esta camiseta porque la temporada casi hab\u00eda terminado.                           Al a\u00f1o siguiente, Rudy Dhaenens corri\u00f3 para el equipo Panasonic.<\/p>","protected":false},"excerpt":{"rendered":"<p>El piloto de PDM Rudy Dhaenens sorprendentemente se convirti\u00f3 en campe\u00f3n del mundo en 1990 en Utsonomiya, Jap\u00f3n. Despu\u00e9s de eso no mont\u00f3 mucho con esta camiseta porque la temporada casi hab\u00eda terminado.                           Al a\u00f1o siguiente, Rudy Dhaenens corri\u00f3 para el equipo Panasonic.<\/p>","protected":false},"featured_media":4022,"template":"","meta":[],"product_brand":[],"product_cat":[151],"product_tag":[],"class_list":{"0":"post-4023","1":"product","2":"type-product","3":"status-publish","4":"has-post-thumbnail","6":"product_cat-pro-team","8":"first","9":"onbackorder","10":"taxable","11":"shipping-taxable","12":"purchasable","13":"product-type-variable"},"yoast_head":"<!-- This site is optimized with the Yoast SEO plugin v27.5 - https:\/\/yoast.com\/product\/yoast-seo-wordpress\/ -->\n<title>PDM (g) CHROME CASSETTES-ULTIMA  1990  WERELDKAMPIOEN WIELERSHIRT - Ton Merckx Wielershirts - Rondreis door de wereld van wielershirts<\/title>\n<meta name=\"robots\" content=\"index, follow, max-snippet:-1, max-image-preview:large, max-video-preview:-1\" \/>\n<link rel=\"canonical\" href=\"https:\/\/mail.ton.connectingminds.net\/es\/maillot-ciclista-retro\/pdm-camisa-arcoiris-rudy-dhaenens\/\" \/>\n<meta property=\"og:locale\" content=\"es_ES\" \/>\n<meta property=\"og:type\" content=\"article\" \/>\n<meta property=\"og:title\" content=\"PDM (g) CHROME CASSETTES-ULTIMA  1990  WERELDKAMPIOEN WIELERSHIRT - Ton Merckx Wielershirts - Rondreis door de wereld van wielershirts\" \/>\n<meta property=\"og:description\" content=\"PDM renner Rudy Dhaenens wordt in 1990 verrassend wereldkampioen in het Japanse Utsonomiya. Hij heeft daarna niet veel meer in deze trui gereden omdat het seizoen al bijna was afgelopen.\u00a0\u00a0\u00a0\u00a0\u00a0\u00a0\u00a0\u00a0\u00a0\u00a0\u00a0\u00a0\u00a0\u00a0\u00a0\u00a0\u00a0\u00a0\u00a0\u00a0\u00a0\u00a0\u00a0\u00a0\u00a0\u00a0\u00a0 Het volgende jaar reed Rudy Dhaenens voor de Panasonic ploeg.\" \/>\n<meta property=\"og:url\" content=\"https:\/\/mail.ton.connectingminds.net\/es\/maillot-ciclista-retro\/pdm-camisa-arcoiris-rudy-dhaenens\/\" \/>\n<meta property=\"og:site_name\" content=\"Ton Merckx Wielershirts - Rondreis door de wereld van wielershirts\" \/>\n<meta property=\"article:modified_time\" content=\"2026-01-28T11:02:02+00:00\" \/>\n<meta property=\"og:image\" content=\"https:\/\/mail.ton.connectingminds.net\/wp-content\/uploads\/2023\/01\/SSA45596-rotated.jpg\" \/>\n\t<meta property=\"og:image:width\" content=\"1704\" \/>\n\t<meta property=\"og:image:height\" content=\"2272\" \/>\n\t<meta property=\"og:image:type\" content=\"image\/jpeg\" \/>\n<meta name=\"twitter:card\" content=\"summary_large_image\" \/>\n<meta name=\"twitter:label1\" content=\"Tiempo de lectura\" \/>\n\t<meta name=\"twitter:data1\" content=\"1 minuto\" \/>\n<script type=\"application\/ld+json\" class=\"yoast-schema-graph\">{\"@context\":\"https:\\\/\\\/schema.org\",\"@graph\":[{\"@type\":\"WebPage\",\"@id\":\"https:\\\/\\\/mail.ton.connectingminds.net\\\/fr\\\/maillot-de-cyclisme-retro\\\/chemise-arc-en-ciel-pdm-rudy-dhaenens\\\/\",\"url\":\"https:\\\/\\\/mail.ton.connectingminds.net\\\/fr\\\/maillot-de-cyclisme-retro\\\/chemise-arc-en-ciel-pdm-rudy-dhaenens\\\/\",\"name\":\"PDM (g) CHROME CASSETTES-ULTIMA 1990 WERELDKAMPIOEN WIELERSHIRT - Ton Merckx Wielershirts - Rondreis door de wereld van wielershirts\",\"isPartOf\":{\"@id\":\"https:\\\/\\\/www.tonmerckxwielershirts.nl\\\/es\\\/#website\"},\"primaryImageOfPage\":{\"@id\":\"https:\\\/\\\/mail.ton.connectingminds.net\\\/fr\\\/maillot-de-cyclisme-retro\\\/chemise-arc-en-ciel-pdm-rudy-dhaenens\\\/#primaryimage\"},\"image\":{\"@id\":\"https:\\\/\\\/mail.ton.connectingminds.net\\\/fr\\\/maillot-de-cyclisme-retro\\\/chemise-arc-en-ciel-pdm-rudy-dhaenens\\\/#primaryimage\"},\"thumbnailUrl\":\"https:\\\/\\\/mail.ton.connectingminds.net\\\/wp-content\\\/uploads\\\/2023\\\/01\\\/SSA45596-rotated.jpg\",\"datePublished\":\"2023-01-24T18:09:45+00:00\",\"dateModified\":\"2026-01-28T11:02:02+00:00\",\"breadcrumb\":{\"@id\":\"https:\\\/\\\/mail.ton.connectingminds.net\\\/fr\\\/maillot-de-cyclisme-retro\\\/chemise-arc-en-ciel-pdm-rudy-dhaenens\\\/#breadcrumb\"},\"inLanguage\":\"es\",\"potentialAction\":[{\"@type\":\"ReadAction\",\"target\":[\"https:\\\/\\\/mail.ton.connectingminds.net\\\/fr\\\/maillot-de-cyclisme-retro\\\/chemise-arc-en-ciel-pdm-rudy-dhaenens\\\/\"]}]},{\"@type\":\"ImageObject\",\"inLanguage\":\"es\",\"@id\":\"https:\\\/\\\/mail.ton.connectingminds.net\\\/fr\\\/maillot-de-cyclisme-retro\\\/chemise-arc-en-ciel-pdm-rudy-dhaenens\\\/#primaryimage\",\"url\":\"https:\\\/\\\/mail.ton.connectingminds.net\\\/wp-content\\\/uploads\\\/2023\\\/01\\\/SSA45596-rotated.jpg\",\"contentUrl\":\"https:\\\/\\\/mail.ton.connectingminds.net\\\/wp-content\\\/uploads\\\/2023\\\/01\\\/SSA45596-rotated.jpg\",\"width\":1704,\"height\":2272},{\"@type\":\"BreadcrumbList\",\"@id\":\"https:\\\/\\\/mail.ton.connectingminds.net\\\/fr\\\/maillot-de-cyclisme-retro\\\/chemise-arc-en-ciel-pdm-rudy-dhaenens\\\/#breadcrumb\",\"itemListElement\":[{\"@type\":\"ListItem\",\"position\":1,\"name\":\"Home\",\"item\":\"https:\\\/\\\/www.tonmerckxwielershirts.nl\\\/es\\\/\"},{\"@type\":\"ListItem\",\"position\":2,\"name\":\"Retro wielershirts\",\"item\":\"https:\\\/\\\/www.tonmerckxwielershirts.nl\\\/es\\\/camisetas-de-ciclismo-retro\\\/\"},{\"@type\":\"ListItem\",\"position\":3,\"name\":\"PDM (g) CHROME CASSETTES-ULTIMA 1990 WERELDKAMPIOEN WIELERSHIRT\"}]},{\"@type\":\"WebSite\",\"@id\":\"https:\\\/\\\/www.tonmerckxwielershirts.nl\\\/es\\\/#website\",\"url\":\"https:\\\/\\\/www.tonmerckxwielershirts.nl\\\/es\\\/\",\"name\":\"Ton Merckx Wielershirts - Rondreis door de wereld van wielershirts\",\"description\":\"thousands of original cycling jerseys - order your replica!\",\"publisher\":{\"@id\":\"https:\\\/\\\/www.tonmerckxwielershirts.nl\\\/es\\\/#organization\"},\"potentialAction\":[{\"@type\":\"SearchAction\",\"target\":{\"@type\":\"EntryPoint\",\"urlTemplate\":\"https:\\\/\\\/www.tonmerckxwielershirts.nl\\\/es\\\/?s={search_term_string}\"},\"query-input\":{\"@type\":\"PropertyValueSpecification\",\"valueRequired\":true,\"valueName\":\"search_term_string\"}}],\"inLanguage\":\"es\"},{\"@type\":\"Organization\",\"@id\":\"https:\\\/\\\/www.tonmerckxwielershirts.nl\\\/es\\\/#organization\",\"name\":\"Ton Merckx Wielershirts - Rondreis door de wereld van wielershirts\",\"url\":\"https:\\\/\\\/www.tonmerckxwielershirts.nl\\\/es\\\/\",\"logo\":{\"@type\":\"ImageObject\",\"inLanguage\":\"es\",\"@id\":\"https:\\\/\\\/www.tonmerckxwielershirts.nl\\\/es\\\/#\\\/schema\\\/logo\\\/image\\\/\",\"url\":\"https:\\\/\\\/mail.ton.connectingminds.net\\\/wp-content\\\/uploads\\\/2023\\\/03\\\/ton-merckx-logo.jpg\",\"contentUrl\":\"https:\\\/\\\/mail.ton.connectingminds.net\\\/wp-content\\\/uploads\\\/2023\\\/03\\\/ton-merckx-logo.jpg\",\"width\":391,\"height\":57,\"caption\":\"Ton Merckx Wielershirts - Rondreis door de wereld van wielershirts\"},\"image\":{\"@id\":\"https:\\\/\\\/www.tonmerckxwielershirts.nl\\\/es\\\/#\\\/schema\\\/logo\\\/image\\\/\"}}]}<\/script>\n<!-- \/ Yoast SEO plugin. -->","yoast_head_json":{"title":"PDM (g) CASSETTES CROMADOS-CAMISETA CAMPE\u00d3N DEL MUNDO DE CICLISMO ULTIMA 1990 - Maillots ciclistas Ton Merckx - Recorrido por el mundo del maillot ciclista","robots":{"index":"index","follow":"follow","max-snippet":"max-snippet:-1","max-image-preview":"max-image-preview:large","max-video-preview":"max-video-preview:-1"},"canonical":"https:\/\/mail.ton.connectingminds.net\/es\/maillot-ciclista-retro\/pdm-camisa-arcoiris-rudy-dhaenens\/","og_locale":"es_ES","og_type":"article","og_title":"PDM (g) CHROME CASSETTES-ULTIMA  1990  WERELDKAMPIOEN WIELERSHIRT - Ton Merckx Wielershirts - Rondreis door de wereld van wielershirts","og_description":"PDM renner Rudy Dhaenens wordt in 1990 verrassend wereldkampioen in het Japanse Utsonomiya. Hij heeft daarna niet veel meer in deze trui gereden omdat het seizoen al bijna was afgelopen.\u00a0\u00a0\u00a0\u00a0\u00a0\u00a0\u00a0\u00a0\u00a0\u00a0\u00a0\u00a0\u00a0\u00a0\u00a0\u00a0\u00a0\u00a0\u00a0\u00a0\u00a0\u00a0\u00a0\u00a0\u00a0\u00a0\u00a0 Het volgende jaar reed Rudy Dhaenens voor de Panasonic ploeg.","og_url":"https:\/\/mail.ton.connectingminds.net\/es\/maillot-ciclista-retro\/pdm-camisa-arcoiris-rudy-dhaenens\/","og_site_name":"Ton Merckx Wielershirts - Rondreis door de wereld van wielershirts","article_modified_time":"2026-01-28T11:02:02+00:00","og_image":[{"width":1704,"height":2272,"url":"https:\/\/mail.ton.connectingminds.net\/wp-content\/uploads\/2023\/01\/SSA45596-rotated.jpg","type":"image\/jpeg"}],"twitter_card":"summary_large_image","twitter_misc":{"Tiempo de lectura":"1 minuto"},"schema":{"@context":"https:\/\/schema.org","@graph":[{"@type":"WebPage","@id":"https:\/\/mail.ton.connectingminds.net\/fr\/maillot-de-cyclisme-retro\/chemise-arc-en-ciel-pdm-rudy-dhaenens\/","url":"https:\/\/mail.ton.connectingminds.net\/fr\/maillot-de-cyclisme-retro\/chemise-arc-en-ciel-pdm-rudy-dhaenens\/","name":"PDM (g) CASSETTES CROMADOS-CAMISETA CAMPE\u00d3N DEL MUNDO DE CICLISMO ULTIMA 1990 - Maillots ciclistas Ton Merckx - Recorrido por el mundo del maillot ciclista","isPartOf":{"@id":"https:\/\/www.tonmerckxwielershirts.nl\/es\/#website"},"primaryImageOfPage":{"@id":"https:\/\/mail.ton.connectingminds.net\/fr\/maillot-de-cyclisme-retro\/chemise-arc-en-ciel-pdm-rudy-dhaenens\/#primaryimage"},"image":{"@id":"https:\/\/mail.ton.connectingminds.net\/fr\/maillot-de-cyclisme-retro\/chemise-arc-en-ciel-pdm-rudy-dhaenens\/#primaryimage"},"thumbnailUrl":"https:\/\/mail.ton.connectingminds.net\/wp-content\/uploads\/2023\/01\/SSA45596-rotated.jpg","datePublished":"2023-01-24T18:09:45+00:00","dateModified":"2026-01-28T11:02:02+00:00","breadcrumb":{"@id":"https:\/\/mail.ton.connectingminds.net\/fr\/maillot-de-cyclisme-retro\/chemise-arc-en-ciel-pdm-rudy-dhaenens\/#breadcrumb"},"inLanguage":"es","potentialAction":[{"@type":"ReadAction","target":["https:\/\/mail.ton.connectingminds.net\/fr\/maillot-de-cyclisme-retro\/chemise-arc-en-ciel-pdm-rudy-dhaenens\/"]}]},{"@type":"ImageObject","inLanguage":"es","@id":"https:\/\/mail.ton.connectingminds.net\/fr\/maillot-de-cyclisme-retro\/chemise-arc-en-ciel-pdm-rudy-dhaenens\/#primaryimage","url":"https:\/\/mail.ton.connectingminds.net\/wp-content\/uploads\/2023\/01\/SSA45596-rotated.jpg","contentUrl":"https:\/\/mail.ton.connectingminds.net\/wp-content\/uploads\/2023\/01\/SSA45596-rotated.jpg","width":1704,"height":2272},{"@type":"BreadcrumbList","@id":"https:\/\/mail.ton.connectingminds.net\/fr\/maillot-de-cyclisme-retro\/chemise-arc-en-ciel-pdm-rudy-dhaenens\/#breadcrumb","itemListElement":[{"@type":"ListItem","position":1,"name":"Home","item":"https:\/\/www.tonmerckxwielershirts.nl\/es\/"},{"@type":"ListItem","position":2,"name":"Retro wielershirts","item":"https:\/\/www.tonmerckxwielershirts.nl\/es\/camisetas-de-ciclismo-retro\/"},{"@type":"ListItem","position":3,"name":"PDM (g) CHROME CASSETTES-ULTIMA 1990 WERELDKAMPIOEN WIELERSHIRT"}]},{"@type":"WebSite","@id":"https:\/\/www.tonmerckxwielershirts.nl\/es\/#website","url":"https:\/\/www.tonmerckxwielershirts.nl\/es\/","name":"Camisetas ciclistas Ton Merckx - Recorrido por el mundo de las camisetas ciclistas","description":"miles de maillots ciclistas originales - \u00a1pide tu r\u00e9plica!","publisher":{"@id":"https:\/\/www.tonmerckxwielershirts.nl\/es\/#organization"},"potentialAction":[{"@type":"SearchAction","target":{"@type":"EntryPoint","urlTemplate":"https:\/\/www.tonmerckxwielershirts.nl\/es\/?s={search_term_string}"},"query-input":{"@type":"PropertyValueSpecification","valueRequired":true,"valueName":"search_term_string"}}],"inLanguage":"es"},{"@type":"Organization","@id":"https:\/\/www.tonmerckxwielershirts.nl\/es\/#organization","name":"Camisetas ciclistas Ton Merckx - Recorrido por el mundo de las camisetas ciclistas","url":"https:\/\/www.tonmerckxwielershirts.nl\/es\/","logo":{"@type":"ImageObject","inLanguage":"es","@id":"https:\/\/www.tonmerckxwielershirts.nl\/es\/#\/schema\/logo\/image\/","url":"https:\/\/mail.ton.connectingminds.net\/wp-content\/uploads\/2023\/03\/ton-merckx-logo.jpg","contentUrl":"https:\/\/mail.ton.connectingminds.net\/wp-content\/uploads\/2023\/03\/ton-merckx-logo.jpg","width":391,"height":57,"caption":"Ton Merckx Wielershirts - Rondreis door de wereld van wielershirts"},"image":{"@id":"https:\/\/www.tonmerckxwielershirts.nl\/es\/#\/schema\/logo\/image\/"}}]}},"_links":{"self":[{"href":"https:\/\/mail.ton.connectingminds.net\/es\/wp-json\/wp\/v2\/product\/4023","targetHints":{"allow":["GET"]}}],"collection":[{"href":"https:\/\/mail.ton.connectingminds.net\/es\/wp-json\/wp\/v2\/product"}],"about":[{"href":"https:\/\/mail.ton.connectingminds.net\/es\/wp-json\/wp\/v2\/types\/product"}],"wp:featuredmedia":[{"embeddable":true,"href":"https:\/\/mail.ton.connectingminds.net\/es\/wp-json\/wp\/v2\/media\/4022"}],"wp:attachment":[{"href":"https:\/\/mail.ton.connectingminds.net\/es\/wp-json\/wp\/v2\/media?parent=4023"}],"wp:term":[{"taxonomy":"product_brand","embeddable":true,"href":"https:\/\/mail.ton.connectingminds.net\/es\/wp-json\/wp\/v2\/product_brand?post=4023"},{"taxonomy":"product_cat","embeddable":true,"href":"https:\/\/mail.ton.connectingminds.net\/es\/wp-json\/wp\/v2\/product_cat?post=4023"},{"taxonomy":"product_tag","embeddable":true,"href":"https:\/\/mail.ton.connectingminds.net\/es\/wp-json\/wp\/v2\/product_tag?post=4023"}],"curies":[{"name":"gracias","href":"https:\/\/api.w.org\/{rel}","templated":true}]}}