{"id":3577,"date":"2023-01-24T18:04:14","date_gmt":"2023-01-24T18:04:14","guid":{"rendered":"https:\/\/ton.connectingminds.net\/product\/datelnet-teleflex\/"},"modified":"2026-01-28T12:02:27","modified_gmt":"2026-01-28T11:02:27","slug":"datelnet-teleflex","status":"publish","type":"product","link":"https:\/\/mail.ton.connectingminds.net\/fr\/retro-wielershirt\/datelnet-teleflex\/","title":{"rendered":"DATELNET (a)-CHEMISE DE CYCLISME TELEFLEX 1992"},"content":{"rendered":"<p>Datelnet-Teleflex \u00e9tait l&#039;une des principales \u00e9quipes amateurs aux Pays-Bas en 1992.<\/p>\n<p>Le sponsor venait de Schijndel et le cyclo-cross Reinier Groenendaal en \u00e9tait \u00e0 sa derni\u00e8re ann\u00e9e professionnelle ici, son fils Richard Groenendaal roulait en amateur avec cette \u00e9quipe et est \u00e9galement devenu champion n\u00e9erlandais de cyclo-cross.<\/p>","protected":false},"excerpt":{"rendered":"<p>Datelnet-Teleflex \u00e9tait l&#039;une des principales \u00e9quipes amateurs aux Pays-Bas en 1992. Le sponsor venait de Schijndel et le cyclo-cross Reinier Groenendaal en \u00e9tait \u00e0 sa derni\u00e8re ann\u00e9e professionnelle ici, son fils Richard Groenendaal roulait en amateur avec cette \u00e9quipe et est \u00e9galement devenu champion n\u00e9erlandais de cyclo-cross.<\/p>","protected":false},"featured_media":3576,"template":"","meta":[],"product_brand":[],"product_cat":[151],"product_tag":[],"class_list":{"0":"post-3577","1":"product","2":"type-product","3":"status-publish","4":"has-post-thumbnail","6":"product_cat-pro-team","8":"first","9":"onbackorder","10":"taxable","11":"shipping-taxable","12":"purchasable","13":"product-type-variable"},"yoast_head":"<!-- This site is optimized with the Yoast SEO plugin v27.3 - https:\/\/yoast.com\/product\/yoast-seo-wordpress\/ -->\n<title>DATELNET (a)-TELEFLEX  1992  WIELERSHIRT - Ton Merckx Wielershirts - Rondreis door de wereld van wielershirts<\/title>\n<meta name=\"robots\" content=\"index, follow, max-snippet:-1, max-image-preview:large, max-video-preview:-1\" \/>\n<link rel=\"canonical\" href=\"https:\/\/mail.ton.connectingminds.net\/fr\/maillot-de-cyclisme-retro\/datelnet-teleflex\/\" \/>\n<meta property=\"og:locale\" content=\"fr_FR\" \/>\n<meta property=\"og:type\" content=\"article\" \/>\n<meta property=\"og:title\" content=\"DATELNET (a)-TELEFLEX  1992  WIELERSHIRT - Ton Merckx Wielershirts - Rondreis door de wereld van wielershirts\" \/>\n<meta property=\"og:description\" content=\"Datelnet-Teleflex is in 1992 een van de toonaangevende Amateurteams in Nederland. De sponsor kwam uit Schijndel en Veldrijder Reinier Groenendaal was hier bezig aan zijn laatste profjaar, zijn zoon Richard Groenendaal reed als amateur bij deze ploeg en werd ook nog Nederlands kampioen veldrijden.\" \/>\n<meta property=\"og:url\" content=\"https:\/\/mail.ton.connectingminds.net\/fr\/maillot-de-cyclisme-retro\/datelnet-teleflex\/\" \/>\n<meta property=\"og:site_name\" content=\"Ton Merckx Wielershirts - Rondreis door de wereld van wielershirts\" \/>\n<meta property=\"article:modified_time\" content=\"2026-01-28T11:02:27+00:00\" \/>\n<meta property=\"og:image\" content=\"https:\/\/mail.ton.connectingminds.net\/wp-content\/uploads\/2023\/01\/SSA42010.jpg\" \/>\n\t<meta property=\"og:image:width\" content=\"1704\" \/>\n\t<meta property=\"og:image:height\" content=\"2272\" \/>\n\t<meta property=\"og:image:type\" content=\"image\/jpeg\" \/>\n<meta name=\"twitter:card\" content=\"summary_large_image\" \/>\n<meta name=\"twitter:label1\" content=\"Dur\u00e9e de lecture estim\u00e9e\" \/>\n\t<meta name=\"twitter:data1\" content=\"1 minute\" \/>\n<script type=\"application\/ld+json\" class=\"yoast-schema-graph\">{\"@context\":\"https:\\\/\\\/schema.org\",\"@graph\":[{\"@type\":\"WebPage\",\"@id\":\"https:\\\/\\\/mail.ton.connectingminds.net\\\/es\\\/maillot-ciclista-retro\\\/datelnet-teleflex\\\/\",\"url\":\"https:\\\/\\\/mail.ton.connectingminds.net\\\/es\\\/maillot-ciclista-retro\\\/datelnet-teleflex\\\/\",\"name\":\"DATELNET (a)-TELEFLEX 1992 WIELERSHIRT - Ton Merckx Wielershirts - Rondreis door de wereld van wielershirts\",\"isPartOf\":{\"@id\":\"https:\\\/\\\/mail.tonmerckxwielershirts.nl\\\/de\\\/#website\"},\"primaryImageOfPage\":{\"@id\":\"https:\\\/\\\/mail.ton.connectingminds.net\\\/es\\\/maillot-ciclista-retro\\\/datelnet-teleflex\\\/#primaryimage\"},\"image\":{\"@id\":\"https:\\\/\\\/mail.ton.connectingminds.net\\\/es\\\/maillot-ciclista-retro\\\/datelnet-teleflex\\\/#primaryimage\"},\"thumbnailUrl\":\"https:\\\/\\\/mail.ton.connectingminds.net\\\/wp-content\\\/uploads\\\/2023\\\/01\\\/SSA42010.jpg\",\"datePublished\":\"2023-01-24T18:04:14+00:00\",\"dateModified\":\"2026-01-28T11:02:27+00:00\",\"breadcrumb\":{\"@id\":\"https:\\\/\\\/mail.ton.connectingminds.net\\\/es\\\/maillot-ciclista-retro\\\/datelnet-teleflex\\\/#breadcrumb\"},\"inLanguage\":\"fr-FR\",\"potentialAction\":[{\"@type\":\"ReadAction\",\"target\":[\"https:\\\/\\\/mail.ton.connectingminds.net\\\/es\\\/maillot-ciclista-retro\\\/datelnet-teleflex\\\/\"]}]},{\"@type\":\"ImageObject\",\"inLanguage\":\"fr-FR\",\"@id\":\"https:\\\/\\\/mail.ton.connectingminds.net\\\/es\\\/maillot-ciclista-retro\\\/datelnet-teleflex\\\/#primaryimage\",\"url\":\"https:\\\/\\\/mail.ton.connectingminds.net\\\/wp-content\\\/uploads\\\/2023\\\/01\\\/SSA42010.jpg\",\"contentUrl\":\"https:\\\/\\\/mail.ton.connectingminds.net\\\/wp-content\\\/uploads\\\/2023\\\/01\\\/SSA42010.jpg\",\"width\":1704,\"height\":2272},{\"@type\":\"BreadcrumbList\",\"@id\":\"https:\\\/\\\/mail.ton.connectingminds.net\\\/es\\\/maillot-ciclista-retro\\\/datelnet-teleflex\\\/#breadcrumb\",\"itemListElement\":[{\"@type\":\"ListItem\",\"position\":1,\"name\":\"Home\",\"item\":\"https:\\\/\\\/mail.tonmerckxwielershirts.nl\\\/de\\\/\"},{\"@type\":\"ListItem\",\"position\":2,\"name\":\"Retro wielershirts\",\"item\":\"https:\\\/\\\/mail.tonmerckxwielershirts.nl\\\/de\\\/retro-radtrikots\\\/\"},{\"@type\":\"ListItem\",\"position\":3,\"name\":\"DATELNET (a)-TELEFLEX 1992 WIELERSHIRT\"}]},{\"@type\":\"WebSite\",\"@id\":\"https:\\\/\\\/mail.tonmerckxwielershirts.nl\\\/de\\\/#website\",\"url\":\"https:\\\/\\\/mail.tonmerckxwielershirts.nl\\\/de\\\/\",\"name\":\"Ton Merckx Wielershirts - Rondreis door de wereld van wielershirts\",\"description\":\"thousands of original cycling jerseys - order your replica!\",\"publisher\":{\"@id\":\"https:\\\/\\\/mail.tonmerckxwielershirts.nl\\\/de\\\/#organization\"},\"potentialAction\":[{\"@type\":\"SearchAction\",\"target\":{\"@type\":\"EntryPoint\",\"urlTemplate\":\"https:\\\/\\\/mail.tonmerckxwielershirts.nl\\\/de\\\/?s={search_term_string}\"},\"query-input\":{\"@type\":\"PropertyValueSpecification\",\"valueRequired\":true,\"valueName\":\"search_term_string\"}}],\"inLanguage\":\"fr-FR\"},{\"@type\":\"Organization\",\"@id\":\"https:\\\/\\\/mail.tonmerckxwielershirts.nl\\\/de\\\/#organization\",\"name\":\"Ton Merckx Wielershirts - Rondreis door de wereld van wielershirts\",\"url\":\"https:\\\/\\\/mail.tonmerckxwielershirts.nl\\\/de\\\/\",\"logo\":{\"@type\":\"ImageObject\",\"inLanguage\":\"fr-FR\",\"@id\":\"https:\\\/\\\/mail.tonmerckxwielershirts.nl\\\/de\\\/#\\\/schema\\\/logo\\\/image\\\/\",\"url\":\"https:\\\/\\\/mail.ton.connectingminds.net\\\/wp-content\\\/uploads\\\/2023\\\/03\\\/ton-merckx-logo.jpg\",\"contentUrl\":\"https:\\\/\\\/mail.ton.connectingminds.net\\\/wp-content\\\/uploads\\\/2023\\\/03\\\/ton-merckx-logo.jpg\",\"width\":391,\"height\":57,\"caption\":\"Ton Merckx Wielershirts - Rondreis door de wereld van wielershirts\"},\"image\":{\"@id\":\"https:\\\/\\\/mail.tonmerckxwielershirts.nl\\\/de\\\/#\\\/schema\\\/logo\\\/image\\\/\"}}]}<\/script>\n<!-- \/ Yoast SEO plugin. -->","yoast_head_json":{"title":"DATELNET (a)-CHEMISE DE CYCLISME TELEFLEX 1992 - Maillots de cyclisme Ton Merckx - Tour \u00e0 travers le monde des maillots de cyclisme","robots":{"index":"index","follow":"follow","max-snippet":"max-snippet:-1","max-image-preview":"max-image-preview:large","max-video-preview":"max-video-preview:-1"},"canonical":"https:\/\/mail.ton.connectingminds.net\/fr\/maillot-de-cyclisme-retro\/datelnet-teleflex\/","og_locale":"fr_FR","og_type":"article","og_title":"DATELNET (a)-TELEFLEX  1992  WIELERSHIRT - Ton Merckx Wielershirts - Rondreis door de wereld van wielershirts","og_description":"Datelnet-Teleflex is in 1992 een van de toonaangevende Amateurteams in Nederland. De sponsor kwam uit Schijndel en Veldrijder Reinier Groenendaal was hier bezig aan zijn laatste profjaar, zijn zoon Richard Groenendaal reed als amateur bij deze ploeg en werd ook nog Nederlands kampioen veldrijden.","og_url":"https:\/\/mail.ton.connectingminds.net\/fr\/maillot-de-cyclisme-retro\/datelnet-teleflex\/","og_site_name":"Ton Merckx Wielershirts - Rondreis door de wereld van wielershirts","article_modified_time":"2026-01-28T11:02:27+00:00","og_image":[{"width":1704,"height":2272,"url":"https:\/\/mail.ton.connectingminds.net\/wp-content\/uploads\/2023\/01\/SSA42010.jpg","type":"image\/jpeg"}],"twitter_card":"summary_large_image","twitter_misc":{"Dur\u00e9e de lecture estim\u00e9e":"1 minute"},"schema":{"@context":"https:\/\/schema.org","@graph":[{"@type":"WebPage","@id":"https:\/\/mail.ton.connectingminds.net\/es\/maillot-ciclista-retro\/datelnet-teleflex\/","url":"https:\/\/mail.ton.connectingminds.net\/es\/maillot-ciclista-retro\/datelnet-teleflex\/","name":"DATELNET (a)-CHEMISE DE CYCLISME TELEFLEX 1992 - Maillots de cyclisme Ton Merckx - Tour \u00e0 travers le monde des maillots de cyclisme","isPartOf":{"@id":"https:\/\/mail.tonmerckxwielershirts.nl\/de\/#website"},"primaryImageOfPage":{"@id":"https:\/\/mail.ton.connectingminds.net\/es\/maillot-ciclista-retro\/datelnet-teleflex\/#primaryimage"},"image":{"@id":"https:\/\/mail.ton.connectingminds.net\/es\/maillot-ciclista-retro\/datelnet-teleflex\/#primaryimage"},"thumbnailUrl":"https:\/\/mail.ton.connectingminds.net\/wp-content\/uploads\/2023\/01\/SSA42010.jpg","datePublished":"2023-01-24T18:04:14+00:00","dateModified":"2026-01-28T11:02:27+00:00","breadcrumb":{"@id":"https:\/\/mail.ton.connectingminds.net\/es\/maillot-ciclista-retro\/datelnet-teleflex\/#breadcrumb"},"inLanguage":"fr-FR","potentialAction":[{"@type":"ReadAction","target":["https:\/\/mail.ton.connectingminds.net\/es\/maillot-ciclista-retro\/datelnet-teleflex\/"]}]},{"@type":"ImageObject","inLanguage":"fr-FR","@id":"https:\/\/mail.ton.connectingminds.net\/es\/maillot-ciclista-retro\/datelnet-teleflex\/#primaryimage","url":"https:\/\/mail.ton.connectingminds.net\/wp-content\/uploads\/2023\/01\/SSA42010.jpg","contentUrl":"https:\/\/mail.ton.connectingminds.net\/wp-content\/uploads\/2023\/01\/SSA42010.jpg","width":1704,"height":2272},{"@type":"BreadcrumbList","@id":"https:\/\/mail.ton.connectingminds.net\/es\/maillot-ciclista-retro\/datelnet-teleflex\/#breadcrumb","itemListElement":[{"@type":"ListItem","position":1,"name":"Home","item":"https:\/\/mail.tonmerckxwielershirts.nl\/de\/"},{"@type":"ListItem","position":2,"name":"Retro wielershirts","item":"https:\/\/mail.tonmerckxwielershirts.nl\/de\/retro-radtrikots\/"},{"@type":"ListItem","position":3,"name":"DATELNET (a)-TELEFLEX 1992 WIELERSHIRT"}]},{"@type":"WebSite","@id":"https:\/\/mail.tonmerckxwielershirts.nl\/de\/#website","url":"https:\/\/mail.tonmerckxwielershirts.nl\/de\/","name":"Chemises de cyclisme Ton Merckx - Tour \u00e0 travers le monde des chemises de cyclisme","description":"des milliers de maillots de cyclisme originaux - commandez votre r\u00e9plique !","publisher":{"@id":"https:\/\/mail.tonmerckxwielershirts.nl\/de\/#organization"},"potentialAction":[{"@type":"SearchAction","target":{"@type":"EntryPoint","urlTemplate":"https:\/\/mail.tonmerckxwielershirts.nl\/de\/?s={search_term_string}"},"query-input":{"@type":"PropertyValueSpecification","valueRequired":true,"valueName":"search_term_string"}}],"inLanguage":"fr-FR"},{"@type":"Organization","@id":"https:\/\/mail.tonmerckxwielershirts.nl\/de\/#organization","name":"Chemises de cyclisme Ton Merckx - Tour \u00e0 travers le monde des chemises de cyclisme","url":"https:\/\/mail.tonmerckxwielershirts.nl\/de\/","logo":{"@type":"ImageObject","inLanguage":"fr-FR","@id":"https:\/\/mail.tonmerckxwielershirts.nl\/de\/#\/schema\/logo\/image\/","url":"https:\/\/mail.ton.connectingminds.net\/wp-content\/uploads\/2023\/03\/ton-merckx-logo.jpg","contentUrl":"https:\/\/mail.ton.connectingminds.net\/wp-content\/uploads\/2023\/03\/ton-merckx-logo.jpg","width":391,"height":57,"caption":"Ton Merckx Wielershirts - Rondreis door de wereld van wielershirts"},"image":{"@id":"https:\/\/mail.tonmerckxwielershirts.nl\/de\/#\/schema\/logo\/image\/"}}]}},"_links":{"self":[{"href":"https:\/\/mail.ton.connectingminds.net\/fr\/wp-json\/wp\/v2\/product\/3577","targetHints":{"allow":["GET"]}}],"collection":[{"href":"https:\/\/mail.ton.connectingminds.net\/fr\/wp-json\/wp\/v2\/product"}],"about":[{"href":"https:\/\/mail.ton.connectingminds.net\/fr\/wp-json\/wp\/v2\/types\/product"}],"wp:featuredmedia":[{"embeddable":true,"href":"https:\/\/mail.ton.connectingminds.net\/fr\/wp-json\/wp\/v2\/media\/3576"}],"wp:attachment":[{"href":"https:\/\/mail.ton.connectingminds.net\/fr\/wp-json\/wp\/v2\/media?parent=3577"}],"wp:term":[{"taxonomy":"product_brand","embeddable":true,"href":"https:\/\/mail.ton.connectingminds.net\/fr\/wp-json\/wp\/v2\/product_brand?post=3577"},{"taxonomy":"product_cat","embeddable":true,"href":"https:\/\/mail.ton.connectingminds.net\/fr\/wp-json\/wp\/v2\/product_cat?post=3577"},{"taxonomy":"product_tag","embeddable":true,"href":"https:\/\/mail.ton.connectingminds.net\/fr\/wp-json\/wp\/v2\/product_tag?post=3577"}],"curies":[{"name":"wp","href":"https:\/\/api.w.org\/{rel}","templated":true}]}}