{"id":27054,"date":"2023-03-29T13:06:20","date_gmt":"2023-03-29T13:06:20","guid":{"rendered":"https:\/\/ton.connectingminds.net\/?page_id=27054"},"modified":"2024-02-22T13:33:40","modified_gmt":"2024-02-22T12:33:40","slug":"assistenza-clienti","status":"publish","type":"page","link":"https:\/\/mail.ton.connectingminds.net\/it\/klantenservice\/","title":{"rendered":"Assistenza clienti"},"content":{"rendered":"<div data-elementor-type=\"wp-page\" data-elementor-id=\"27054\" class=\"elementor elementor-27054\">\n\t\t\t\t\t\t<section class=\"elementor-section elementor-top-section elementor-element elementor-element-49048cd elementor-section-boxed elementor-section-height-default elementor-section-height-default\" data-id=\"49048cd\" data-element_type=\"section\" data-e-type=\"section\">\n\t\t\t\t\t\t<div class=\"elementor-container elementor-column-gap-default\">\n\t\t\t\t\t<div class=\"elementor-column elementor-col-100 elementor-top-column elementor-element elementor-element-50aa614\" data-id=\"50aa614\" data-element_type=\"column\" data-e-type=\"column\">\n\t\t\t<div class=\"elementor-widget-wrap elementor-element-populated\">\n\t\t\t\t\t\t<div class=\"elementor-element elementor-element-14eeed3 elementor-widget elementor-widget-heading\" data-id=\"14eeed3\" data-element_type=\"widget\" data-e-type=\"widget\" id=\"terms-conditions\" data-widget_type=\"heading.default\">\n\t\t\t\t<div class=\"elementor-widget-container\">\n\t\t\t\t\t<h2 class=\"elementor-heading-title elementor-size-default\">Termini e Condizioni<\/h2>\t\t\t\t<\/div>\n\t\t\t\t<\/div>\n\t\t\t\t<div class=\"elementor-element elementor-element-bcd8cf9 elementor-widget elementor-widget-text-editor\" data-id=\"bcd8cf9\" data-element_type=\"widget\" data-e-type=\"widget\" data-widget_type=\"text-editor.default\">\n\t\t\t\t<div class=\"elementor-widget-container\">\n\t\t\t\t\t\t\t\t\t<p>Quando effettui un ordine, ordini una replica di un abbigliamento da ciclismo originale. In questo processo, sia una copia fotografica che un&#039;elaborazione manuale vengono utilizzate per creare un modello adatto per l&#039;abbigliamento da ciclismo di base. Vari aspetti, come la deviazione dei modelli di base, la conversione di elementi grafici, la rimozione di segni di abbigliamento e lo scolorimento, giocano un ruolo in questo, risultando in un <strong>prodotto personalizzato<\/strong>.<\/p><p>Non \u00e8 previsto il diritto di recesso per i prodotti realizzati su misura. Ci\u00f2 significa che non \u00e8 possibile restituire prodotti personalizzati. Solo in caso di <b>evidente negligenza<\/b> il responsabile pu\u00f2 essere dichiarato inadempiente nell&#039;espletamento dell&#039;incarico, \u00e8 quindi possibile presentare reclamo tramite questo modulo.<\/p><p>Ti consigliamo di leggere attentamente la descrizione del processo prima di ordinare un prodotto personalizzato. Se hai domande sui nostri prodotti personalizzati, non esitare a contattarci.<\/p><p>I nostri termini e condizioni possono essere scaricati qui &gt;&gt;&gt;<\/p>\t\t\t\t\t\t\t\t<\/div>\n\t\t\t\t<\/div>\n\t\t\t\t<div class=\"elementor-element elementor-element-290d4d9 elementor-widget elementor-widget-heading\" data-id=\"290d4d9\" data-element_type=\"widget\" data-e-type=\"widget\" id=\"delivery-conditions\" data-widget_type=\"heading.default\">\n\t\t\t\t<div class=\"elementor-widget-container\">\n\t\t\t\t\t<h2 class=\"elementor-heading-title elementor-size-default\">Tempi di consegna<\/h2>\t\t\t\t<\/div>\n\t\t\t\t<\/div>\n\t\t\t\t<div class=\"elementor-element elementor-element-d03a63d elementor-widget elementor-widget-text-editor\" data-id=\"d03a63d\" data-element_type=\"widget\" data-e-type=\"widget\" data-widget_type=\"text-editor.default\">\n\t\t\t\t<div class=\"elementor-widget-container\">\n\t\t\t\t\t\t\t\t\t<p>La consegna \u00e8 in tutto il mondo e su quasi tutti gli ufficiali e <a href=\"https:\/\/developers.google.com\/maps\/documentation\/address-validation\">indirizzi di residenza verificabili<\/a>.<br \/>I tempi di consegna possono variare in base al Paese, in media il tempo di consegna dopo aver effettuato un ordine \u00e8 di 3-4 settimane.<\/p>\t\t\t\t\t\t\t\t<\/div>\n\t\t\t\t<\/div>\n\t\t\t\t<div class=\"elementor-element elementor-element-d7e30ca elementor-widget elementor-widget-heading\" data-id=\"d7e30ca\" data-element_type=\"widget\" data-e-type=\"widget\" id=\"not-satisfied\" data-widget_type=\"heading.default\">\n\t\t\t\t<div class=\"elementor-widget-container\">\n\t\t\t\t\t<h2 class=\"elementor-heading-title elementor-size-default\">Scontento?<\/h2>\t\t\t\t<\/div>\n\t\t\t\t<\/div>\n\t\t\t\t<div class=\"elementor-element elementor-element-40deb68 elementor-widget elementor-widget-text-editor\" data-id=\"40deb68\" data-element_type=\"widget\" data-e-type=\"widget\" data-widget_type=\"text-editor.default\">\n\t\t\t\t<div class=\"elementor-widget-container\">\n\t\t\t\t\t\t\t\t\t<p>Se non sei soddisfatto o hai un reclamo, segnalalo al nostro servizio clienti. Il modo migliore per farlo \u00e8 attraverso di noi <a href=\"https:\/\/mail.ton.connectingminds.net\/it\/modulo-di-reclamo\/\">modulo di reclamo<\/a>. Riceverai quindi una risposta entro sette giorni lavorativi.<\/p><p><b><a href=\"https:\/\/mail.ton.connectingminds.net\/it\/modulo-di-reclamo\/\">Modulo reclami \/ Servizio clienti &gt;&gt;&gt;<\/a><\/b><\/p><p>Il tuo reclamo non \u00e8 stato risolto dopo aver contattato il nostro servizio clienti? Quindi puoi inviarlo per iscritto a:<\/p><p>Connecting Minds BV<br \/>Attn Vintage Cycling Replica Service<br \/>Edificio dell&#039;orologio 254<br \/>5617 AC Eindhoven<\/p><p>Invia il tuo reclamo, indicando il tuo nome, indirizzo, luogo di residenza e numero d&#039;ordine a:<\/p><p>Riceverai una risposta definitiva entro sette giorni lavorativi dalla conferma di ricezione.<\/p><p>Inoltre, i consumatori possono presentare eventuali controversie online e nella propria lingua al Comitato europeo per le controversie. La Commissione europea ha istituito a tale scopo la piattaforma per la risoluzione delle controversie online (ODR). Puoi inviare il tuo reclamo tramite questo link <a href=\"http:\/\/ec.europa.eu\/consumers\/odr\/\" target=\"_blank\" rel=\"noopener\">H<\/a><a href=\"http:\/\/ec.europa.eu\/consumers\/odr\/\" target=\"_blank\" rel=\"noopener\">ttp:\/\/ec.europa.eu\/consumers\/odr\/<\/a>.<\/p><p>Dai anche un&#039;occhiata <a href=\"https:\/\/mail.ton.connectingminds.net\/it\/metodo\/\" target=\"_blank\" rel=\"noopener\">metodo e condizioni &gt;&gt;&gt;<\/a><\/p>\t\t\t\t\t\t\t\t<\/div>\n\t\t\t\t<\/div>\n\t\t\t\t<div class=\"elementor-element elementor-element-dacb4fe elementor-widget elementor-widget-spacer\" data-id=\"dacb4fe\" data-element_type=\"widget\" data-e-type=\"widget\" data-widget_type=\"spacer.default\">\n\t\t\t\t<div class=\"elementor-widget-container\">\n\t\t\t\t\t\t\t<div class=\"elementor-spacer\">\n\t\t\t<div class=\"elementor-spacer-inner\"><\/div>\n\t\t<\/div>\n\t\t\t\t\t\t<\/div>\n\t\t\t\t<\/div>\n\t\t\t\t\t<\/div>\n\t\t<\/div>\n\t\t\t\t\t<\/div>\n\t\t<\/section>\n\t\t\t\t<\/div>","protected":false},"excerpt":{"rendered":"<p>Algemene voorwaarden Je geeft bij een bestelling opdracht om een replica te vervaardigen van een originele wielerkleding. In dit proces wordt zowel een fotografische kopie als handmatige verwerking gebruikt om een geschikt template te maken voor de basis wielerkleding. Verschillende aspecten, zoals afwijkende basismodellen, omzetting van grafische elementen, verwijdering van kledingmerken en verkleuring, spelen hierbij [&hellip;]<\/p>\n","protected":false},"author":1,"featured_media":0,"parent":0,"menu_order":0,"comment_status":"closed","ping_status":"closed","template":"","meta":{"footnotes":""},"class_list":["post-27054","page","type-page","status-publish","hentry"],"yoast_head":"<!-- This site is optimized with the Yoast SEO plugin v27.3 - https:\/\/yoast.com\/product\/yoast-seo-wordpress\/ -->\n<title>Klantenservice - Ton Merckx Wielershirts - Rondreis door de wereld van wielershirts<\/title>\n<meta name=\"robots\" content=\"index, follow, max-snippet:-1, max-image-preview:large, max-video-preview:-1\" \/>\n<link rel=\"canonical\" href=\"https:\/\/mail.tonmerckxwielershirts.nl\/ja\/\u9867\u5ba2\u30b5\u30fc\u30d3\u30b9\/\" \/>\n<meta property=\"og:locale\" content=\"it_IT\" \/>\n<meta property=\"og:type\" content=\"article\" \/>\n<meta property=\"og:title\" content=\"Klantenservice - Ton Merckx Wielershirts - Rondreis door de wereld van wielershirts\" \/>\n<meta property=\"og:description\" content=\"Algemene voorwaarden Je geeft bij een bestelling opdracht om een replica te vervaardigen van een originele wielerkleding. In dit proces wordt zowel een fotografische kopie als handmatige verwerking gebruikt om een geschikt template te maken voor de basis wielerkleding. Verschillende aspecten, zoals afwijkende basismodellen, omzetting van grafische elementen, verwijdering van kledingmerken en verkleuring, spelen hierbij [&hellip;]\" \/>\n<meta property=\"og:url\" content=\"https:\/\/mail.tonmerckxwielershirts.nl\/ja\/\u9867\u5ba2\u30b5\u30fc\u30d3\u30b9\/\" \/>\n<meta property=\"og:site_name\" content=\"Ton Merckx Wielershirts - Rondreis door de wereld van wielershirts\" \/>\n<meta property=\"article:modified_time\" content=\"2024-02-22T12:33:40+00:00\" \/>\n<meta name=\"twitter:card\" content=\"summary_large_image\" \/>\n<meta name=\"twitter:label1\" content=\"Tempo di lettura stimato\" \/>\n\t<meta name=\"twitter:data1\" content=\"2 minuti\" \/>\n<script type=\"application\/ld+json\" class=\"yoast-schema-graph\">{\"@context\":\"https:\\\/\\\/schema.org\",\"@graph\":[{\"@type\":\"WebPage\",\"@id\":\"https:\\\/\\\/mail.tonmerckxwielershirts.nl\\\/ja\\\/%e9%a1%a7%e5%ae%a2%e3%82%b5%e3%83%bc%e3%83%93%e3%82%b9\\\/\",\"url\":\"https:\\\/\\\/mail.tonmerckxwielershirts.nl\\\/ja\\\/%e9%a1%a7%e5%ae%a2%e3%82%b5%e3%83%bc%e3%83%93%e3%82%b9\\\/\",\"name\":\"Klantenservice - Ton Merckx Wielershirts - Rondreis door de wereld van wielershirts\",\"isPartOf\":{\"@id\":\"https:\\\/\\\/mail.tonmerckxwielershirts.nl\\\/ja\\\/#website\"},\"datePublished\":\"2023-03-29T13:06:20+00:00\",\"dateModified\":\"2024-02-22T12:33:40+00:00\",\"breadcrumb\":{\"@id\":\"https:\\\/\\\/mail.tonmerckxwielershirts.nl\\\/ja\\\/%e9%a1%a7%e5%ae%a2%e3%82%b5%e3%83%bc%e3%83%93%e3%82%b9\\\/#breadcrumb\"},\"inLanguage\":\"it-IT\",\"potentialAction\":[{\"@type\":\"ReadAction\",\"target\":[\"https:\\\/\\\/mail.tonmerckxwielershirts.nl\\\/ja\\\/%e9%a1%a7%e5%ae%a2%e3%82%b5%e3%83%bc%e3%83%93%e3%82%b9\\\/\"]}]},{\"@type\":\"BreadcrumbList\",\"@id\":\"https:\\\/\\\/mail.tonmerckxwielershirts.nl\\\/ja\\\/%e9%a1%a7%e5%ae%a2%e3%82%b5%e3%83%bc%e3%83%93%e3%82%b9\\\/#breadcrumb\",\"itemListElement\":[{\"@type\":\"ListItem\",\"position\":1,\"name\":\"Home\",\"item\":\"https:\\\/\\\/mail.tonmerckxwielershirts.nl\\\/ja\\\/\"},{\"@type\":\"ListItem\",\"position\":2,\"name\":\"Klantenservice\"}]},{\"@type\":\"WebSite\",\"@id\":\"https:\\\/\\\/mail.tonmerckxwielershirts.nl\\\/ja\\\/#website\",\"url\":\"https:\\\/\\\/mail.tonmerckxwielershirts.nl\\\/ja\\\/\",\"name\":\"Ton Merckx Wielershirts - Rondreis door de wereld van wielershirts\",\"description\":\"thousands of original cycling jerseys - order your replica!\",\"publisher\":{\"@id\":\"https:\\\/\\\/mail.tonmerckxwielershirts.nl\\\/ja\\\/#organization\"},\"potentialAction\":[{\"@type\":\"SearchAction\",\"target\":{\"@type\":\"EntryPoint\",\"urlTemplate\":\"https:\\\/\\\/mail.tonmerckxwielershirts.nl\\\/ja\\\/?s={search_term_string}\"},\"query-input\":{\"@type\":\"PropertyValueSpecification\",\"valueRequired\":true,\"valueName\":\"search_term_string\"}}],\"inLanguage\":\"it-IT\"},{\"@type\":\"Organization\",\"@id\":\"https:\\\/\\\/mail.tonmerckxwielershirts.nl\\\/ja\\\/#organization\",\"name\":\"Ton Merckx Wielershirts - Rondreis door de wereld van wielershirts\",\"url\":\"https:\\\/\\\/mail.tonmerckxwielershirts.nl\\\/ja\\\/\",\"logo\":{\"@type\":\"ImageObject\",\"inLanguage\":\"it-IT\",\"@id\":\"https:\\\/\\\/mail.tonmerckxwielershirts.nl\\\/ja\\\/#\\\/schema\\\/logo\\\/image\\\/\",\"url\":\"https:\\\/\\\/mail.ton.connectingminds.net\\\/wp-content\\\/uploads\\\/2023\\\/03\\\/ton-merckx-logo.jpg\",\"contentUrl\":\"https:\\\/\\\/mail.ton.connectingminds.net\\\/wp-content\\\/uploads\\\/2023\\\/03\\\/ton-merckx-logo.jpg\",\"width\":391,\"height\":57,\"caption\":\"Ton Merckx Wielershirts - Rondreis door de wereld van wielershirts\"},\"image\":{\"@id\":\"https:\\\/\\\/mail.tonmerckxwielershirts.nl\\\/ja\\\/#\\\/schema\\\/logo\\\/image\\\/\"}}]}<\/script>\n<!-- \/ Yoast SEO plugin. -->","yoast_head_json":{"title":"Servizio clienti - Magliette da ciclismo Ton Merckx - Tour nel mondo delle magliette da ciclismo","robots":{"index":"index","follow":"follow","max-snippet":"max-snippet:-1","max-image-preview":"max-image-preview:large","max-video-preview":"max-video-preview:-1"},"canonical":"https:\/\/mail.tonmerckxwielershirts.nl\/ja\/\u9867\u5ba2\u30b5\u30fc\u30d3\u30b9\/","og_locale":"it_IT","og_type":"article","og_title":"Klantenservice - Ton Merckx Wielershirts - Rondreis door de wereld van wielershirts","og_description":"Algemene voorwaarden Je geeft bij een bestelling opdracht om een replica te vervaardigen van een originele wielerkleding. In dit proces wordt zowel een fotografische kopie als handmatige verwerking gebruikt om een geschikt template te maken voor de basis wielerkleding. Verschillende aspecten, zoals afwijkende basismodellen, omzetting van grafische elementen, verwijdering van kledingmerken en verkleuring, spelen hierbij [&hellip;]","og_url":"https:\/\/mail.tonmerckxwielershirts.nl\/ja\/\u9867\u5ba2\u30b5\u30fc\u30d3\u30b9\/","og_site_name":"Ton Merckx Wielershirts - Rondreis door de wereld van wielershirts","article_modified_time":"2024-02-22T12:33:40+00:00","twitter_card":"summary_large_image","twitter_misc":{"Tempo di lettura stimato":"2 minuti"},"schema":{"@context":"https:\/\/schema.org","@graph":[{"@type":"WebPage","@id":"https:\/\/mail.tonmerckxwielershirts.nl\/ja\/%e9%a1%a7%e5%ae%a2%e3%82%b5%e3%83%bc%e3%83%93%e3%82%b9\/","url":"https:\/\/mail.tonmerckxwielershirts.nl\/ja\/%e9%a1%a7%e5%ae%a2%e3%82%b5%e3%83%bc%e3%83%93%e3%82%b9\/","name":"Servizio clienti - Magliette da ciclismo Ton Merckx - Tour nel mondo delle magliette da ciclismo","isPartOf":{"@id":"https:\/\/mail.tonmerckxwielershirts.nl\/ja\/#website"},"datePublished":"2023-03-29T13:06:20+00:00","dateModified":"2024-02-22T12:33:40+00:00","breadcrumb":{"@id":"https:\/\/mail.tonmerckxwielershirts.nl\/ja\/%e9%a1%a7%e5%ae%a2%e3%82%b5%e3%83%bc%e3%83%93%e3%82%b9\/#breadcrumb"},"inLanguage":"it-IT","potentialAction":[{"@type":"ReadAction","target":["https:\/\/mail.tonmerckxwielershirts.nl\/ja\/%e9%a1%a7%e5%ae%a2%e3%82%b5%e3%83%bc%e3%83%93%e3%82%b9\/"]}]},{"@type":"BreadcrumbList","@id":"https:\/\/mail.tonmerckxwielershirts.nl\/ja\/%e9%a1%a7%e5%ae%a2%e3%82%b5%e3%83%bc%e3%83%93%e3%82%b9\/#breadcrumb","itemListElement":[{"@type":"ListItem","position":1,"name":"Home","item":"https:\/\/mail.tonmerckxwielershirts.nl\/ja\/"},{"@type":"ListItem","position":2,"name":"Klantenservice"}]},{"@type":"WebSite","@id":"https:\/\/mail.tonmerckxwielershirts.nl\/ja\/#website","url":"https:\/\/mail.tonmerckxwielershirts.nl\/ja\/","name":"Magliette da ciclismo Ton Merckx - Tour nel mondo delle magliette da ciclismo","description":"migliaia di maglie da ciclismo originali - ordina la tua replica!","publisher":{"@id":"https:\/\/mail.tonmerckxwielershirts.nl\/ja\/#organization"},"potentialAction":[{"@type":"SearchAction","target":{"@type":"EntryPoint","urlTemplate":"https:\/\/mail.tonmerckxwielershirts.nl\/ja\/?s={search_term_string}"},"query-input":{"@type":"PropertyValueSpecification","valueRequired":true,"valueName":"search_term_string"}}],"inLanguage":"it-IT"},{"@type":"Organization","@id":"https:\/\/mail.tonmerckxwielershirts.nl\/ja\/#organization","name":"Magliette da ciclismo Ton Merckx - Tour nel mondo delle magliette da ciclismo","url":"https:\/\/mail.tonmerckxwielershirts.nl\/ja\/","logo":{"@type":"ImageObject","inLanguage":"it-IT","@id":"https:\/\/mail.tonmerckxwielershirts.nl\/ja\/#\/schema\/logo\/image\/","url":"https:\/\/mail.ton.connectingminds.net\/wp-content\/uploads\/2023\/03\/ton-merckx-logo.jpg","contentUrl":"https:\/\/mail.ton.connectingminds.net\/wp-content\/uploads\/2023\/03\/ton-merckx-logo.jpg","width":391,"height":57,"caption":"Ton Merckx Wielershirts - Rondreis door de wereld van wielershirts"},"image":{"@id":"https:\/\/mail.tonmerckxwielershirts.nl\/ja\/#\/schema\/logo\/image\/"}}]}},"_links":{"self":[{"href":"https:\/\/mail.ton.connectingminds.net\/it\/wp-json\/wp\/v2\/pages\/27054","targetHints":{"allow":["GET"]}}],"collection":[{"href":"https:\/\/mail.ton.connectingminds.net\/it\/wp-json\/wp\/v2\/pages"}],"about":[{"href":"https:\/\/mail.ton.connectingminds.net\/it\/wp-json\/wp\/v2\/types\/page"}],"author":[{"embeddable":true,"href":"https:\/\/mail.ton.connectingminds.net\/it\/wp-json\/wp\/v2\/users\/1"}],"replies":[{"embeddable":true,"href":"https:\/\/mail.ton.connectingminds.net\/it\/wp-json\/wp\/v2\/comments?post=27054"}],"version-history":[{"count":59,"href":"https:\/\/mail.ton.connectingminds.net\/it\/wp-json\/wp\/v2\/pages\/27054\/revisions"}],"predecessor-version":[{"id":29207,"href":"https:\/\/mail.ton.connectingminds.net\/it\/wp-json\/wp\/v2\/pages\/27054\/revisions\/29207"}],"wp:attachment":[{"href":"https:\/\/mail.ton.connectingminds.net\/it\/wp-json\/wp\/v2\/media?parent=27054"}],"curies":[{"name":"wp","href":"https:\/\/api.w.org\/{rel}","templated":true}]}}