{"id":5257,"date":"2023-03-13T20:20:53","date_gmt":"2023-03-13T20:20:53","guid":{"rendered":"https:\/\/ton.connectingminds.net\/?page_id=5257"},"modified":"2023-09-04T20:17:34","modified_gmt":"2023-09-04T18:17:34","slug":"informazioni-su-ton-merckx","status":"publish","type":"page","link":"https:\/\/mail.ton.connectingminds.net\/it\/over-ton-merckx\/","title":{"rendered":"A proposito di Ton Merckx"},"content":{"rendered":"<div data-elementor-type=\"wp-page\" data-elementor-id=\"5257\" class=\"elementor elementor-5257\">\n\t\t\t\t\t\t<section class=\"elementor-section elementor-top-section elementor-element elementor-element-53e2171 elementor-section-full_width elementor-section-height-default elementor-section-height-default\" data-id=\"53e2171\" data-element_type=\"section\" data-e-type=\"section\">\n\t\t\t\t\t\t<div class=\"elementor-container elementor-column-gap-default\">\n\t\t\t\t\t<div class=\"elementor-column elementor-col-100 elementor-top-column elementor-element elementor-element-b86d447\" data-id=\"b86d447\" data-element_type=\"column\" data-e-type=\"column\">\n\t\t\t<div class=\"elementor-widget-wrap elementor-element-populated\">\n\t\t\t\t\t\t<div class=\"elementor-element elementor-element-9648d88 elementor-widget elementor-widget-image\" data-id=\"9648d88\" data-element_type=\"widget\" data-e-type=\"widget\" data-widget_type=\"image.default\">\n\t\t\t\t<div class=\"elementor-widget-container\">\n\t\t\t\t\t\t\t\t\t\t\t\t\t\t\t<img fetchpriority=\"high\" decoding=\"async\" width=\"1024\" height=\"473\" src=\"https:\/\/mail.ton.connectingminds.net\/wp-content\/uploads\/2023\/03\/over-ton-merckx-1024x473.jpg\" class=\"attachment-large size-large wp-image-5269\" alt=\"\" srcset=\"https:\/\/mail.ton.connectingminds.net\/wp-content\/uploads\/2023\/03\/over-ton-merckx-1024x473.jpg 1024w, https:\/\/mail.ton.connectingminds.net\/wp-content\/uploads\/2023\/03\/over-ton-merckx-600x277.jpg 600w, https:\/\/mail.ton.connectingminds.net\/wp-content\/uploads\/2023\/03\/over-ton-merckx-300x138.jpg 300w, https:\/\/mail.ton.connectingminds.net\/wp-content\/uploads\/2023\/03\/over-ton-merckx-768x355.jpg 768w, https:\/\/mail.ton.connectingminds.net\/wp-content\/uploads\/2023\/03\/over-ton-merckx-18x8.jpg 18w, https:\/\/mail.ton.connectingminds.net\/wp-content\/uploads\/2023\/03\/over-ton-merckx.jpg 1302w\" sizes=\"(max-width: 1024px) 100vw, 1024px\" \/>\t\t\t\t\t\t\t\t\t\t\t\t\t\t\t<\/div>\n\t\t\t\t<\/div>\n\t\t\t\t\t<\/div>\n\t\t<\/div>\n\t\t\t\t\t<\/div>\n\t\t<\/section>\n\t\t\t\t<section class=\"elementor-section elementor-top-section elementor-element elementor-element-5d90fe2 elementor-section-boxed elementor-section-height-default elementor-section-height-default\" data-id=\"5d90fe2\" data-element_type=\"section\" data-e-type=\"section\">\n\t\t\t\t\t\t<div class=\"elementor-container elementor-column-gap-default\">\n\t\t\t\t\t<div class=\"elementor-column elementor-col-100 elementor-top-column elementor-element elementor-element-77d137a\" data-id=\"77d137a\" data-element_type=\"column\" data-e-type=\"column\">\n\t\t\t<div class=\"elementor-widget-wrap elementor-element-populated\">\n\t\t\t\t\t\t<div class=\"elementor-element elementor-element-ae1b9ed elementor-widget elementor-widget-spacer\" data-id=\"ae1b9ed\" data-element_type=\"widget\" data-e-type=\"widget\" data-widget_type=\"spacer.default\">\n\t\t\t\t<div class=\"elementor-widget-container\">\n\t\t\t\t\t\t\t<div class=\"elementor-spacer\">\n\t\t\t<div class=\"elementor-spacer-inner\"><\/div>\n\t\t<\/div>\n\t\t\t\t\t\t<\/div>\n\t\t\t\t<\/div>\n\t\t\t\t<div class=\"elementor-element elementor-element-dd90b8e tmrw-text-spacing elementor-widget elementor-widget-text-editor\" data-id=\"dd90b8e\" data-element_type=\"widget\" data-e-type=\"widget\" data-widget_type=\"text-editor.default\">\n\t\t\t\t<div class=\"elementor-widget-container\">\n\t\t\t\t\t\t\t\t\t<p>Il sito web che state per visitare \u00e8 il risultato di oltre 30 anni di collezionismo.<br \/>Niente francobolli o fascette per sigari (che ho collezionato anche in giovent\u00f9, ovviamente) ma MAGLIE DA CICLISMO, e poi solo magliette da ciclismo delle squadre professionistiche.<\/p><p>Ho iniziato a farlo nel 1983, dopo aver visitato il Natour criterium a Valkenswaard. Durante quel criterio ho visto il professionista di ciclismo locale Jan Aling di Bladel indossare una maglietta di HENK WINTERMANS (il famoso coltivatore di mele di Duizel).<br \/>Mi \u00e8 piaciuta cos\u00ec tanto quella maglietta che ho pensato, vedr\u00f2 se non riesco a trovare una maglietta del genere.<br \/>Dopo qualche tempo ho avuto successo e sono andato a Bladel sulla mia bici da corsa per ritirare 5 magliette da Jan Aling (Henk Wintermans, HB Alarmsystemen, Marc-Zeepcentrale, B&amp;S-Elro Snacks e B&amp;S road construction materials), non sapendo ancora che avrei avrebbe iniziato a collezionare MAGLIE DA CICLISMO PRO.<\/p><p>Negli anni &#039;90 la mia collezione \u00e8 decollata enormemente e ho collezionato molte magliette del passato di ex professionisti, la maggior parte delle persone con cui ho parlato allora pensava che fosse solo una &quot;collezione strana&quot;, ma io ne ero molto fanatico.<\/p><p>Nel frattempo ho attraversato in bicicletta la citt\u00e0 e la campagna per ritirare le magliette, se era a portata di bicicletta. Ma ho anche ricevuto molte magliette per posta. Il nostro postino deve avermi maledetto se avevo di nuovo qualche pacco con le magliette. Per sua fortuna ho cominciato a lavorare anche io alle PTT, cos\u00ec potevo almeno risparmiarlo.<\/p><p>Al momento non lavoro pi\u00f9 al PTT, ma sono un impiegato di magazzino presso Nisbets a Eindhoven, e sono anche molto attivo all&#039;interno del nostro tour club TC Wilhelmina con l&#039;impostazione e l&#039;organizzazione di tour. Organizzo anche circa 10 tour all&#039;anno presso il cycling cafe de CYKLIST di Eindhoven. In autunno andr\u00f2 di nuovo in bici a ritirare tante magliette da ciclismo in zona, cos\u00ec che le mie due passioni ciclistiche si fondano nuovamente.<\/p><p>C&#039;\u00e8 una lunga storia dietro la maggior parte delle magliette, specialmente quelle molto vecchie, ma ci vorrebbe troppo tempo per raccontare tutte quelle storie qui. Anche le ricerche di magliette a volte vanno su molti dischi ea volte ci vogliono diversi anni prima che io abbia una maglietta. La maglia dell&#039;AHV Rijen ne \u00e8 un esempio da manuale.<\/p><p>Durante un giro in bicicletta attraverso l&#039;Achterhoek ho visto improvvisamente un&#039;auto con la scritta AHV HONDENFOER RIJEN, che mi ha dato il coraggio di cercare di nuovo quella maglia. I precedenti tentativi erano falliti. Tramite AHV a Rijen, sono entrato in contatto con Barry Adema, dopodich\u00e9 sono finito con Joost Voesenek, Rini van Roon e Dries van Wijhe. Ancora senza successo, alla fine due anni dopo mi sono imbattuto in Wim van Boven che mi ha aiutato con una bella maglia. Sul Veluwe sono passato anche davanti alla fabbrica di tappeti KELA, mi \u00e8 sembrato un nome noto e quando sono tornato a casa ho visto che questa era stata effettivamente sponsor di una squadra di ciclismo nell&#039;anno 1973.<\/p><p>Dopo una lunga ricerca sono entrato in contatto con Peter van Stralen in hippolytushoef, buono per un bel giro in bicicletta attraverso l&#039;Olanda settentrionale. Quando sono arrivato a Schagen (in treno) pioveva a dirotto, quindi sono andato a Hippolytushoef in macchina con il mio compagno di bici da t Veld. Il risultato \u00e8 un&#039;altra bella e unica maglia pi\u00f9 ricca.<\/p><p>Una ricerca unica \u00e8 stata anche per la maglia dei KENYAN RIDERS DOWNUNDER, squadra con molti corridori provenienti dal Kenya e alcuni australiani e neozelandesi. Ho inviato un&#039;e-mail a molti motociclisti e ho aspettato ancora e ancora e poi niente alla fine.<\/p><p>L&#039;ultimo australiano porterebbe una maglia in Olanda se andasse a correre l\u00ec (primavera 2019). Quando finalmente \u00e8 arrivato nei Paesi Bassi, ha interrotto i contatti, dopo aver inviato spesso e-mail avanti e indietro nelle settimane\/mesi precedenti, quindi fine della storia.<\/p><p>Tuttavia, sono entrato in contatto con Mwangi Samwell dal Kenya che alla fine \u00e8 stato in grado di aiutarmi con una maglietta, Mwangi Samwell \u00e8 un professionista solo da 1 anno, ha subito un grave infortunio alla gamba durante una caduta nella prima tappa del Tour of Rwanda, ma ha comunque continuato. Pochi giorni dopo un&#039;altra caduta dove la ferita alla gamba si \u00e8 riaperta e si \u00e8 infettata. Alla fine gli \u00e8 stata amputata una gamba, ma \u00e8 ancora in bicicletta e si sta recando alle PARALIMPIADI di Tokyo. Buona fortuna a lui l\u00ec, un intraprendente merita una medaglia. Per me alla fine per questa maglia: Tutto \u00e8 bene quel che finisce bene. Si spera anche per Mwangi Samwell a Tokyo 2021.<\/p><p>Negli ultimi anni ho anche trovato\/raccolto alcune magliette durante le vacanze. Ho trovato una maglietta da NOTEBOOKSBILLIGER.DE a Potsdam. Vale la pena cercare sul sito web, una maglietta carina e comica (camicia nera con sopra un maiale rosa).<\/p><p>Ho trovato delle magliette dello SPARTAK PRAHA di Praga e ho preso anche 2 magliette dell&#039;ESPERIMENTO 23 a Jablonec nad Nissou L&#039;uomo in questione aveva quelle magliette pronte da qualche anno, perch\u00e9 ero sicuro che sarei tornato a Jablonec in un prossimo futuro .go, c&#039;ero gi\u00e0 stato due volte nella mia infanzia come membro del famoso CORO TIVOLI.<\/p><p>Ho anche raccolto delle belle magliette nella primavera del 2020 in Nuova Zelanda e Australia.<br \/>Spesso frutto di mesi di ricerche, che alla fine si concludono con successo.<\/p><p>Il contatore conta ora quasi 2316 magliette provenienti da 61 paesi e le pi\u00f9 vecchie risalgono al 1950 e 1952.<br \/>Le CAMICIE PIU&#039; BELLE????? Ce ne sono troppi da menzionare\u2026\u2026\u2026.<\/p><p>Il pi\u00f9 caro...<br \/>UNA MAGLIA ARCOBALENO e una MAGLIA GIALLA del Tour de France by BERNARD HINAULT!!!!<\/p><p>\u00a0<\/p><p>Eindhoven, 7 gennaio 2021<br \/>Con saluti sportivi, Ton Merckx<\/p>\t\t\t\t\t\t\t\t<\/div>\n\t\t\t\t<\/div>\n\t\t\t\t<div class=\"elementor-element elementor-element-df087ad elementor-widget elementor-widget-button\" data-id=\"df087ad\" data-element_type=\"widget\" data-e-type=\"widget\" data-widget_type=\"button.default\">\n\t\t\t\t<div class=\"elementor-widget-container\">\n\t\t\t\t\t\t\t\t\t<div class=\"elementor-button-wrapper\">\n\t\t\t\t\t<a class=\"elementor-button elementor-button-link elementor-size-sm\" href=\"https:\/\/cycling-originals.com\/collecting-team-jerseys-for-over-30-years\/\">\n\t\t\t\t\t\t<span class=\"elementor-button-content-wrapper\">\n\t\t\t\t\t\t\t\t\t<span class=\"elementor-button-text\">Intervista Ton Merckx Velo Veritas &gt;<\/span>\n\t\t\t\t\t<\/span>\n\t\t\t\t\t<\/a>\n\t\t\t\t<\/div>\n\t\t\t\t\t\t\t\t<\/div>\n\t\t\t\t<\/div>\n\t\t\t\t<div class=\"elementor-element elementor-element-88380a3 elementor-widget elementor-widget-spacer\" data-id=\"88380a3\" data-element_type=\"widget\" data-e-type=\"widget\" data-widget_type=\"spacer.default\">\n\t\t\t\t<div class=\"elementor-widget-container\">\n\t\t\t\t\t\t\t<div class=\"elementor-spacer\">\n\t\t\t<div class=\"elementor-spacer-inner\"><\/div>\n\t\t<\/div>\n\t\t\t\t\t\t<\/div>\n\t\t\t\t<\/div>\n\t\t\t\t\t<\/div>\n\t\t<\/div>\n\t\t\t\t\t<\/div>\n\t\t<\/section>\n\t\t\t\t<\/div>","protected":false},"excerpt":{"rendered":"<p>De website die u zo dadelijk gaat bezoeken is het resultaat van meer dan 30 jaar verzamelen.Geen postzegels of sigarenbandjes (die ik natuurlijk ook verzameld heb in mijn jeugdjaren) maar WIELERSHIRTS, en dan ook nog alleen wielershirts van profploegen. In 1983 ben ik daarmee begonnen, nadat ik het natourcriterium van Valkenswaard had bezocht. Tijdens dat [&hellip;]<\/p>\n","protected":false},"author":1,"featured_media":0,"parent":0,"menu_order":0,"comment_status":"closed","ping_status":"closed","template":"","meta":{"footnotes":""},"class_list":["post-5257","page","type-page","status-publish","hentry"],"yoast_head":"<!-- This site is optimized with the Yoast SEO plugin v27.3 - https:\/\/yoast.com\/product\/yoast-seo-wordpress\/ -->\n<title>Over Ton Merckx - Ton Merckx Wielershirts - Rondreis door de wereld van wielershirts<\/title>\n<meta name=\"robots\" content=\"index, follow, max-snippet:-1, max-image-preview:large, max-video-preview:-1\" \/>\n<link rel=\"canonical\" href=\"https:\/\/tonmerckxwielershirts.nl\/fr\/a-propos-de-ton-merckx\/\" \/>\n<meta property=\"og:locale\" content=\"it_IT\" \/>\n<meta property=\"og:type\" content=\"article\" \/>\n<meta property=\"og:title\" content=\"Over Ton Merckx - Ton Merckx Wielershirts - Rondreis door de wereld van wielershirts\" \/>\n<meta property=\"og:description\" content=\"De website die u zo dadelijk gaat bezoeken is het resultaat van meer dan 30 jaar verzamelen.Geen postzegels of sigarenbandjes (die ik natuurlijk ook verzameld heb in mijn jeugdjaren) maar WIELERSHIRTS, en dan ook nog alleen wielershirts van profploegen. In 1983 ben ik daarmee begonnen, nadat ik het natourcriterium van Valkenswaard had bezocht. Tijdens dat [&hellip;]\" \/>\n<meta property=\"og:url\" content=\"https:\/\/tonmerckxwielershirts.nl\/fr\/a-propos-de-ton-merckx\/\" \/>\n<meta property=\"og:site_name\" content=\"Ton Merckx Wielershirts - Rondreis door de wereld van wielershirts\" \/>\n<meta property=\"article:modified_time\" content=\"2023-09-04T18:17:34+00:00\" \/>\n<meta property=\"og:image\" content=\"https:\/\/tonmerckxwielershirts.nl\/wp-content\/uploads\/2023\/03\/over-ton-merckx-1024x473.jpg\" \/>\n<meta name=\"twitter:card\" content=\"summary_large_image\" \/>\n<meta name=\"twitter:label1\" content=\"Tempo di lettura stimato\" \/>\n\t<meta name=\"twitter:data1\" content=\"5 minuti\" \/>\n<script type=\"application\/ld+json\" class=\"yoast-schema-graph\">{\"@context\":\"https:\\\/\\\/schema.org\",\"@graph\":[{\"@type\":\"WebPage\",\"@id\":\"https:\\\/\\\/tonmerckxwielershirts.nl\\\/fr\\\/a-propos-de-ton-merckx\\\/\",\"url\":\"https:\\\/\\\/tonmerckxwielershirts.nl\\\/fr\\\/a-propos-de-ton-merckx\\\/\",\"name\":\"Over Ton Merckx - Ton Merckx Wielershirts - Rondreis door de wereld van wielershirts\",\"isPartOf\":{\"@id\":\"https:\\\/\\\/mail.tonmerckxwielershirts.nl\\\/ja\\\/#website\"},\"primaryImageOfPage\":{\"@id\":\"https:\\\/\\\/tonmerckxwielershirts.nl\\\/fr\\\/a-propos-de-ton-merckx\\\/#primaryimage\"},\"image\":{\"@id\":\"https:\\\/\\\/tonmerckxwielershirts.nl\\\/fr\\\/a-propos-de-ton-merckx\\\/#primaryimage\"},\"thumbnailUrl\":\"https:\\\/\\\/tonmerckxwielershirts.nl\\\/wp-content\\\/uploads\\\/2023\\\/03\\\/over-ton-merckx-1024x473.jpg\",\"datePublished\":\"2023-03-13T20:20:53+00:00\",\"dateModified\":\"2023-09-04T18:17:34+00:00\",\"breadcrumb\":{\"@id\":\"https:\\\/\\\/tonmerckxwielershirts.nl\\\/fr\\\/a-propos-de-ton-merckx\\\/#breadcrumb\"},\"inLanguage\":\"it-IT\",\"potentialAction\":[{\"@type\":\"ReadAction\",\"target\":[\"https:\\\/\\\/tonmerckxwielershirts.nl\\\/fr\\\/a-propos-de-ton-merckx\\\/\"]}]},{\"@type\":\"ImageObject\",\"inLanguage\":\"it-IT\",\"@id\":\"https:\\\/\\\/tonmerckxwielershirts.nl\\\/fr\\\/a-propos-de-ton-merckx\\\/#primaryimage\",\"url\":\"https:\\\/\\\/tonmerckxwielershirts.nl\\\/wp-content\\\/uploads\\\/2023\\\/03\\\/over-ton-merckx-1024x473.jpg\",\"contentUrl\":\"https:\\\/\\\/tonmerckxwielershirts.nl\\\/wp-content\\\/uploads\\\/2023\\\/03\\\/over-ton-merckx-1024x473.jpg\"},{\"@type\":\"BreadcrumbList\",\"@id\":\"https:\\\/\\\/tonmerckxwielershirts.nl\\\/fr\\\/a-propos-de-ton-merckx\\\/#breadcrumb\",\"itemListElement\":[{\"@type\":\"ListItem\",\"position\":1,\"name\":\"Home\",\"item\":\"https:\\\/\\\/mail.tonmerckxwielershirts.nl\\\/ja\\\/\"},{\"@type\":\"ListItem\",\"position\":2,\"name\":\"Over Ton Merckx\"}]},{\"@type\":\"WebSite\",\"@id\":\"https:\\\/\\\/mail.tonmerckxwielershirts.nl\\\/ja\\\/#website\",\"url\":\"https:\\\/\\\/mail.tonmerckxwielershirts.nl\\\/ja\\\/\",\"name\":\"Ton Merckx Wielershirts - Rondreis door de wereld van wielershirts\",\"description\":\"thousands of original cycling jerseys - order your replica!\",\"publisher\":{\"@id\":\"https:\\\/\\\/mail.tonmerckxwielershirts.nl\\\/ja\\\/#organization\"},\"potentialAction\":[{\"@type\":\"SearchAction\",\"target\":{\"@type\":\"EntryPoint\",\"urlTemplate\":\"https:\\\/\\\/mail.tonmerckxwielershirts.nl\\\/ja\\\/?s={search_term_string}\"},\"query-input\":{\"@type\":\"PropertyValueSpecification\",\"valueRequired\":true,\"valueName\":\"search_term_string\"}}],\"inLanguage\":\"it-IT\"},{\"@type\":\"Organization\",\"@id\":\"https:\\\/\\\/mail.tonmerckxwielershirts.nl\\\/ja\\\/#organization\",\"name\":\"Ton Merckx Wielershirts - Rondreis door de wereld van wielershirts\",\"url\":\"https:\\\/\\\/mail.tonmerckxwielershirts.nl\\\/ja\\\/\",\"logo\":{\"@type\":\"ImageObject\",\"inLanguage\":\"it-IT\",\"@id\":\"https:\\\/\\\/mail.tonmerckxwielershirts.nl\\\/ja\\\/#\\\/schema\\\/logo\\\/image\\\/\",\"url\":\"https:\\\/\\\/mail.ton.connectingminds.net\\\/wp-content\\\/uploads\\\/2023\\\/03\\\/ton-merckx-logo.jpg\",\"contentUrl\":\"https:\\\/\\\/mail.ton.connectingminds.net\\\/wp-content\\\/uploads\\\/2023\\\/03\\\/ton-merckx-logo.jpg\",\"width\":391,\"height\":57,\"caption\":\"Ton Merckx Wielershirts - Rondreis door de wereld van wielershirts\"},\"image\":{\"@id\":\"https:\\\/\\\/mail.tonmerckxwielershirts.nl\\\/ja\\\/#\\\/schema\\\/logo\\\/image\\\/\"}}]}<\/script>\n<!-- \/ Yoast SEO plugin. -->","yoast_head_json":{"title":"A proposito di Ton Merckx - Ton Merckx Cycling Shirts - Tour nel mondo delle magliette da ciclismo","robots":{"index":"index","follow":"follow","max-snippet":"max-snippet:-1","max-image-preview":"max-image-preview:large","max-video-preview":"max-video-preview:-1"},"canonical":"https:\/\/tonmerckxwielershirts.nl\/fr\/a-propos-de-ton-merckx\/","og_locale":"it_IT","og_type":"article","og_title":"Over Ton Merckx - Ton Merckx Wielershirts - Rondreis door de wereld van wielershirts","og_description":"De website die u zo dadelijk gaat bezoeken is het resultaat van meer dan 30 jaar verzamelen.Geen postzegels of sigarenbandjes (die ik natuurlijk ook verzameld heb in mijn jeugdjaren) maar WIELERSHIRTS, en dan ook nog alleen wielershirts van profploegen. In 1983 ben ik daarmee begonnen, nadat ik het natourcriterium van Valkenswaard had bezocht. Tijdens dat [&hellip;]","og_url":"https:\/\/tonmerckxwielershirts.nl\/fr\/a-propos-de-ton-merckx\/","og_site_name":"Ton Merckx Wielershirts - Rondreis door de wereld van wielershirts","article_modified_time":"2023-09-04T18:17:34+00:00","og_image":[{"url":"https:\/\/tonmerckxwielershirts.nl\/wp-content\/uploads\/2023\/03\/over-ton-merckx-1024x473.jpg","type":"","width":"","height":""}],"twitter_card":"summary_large_image","twitter_misc":{"Tempo di lettura stimato":"5 minuti"},"schema":{"@context":"https:\/\/schema.org","@graph":[{"@type":"WebPage","@id":"https:\/\/tonmerckxwielershirts.nl\/fr\/a-propos-de-ton-merckx\/","url":"https:\/\/tonmerckxwielershirts.nl\/fr\/a-propos-de-ton-merckx\/","name":"A proposito di Ton Merckx - Ton Merckx Cycling Shirts - Tour nel mondo delle magliette da ciclismo","isPartOf":{"@id":"https:\/\/mail.tonmerckxwielershirts.nl\/ja\/#website"},"primaryImageOfPage":{"@id":"https:\/\/tonmerckxwielershirts.nl\/fr\/a-propos-de-ton-merckx\/#primaryimage"},"image":{"@id":"https:\/\/tonmerckxwielershirts.nl\/fr\/a-propos-de-ton-merckx\/#primaryimage"},"thumbnailUrl":"https:\/\/tonmerckxwielershirts.nl\/wp-content\/uploads\/2023\/03\/over-ton-merckx-1024x473.jpg","datePublished":"2023-03-13T20:20:53+00:00","dateModified":"2023-09-04T18:17:34+00:00","breadcrumb":{"@id":"https:\/\/tonmerckxwielershirts.nl\/fr\/a-propos-de-ton-merckx\/#breadcrumb"},"inLanguage":"it-IT","potentialAction":[{"@type":"ReadAction","target":["https:\/\/tonmerckxwielershirts.nl\/fr\/a-propos-de-ton-merckx\/"]}]},{"@type":"ImageObject","inLanguage":"it-IT","@id":"https:\/\/tonmerckxwielershirts.nl\/fr\/a-propos-de-ton-merckx\/#primaryimage","url":"https:\/\/tonmerckxwielershirts.nl\/wp-content\/uploads\/2023\/03\/over-ton-merckx-1024x473.jpg","contentUrl":"https:\/\/tonmerckxwielershirts.nl\/wp-content\/uploads\/2023\/03\/over-ton-merckx-1024x473.jpg"},{"@type":"BreadcrumbList","@id":"https:\/\/tonmerckxwielershirts.nl\/fr\/a-propos-de-ton-merckx\/#breadcrumb","itemListElement":[{"@type":"ListItem","position":1,"name":"Home","item":"https:\/\/mail.tonmerckxwielershirts.nl\/ja\/"},{"@type":"ListItem","position":2,"name":"Over Ton Merckx"}]},{"@type":"WebSite","@id":"https:\/\/mail.tonmerckxwielershirts.nl\/ja\/#website","url":"https:\/\/mail.tonmerckxwielershirts.nl\/ja\/","name":"Magliette da ciclismo Ton Merckx - Tour nel mondo delle magliette da ciclismo","description":"migliaia di maglie da ciclismo originali - ordina la tua replica!","publisher":{"@id":"https:\/\/mail.tonmerckxwielershirts.nl\/ja\/#organization"},"potentialAction":[{"@type":"SearchAction","target":{"@type":"EntryPoint","urlTemplate":"https:\/\/mail.tonmerckxwielershirts.nl\/ja\/?s={search_term_string}"},"query-input":{"@type":"PropertyValueSpecification","valueRequired":true,"valueName":"search_term_string"}}],"inLanguage":"it-IT"},{"@type":"Organization","@id":"https:\/\/mail.tonmerckxwielershirts.nl\/ja\/#organization","name":"Magliette da ciclismo Ton Merckx - Tour nel mondo delle magliette da ciclismo","url":"https:\/\/mail.tonmerckxwielershirts.nl\/ja\/","logo":{"@type":"ImageObject","inLanguage":"it-IT","@id":"https:\/\/mail.tonmerckxwielershirts.nl\/ja\/#\/schema\/logo\/image\/","url":"https:\/\/mail.ton.connectingminds.net\/wp-content\/uploads\/2023\/03\/ton-merckx-logo.jpg","contentUrl":"https:\/\/mail.ton.connectingminds.net\/wp-content\/uploads\/2023\/03\/ton-merckx-logo.jpg","width":391,"height":57,"caption":"Ton Merckx Wielershirts - Rondreis door de wereld van wielershirts"},"image":{"@id":"https:\/\/mail.tonmerckxwielershirts.nl\/ja\/#\/schema\/logo\/image\/"}}]}},"_links":{"self":[{"href":"https:\/\/mail.ton.connectingminds.net\/it\/wp-json\/wp\/v2\/pages\/5257","targetHints":{"allow":["GET"]}}],"collection":[{"href":"https:\/\/mail.ton.connectingminds.net\/it\/wp-json\/wp\/v2\/pages"}],"about":[{"href":"https:\/\/mail.ton.connectingminds.net\/it\/wp-json\/wp\/v2\/types\/page"}],"author":[{"embeddable":true,"href":"https:\/\/mail.ton.connectingminds.net\/it\/wp-json\/wp\/v2\/users\/1"}],"replies":[{"embeddable":true,"href":"https:\/\/mail.ton.connectingminds.net\/it\/wp-json\/wp\/v2\/comments?post=5257"}],"version-history":[{"count":55,"href":"https:\/\/mail.ton.connectingminds.net\/it\/wp-json\/wp\/v2\/pages\/5257\/revisions"}],"predecessor-version":[{"id":27612,"href":"https:\/\/mail.ton.connectingminds.net\/it\/wp-json\/wp\/v2\/pages\/5257\/revisions\/27612"}],"wp:attachment":[{"href":"https:\/\/mail.ton.connectingminds.net\/it\/wp-json\/wp\/v2\/media?parent=5257"}],"curies":[{"name":"wp","href":"https:\/\/api.w.org\/{rel}","templated":true}]}}