{"id":27784,"date":"2023-09-29T12:00:24","date_gmt":"2023-09-29T10:00:24","guid":{"rendered":"https:\/\/mail.ton.connectingminds.net\/?post_type=product&#038;p=27784"},"modified":"2026-01-28T12:00:50","modified_gmt":"2026-01-28T11:00:50","slug":"aa-bevande-leontien-nl-12","status":"publish","type":"product","link":"https:\/\/mail.ton.connectingminds.net\/it\/retro-wielershirt\/wielershirt-algemeen-klassement\/","title":{"rendered":"TOUR DE FRANCE \u2013 CLASSIFICA GENERALE \u2013 2001 \u2013 MAGLIA CICLISMO"},"content":{"rendered":"<p>Durante il TOUR DE FRANCE 2001, Marc Wauters vince la seconda tappa da Calais ad Anversa.<\/p>\n<p>Conquista cos\u00ec la MAGLIA GIALLA, il bello di questa storia \u00e8 che la tappa successiva va da Anversa a Seraing.<\/p>\n<p>E il viaggio attraversa la citt\u00e0 natale di Lummen, colui che indossa la MAGLIA GIALLA.<\/p>\n<p>Quindi una giornata memorabile per Marc Wauters, che rimarr\u00e0 solo per questo, perch\u00e9 dopo la tappa a Seraing aveva gi\u00e0 perso la maglia gialla. Quel giorno, dopo aver superato numerose salite nelle Ardenne, arriv\u00f2 152\u00b0, a 10 minuti e 58 secondi dal vincitore di tappa.<\/p>\n<p>Ma non possono togliergli quel giorno in GIALLO.<\/p>","protected":false},"excerpt":{"rendered":"<p>Tijdens de TOUR DE FRANCE van 2001 wint Marc Wauters de 2e Etappe van Calais naar Antwerpen. Hij verovert daarmee de GELE TRUI, het mooie van dit verhaal is dat de volgende etappe van Antwerpen naar Seraing voert. En de rit gaat door de woonplaats van de GELE TRUI drager Lummen. Dus een memorabele dag [&hellip;]<\/p>\n","protected":false},"featured_media":28316,"template":"","meta":[],"product_brand":[],"product_cat":[54],"product_tag":[],"class_list":{"0":"post-27784","1":"product","2":"type-product","3":"status-publish","4":"has-post-thumbnail","6":"product_cat-leiderstruien","8":"first","9":"onbackorder","10":"taxable","11":"shipping-taxable","12":"purchasable","13":"product-type-variable"},"yoast_head":"<!-- This site is optimized with the Yoast SEO plugin v27.3 - https:\/\/yoast.com\/product\/yoast-seo-wordpress\/ -->\n<title>TOUR DE FRANCE - ALGEMEEN KLASSEMENT - 2001 - WIELERSHIRT - Ton Merckx Wielershirts - Rondreis door de wereld van wielershirts<\/title>\n<meta name=\"robots\" content=\"index, follow, max-snippet:-1, max-image-preview:large, max-video-preview:-1\" \/>\n<link rel=\"canonical\" href=\"https:\/\/mail.ton.connectingminds.net\/it\/maglia-da-ciclismo-retro\/aa-bevande-leontien-nl-12\/\" \/>\n<meta property=\"og:locale\" content=\"it_IT\" \/>\n<meta property=\"og:type\" content=\"article\" \/>\n<meta property=\"og:title\" content=\"TOUR DE FRANCE - ALGEMEEN KLASSEMENT - 2001 - WIELERSHIRT - Ton Merckx Wielershirts - Rondreis door de wereld van wielershirts\" \/>\n<meta property=\"og:description\" content=\"Tijdens de TOUR DE FRANCE van 2001 wint Marc Wauters de 2e Etappe van Calais naar Antwerpen. Hij verovert daarmee de GELE TRUI, het mooie van dit verhaal is dat de volgende etappe van Antwerpen naar Seraing voert. En de rit gaat door de woonplaats van de GELE TRUI drager Lummen. Dus een memorabele dag [&hellip;]\" \/>\n<meta property=\"og:url\" content=\"https:\/\/mail.ton.connectingminds.net\/it\/maglia-da-ciclismo-retro\/aa-bevande-leontien-nl-12\/\" \/>\n<meta property=\"og:site_name\" content=\"Ton Merckx Wielershirts - Rondreis door de wereld van wielershirts\" \/>\n<meta property=\"article:modified_time\" content=\"2026-01-28T11:00:50+00:00\" \/>\n<meta property=\"og:image\" content=\"https:\/\/mail.ton.connectingminds.net\/wp-content\/uploads\/2023\/09\/SSA45342-1.png\" \/>\n\t<meta property=\"og:image:width\" content=\"240\" \/>\n\t<meta property=\"og:image:height\" content=\"320\" \/>\n\t<meta property=\"og:image:type\" content=\"image\/png\" \/>\n<meta name=\"twitter:card\" content=\"summary_large_image\" \/>\n<meta name=\"twitter:label1\" content=\"Tempo di lettura stimato\" \/>\n\t<meta name=\"twitter:data1\" content=\"1 minuto\" \/>\n<script type=\"application\/ld+json\" class=\"yoast-schema-graph\">{\"@context\":\"https:\\\/\\\/schema.org\",\"@graph\":[{\"@type\":\"WebPage\",\"@id\":\"https:\\\/\\\/mail.ton.connectingminds.net\\\/ja\\\/retro-wielershirt\\\/wielershirt-algemeen-klassement\\\/\",\"url\":\"https:\\\/\\\/mail.ton.connectingminds.net\\\/ja\\\/retro-wielershirt\\\/wielershirt-algemeen-klassement\\\/\",\"name\":\"TOUR DE FRANCE - ALGEMEEN KLASSEMENT - 2001 - WIELERSHIRT - Ton Merckx Wielershirts - Rondreis door de wereld van wielershirts\",\"isPartOf\":{\"@id\":\"https:\\\/\\\/ton.connectingminds.net\\\/de\\\/#website\"},\"primaryImageOfPage\":{\"@id\":\"https:\\\/\\\/mail.ton.connectingminds.net\\\/ja\\\/retro-wielershirt\\\/wielershirt-algemeen-klassement\\\/#primaryimage\"},\"image\":{\"@id\":\"https:\\\/\\\/mail.ton.connectingminds.net\\\/ja\\\/retro-wielershirt\\\/wielershirt-algemeen-klassement\\\/#primaryimage\"},\"thumbnailUrl\":\"https:\\\/\\\/mail.ton.connectingminds.net\\\/wp-content\\\/uploads\\\/2023\\\/09\\\/SSA45342-1.png\",\"datePublished\":\"2023-09-29T10:00:24+00:00\",\"dateModified\":\"2026-01-28T11:00:50+00:00\",\"breadcrumb\":{\"@id\":\"https:\\\/\\\/mail.ton.connectingminds.net\\\/ja\\\/retro-wielershirt\\\/wielershirt-algemeen-klassement\\\/#breadcrumb\"},\"inLanguage\":\"it-IT\",\"potentialAction\":[{\"@type\":\"ReadAction\",\"target\":[\"https:\\\/\\\/mail.ton.connectingminds.net\\\/ja\\\/retro-wielershirt\\\/wielershirt-algemeen-klassement\\\/\"]}]},{\"@type\":\"ImageObject\",\"inLanguage\":\"it-IT\",\"@id\":\"https:\\\/\\\/mail.ton.connectingminds.net\\\/ja\\\/retro-wielershirt\\\/wielershirt-algemeen-klassement\\\/#primaryimage\",\"url\":\"https:\\\/\\\/mail.ton.connectingminds.net\\\/wp-content\\\/uploads\\\/2023\\\/09\\\/SSA45342-1.png\",\"contentUrl\":\"https:\\\/\\\/mail.ton.connectingminds.net\\\/wp-content\\\/uploads\\\/2023\\\/09\\\/SSA45342-1.png\",\"width\":240,\"height\":320},{\"@type\":\"BreadcrumbList\",\"@id\":\"https:\\\/\\\/mail.ton.connectingminds.net\\\/ja\\\/retro-wielershirt\\\/wielershirt-algemeen-klassement\\\/#breadcrumb\",\"itemListElement\":[{\"@type\":\"ListItem\",\"position\":1,\"name\":\"Home\",\"item\":\"https:\\\/\\\/ton.connectingminds.net\\\/de\\\/\"},{\"@type\":\"ListItem\",\"position\":2,\"name\":\"Retro wielershirts\",\"item\":\"https:\\\/\\\/ton.connectingminds.net\\\/de\\\/retro-radtrikots\\\/\"},{\"@type\":\"ListItem\",\"position\":3,\"name\":\"TOUR DE FRANCE &#8211; ALGEMEEN KLASSEMENT &#8211; 2001 &#8211; WIELERSHIRT\"}]},{\"@type\":\"WebSite\",\"@id\":\"https:\\\/\\\/ton.connectingminds.net\\\/de\\\/#website\",\"url\":\"https:\\\/\\\/ton.connectingminds.net\\\/de\\\/\",\"name\":\"Ton Merckx Wielershirts - Rondreis door de wereld van wielershirts\",\"description\":\"thousands of original cycling jerseys - order your replica!\",\"publisher\":{\"@id\":\"https:\\\/\\\/ton.connectingminds.net\\\/de\\\/#organization\"},\"potentialAction\":[{\"@type\":\"SearchAction\",\"target\":{\"@type\":\"EntryPoint\",\"urlTemplate\":\"https:\\\/\\\/ton.connectingminds.net\\\/de\\\/?s={search_term_string}\"},\"query-input\":{\"@type\":\"PropertyValueSpecification\",\"valueRequired\":true,\"valueName\":\"search_term_string\"}}],\"inLanguage\":\"it-IT\"},{\"@type\":\"Organization\",\"@id\":\"https:\\\/\\\/ton.connectingminds.net\\\/de\\\/#organization\",\"name\":\"Ton Merckx Wielershirts - Rondreis door de wereld van wielershirts\",\"url\":\"https:\\\/\\\/ton.connectingminds.net\\\/de\\\/\",\"logo\":{\"@type\":\"ImageObject\",\"inLanguage\":\"it-IT\",\"@id\":\"https:\\\/\\\/ton.connectingminds.net\\\/de\\\/#\\\/schema\\\/logo\\\/image\\\/\",\"url\":\"https:\\\/\\\/mail.ton.connectingminds.net\\\/wp-content\\\/uploads\\\/2023\\\/03\\\/ton-merckx-logo.jpg\",\"contentUrl\":\"https:\\\/\\\/mail.ton.connectingminds.net\\\/wp-content\\\/uploads\\\/2023\\\/03\\\/ton-merckx-logo.jpg\",\"width\":391,\"height\":57,\"caption\":\"Ton Merckx Wielershirts - Rondreis door de wereld van wielershirts\"},\"image\":{\"@id\":\"https:\\\/\\\/ton.connectingminds.net\\\/de\\\/#\\\/schema\\\/logo\\\/image\\\/\"}}]}<\/script>\n<!-- \/ Yoast SEO plugin. -->","yoast_head_json":{"title":"TOUR DE FRANCE - CLASSIFICA GENERALE - 2001 - MAGLIA DA CICLISMO - Maglie da ciclismo Ton Merckx - Tour attraverso il mondo delle maglie da ciclismo","robots":{"index":"index","follow":"follow","max-snippet":"max-snippet:-1","max-image-preview":"max-image-preview:large","max-video-preview":"max-video-preview:-1"},"canonical":"https:\/\/mail.ton.connectingminds.net\/it\/maglia-da-ciclismo-retro\/aa-bevande-leontien-nl-12\/","og_locale":"it_IT","og_type":"article","og_title":"TOUR DE FRANCE - ALGEMEEN KLASSEMENT - 2001 - WIELERSHIRT - Ton Merckx Wielershirts - Rondreis door de wereld van wielershirts","og_description":"Tijdens de TOUR DE FRANCE van 2001 wint Marc Wauters de 2e Etappe van Calais naar Antwerpen. Hij verovert daarmee de GELE TRUI, het mooie van dit verhaal is dat de volgende etappe van Antwerpen naar Seraing voert. En de rit gaat door de woonplaats van de GELE TRUI drager Lummen. Dus een memorabele dag [&hellip;]","og_url":"https:\/\/mail.ton.connectingminds.net\/it\/maglia-da-ciclismo-retro\/aa-bevande-leontien-nl-12\/","og_site_name":"Ton Merckx Wielershirts - Rondreis door de wereld van wielershirts","article_modified_time":"2026-01-28T11:00:50+00:00","og_image":[{"width":240,"height":320,"url":"https:\/\/mail.ton.connectingminds.net\/wp-content\/uploads\/2023\/09\/SSA45342-1.png","type":"image\/png"}],"twitter_card":"summary_large_image","twitter_misc":{"Tempo di lettura stimato":"1 minuto"},"schema":{"@context":"https:\/\/schema.org","@graph":[{"@type":"WebPage","@id":"https:\/\/mail.ton.connectingminds.net\/ja\/retro-wielershirt\/wielershirt-algemeen-klassement\/","url":"https:\/\/mail.ton.connectingminds.net\/ja\/retro-wielershirt\/wielershirt-algemeen-klassement\/","name":"TOUR DE FRANCE - CLASSIFICA GENERALE - 2001 - MAGLIA DA CICLISMO - Maglie da ciclismo Ton Merckx - Tour attraverso il mondo delle maglie da ciclismo","isPartOf":{"@id":"https:\/\/ton.connectingminds.net\/de\/#website"},"primaryImageOfPage":{"@id":"https:\/\/mail.ton.connectingminds.net\/ja\/retro-wielershirt\/wielershirt-algemeen-klassement\/#primaryimage"},"image":{"@id":"https:\/\/mail.ton.connectingminds.net\/ja\/retro-wielershirt\/wielershirt-algemeen-klassement\/#primaryimage"},"thumbnailUrl":"https:\/\/mail.ton.connectingminds.net\/wp-content\/uploads\/2023\/09\/SSA45342-1.png","datePublished":"2023-09-29T10:00:24+00:00","dateModified":"2026-01-28T11:00:50+00:00","breadcrumb":{"@id":"https:\/\/mail.ton.connectingminds.net\/ja\/retro-wielershirt\/wielershirt-algemeen-klassement\/#breadcrumb"},"inLanguage":"it-IT","potentialAction":[{"@type":"ReadAction","target":["https:\/\/mail.ton.connectingminds.net\/ja\/retro-wielershirt\/wielershirt-algemeen-klassement\/"]}]},{"@type":"ImageObject","inLanguage":"it-IT","@id":"https:\/\/mail.ton.connectingminds.net\/ja\/retro-wielershirt\/wielershirt-algemeen-klassement\/#primaryimage","url":"https:\/\/mail.ton.connectingminds.net\/wp-content\/uploads\/2023\/09\/SSA45342-1.png","contentUrl":"https:\/\/mail.ton.connectingminds.net\/wp-content\/uploads\/2023\/09\/SSA45342-1.png","width":240,"height":320},{"@type":"BreadcrumbList","@id":"https:\/\/mail.ton.connectingminds.net\/ja\/retro-wielershirt\/wielershirt-algemeen-klassement\/#breadcrumb","itemListElement":[{"@type":"ListItem","position":1,"name":"Home","item":"https:\/\/ton.connectingminds.net\/de\/"},{"@type":"ListItem","position":2,"name":"Retro wielershirts","item":"https:\/\/ton.connectingminds.net\/de\/retro-radtrikots\/"},{"@type":"ListItem","position":3,"name":"TOUR DE FRANCE &#8211; ALGEMEEN KLASSEMENT &#8211; 2001 &#8211; WIELERSHIRT"}]},{"@type":"WebSite","@id":"https:\/\/ton.connectingminds.net\/de\/#website","url":"https:\/\/ton.connectingminds.net\/de\/","name":"Magliette da ciclismo Ton Merckx - Tour nel mondo delle magliette da ciclismo","description":"migliaia di maglie da ciclismo originali - ordina la tua replica!","publisher":{"@id":"https:\/\/ton.connectingminds.net\/de\/#organization"},"potentialAction":[{"@type":"SearchAction","target":{"@type":"EntryPoint","urlTemplate":"https:\/\/ton.connectingminds.net\/de\/?s={search_term_string}"},"query-input":{"@type":"PropertyValueSpecification","valueRequired":true,"valueName":"search_term_string"}}],"inLanguage":"it-IT"},{"@type":"Organization","@id":"https:\/\/ton.connectingminds.net\/de\/#organization","name":"Magliette da ciclismo Ton Merckx - Tour nel mondo delle magliette da ciclismo","url":"https:\/\/ton.connectingminds.net\/de\/","logo":{"@type":"ImageObject","inLanguage":"it-IT","@id":"https:\/\/ton.connectingminds.net\/de\/#\/schema\/logo\/image\/","url":"https:\/\/mail.ton.connectingminds.net\/wp-content\/uploads\/2023\/03\/ton-merckx-logo.jpg","contentUrl":"https:\/\/mail.ton.connectingminds.net\/wp-content\/uploads\/2023\/03\/ton-merckx-logo.jpg","width":391,"height":57,"caption":"Ton Merckx Wielershirts - Rondreis door de wereld van wielershirts"},"image":{"@id":"https:\/\/ton.connectingminds.net\/de\/#\/schema\/logo\/image\/"}}]}},"_links":{"self":[{"href":"https:\/\/mail.ton.connectingminds.net\/it\/wp-json\/wp\/v2\/product\/27784","targetHints":{"allow":["GET"]}}],"collection":[{"href":"https:\/\/mail.ton.connectingminds.net\/it\/wp-json\/wp\/v2\/product"}],"about":[{"href":"https:\/\/mail.ton.connectingminds.net\/it\/wp-json\/wp\/v2\/types\/product"}],"wp:featuredmedia":[{"embeddable":true,"href":"https:\/\/mail.ton.connectingminds.net\/it\/wp-json\/wp\/v2\/media\/28316"}],"wp:attachment":[{"href":"https:\/\/mail.ton.connectingminds.net\/it\/wp-json\/wp\/v2\/media?parent=27784"}],"wp:term":[{"taxonomy":"product_brand","embeddable":true,"href":"https:\/\/mail.ton.connectingminds.net\/it\/wp-json\/wp\/v2\/product_brand?post=27784"},{"taxonomy":"product_cat","embeddable":true,"href":"https:\/\/mail.ton.connectingminds.net\/it\/wp-json\/wp\/v2\/product_cat?post=27784"},{"taxonomy":"product_tag","embeddable":true,"href":"https:\/\/mail.ton.connectingminds.net\/it\/wp-json\/wp\/v2\/product_tag?post=27784"}],"curies":[{"name":"wp","href":"https:\/\/api.w.org\/{rel}","templated":true}]}}