{"id":27054,"date":"2023-03-29T13:06:20","date_gmt":"2023-03-29T13:06:20","guid":{"rendered":"https:\/\/ton.connectingminds.net\/?page_id=27054"},"modified":"2024-02-22T13:33:40","modified_gmt":"2024-02-22T12:33:40","slug":"atendimento-ao-cliente","status":"publish","type":"page","link":"https:\/\/mail.ton.connectingminds.net\/pt\/klantenservice\/","title":{"rendered":"Atendimento ao Cliente"},"content":{"rendered":"<div data-elementor-type=\"wp-page\" data-elementor-id=\"27054\" class=\"elementor elementor-27054\">\n\t\t\t\t\t\t<section class=\"elementor-section elementor-top-section elementor-element elementor-element-49048cd elementor-section-boxed elementor-section-height-default elementor-section-height-default\" data-id=\"49048cd\" data-element_type=\"section\" data-e-type=\"section\">\n\t\t\t\t\t\t<div class=\"elementor-container elementor-column-gap-default\">\n\t\t\t\t\t<div class=\"elementor-column elementor-col-100 elementor-top-column elementor-element elementor-element-50aa614\" data-id=\"50aa614\" data-element_type=\"column\" data-e-type=\"column\">\n\t\t\t<div class=\"elementor-widget-wrap elementor-element-populated\">\n\t\t\t\t\t\t<div class=\"elementor-element elementor-element-14eeed3 elementor-widget elementor-widget-heading\" data-id=\"14eeed3\" data-element_type=\"widget\" data-e-type=\"widget\" id=\"terms-conditions\" data-widget_type=\"heading.default\">\n\t\t\t\t<div class=\"elementor-widget-container\">\n\t\t\t\t\t<h2 class=\"elementor-heading-title elementor-size-default\">Termos e Condi\u00e7\u00f5es<\/h2>\t\t\t\t<\/div>\n\t\t\t\t<\/div>\n\t\t\t\t<div class=\"elementor-element elementor-element-bcd8cf9 elementor-widget elementor-widget-text-editor\" data-id=\"bcd8cf9\" data-element_type=\"widget\" data-e-type=\"widget\" data-widget_type=\"text-editor.default\">\n\t\t\t\t<div class=\"elementor-widget-container\">\n\t\t\t\t\t\t\t\t\t<p>Ao fazer um pedido, voc\u00ea pede para fazer uma r\u00e9plica de uma roupa de ciclismo original. Neste processo, tanto uma c\u00f3pia fotogr\u00e1fica quanto o processamento manual s\u00e3o usados para criar um modelo adequado para a roupa b\u00e1sica de ciclismo. V\u00e1rios aspectos, como desvio de modelos b\u00e1sicos, convers\u00e3o de elementos gr\u00e1ficos, remo\u00e7\u00e3o de marcas de roupas e descolora\u00e7\u00e3o, desempenham um papel nisso, resultando em uma <strong>produto personalizado<\/strong>.<\/p><p>N\u00e3o h\u00e1 direito de rescis\u00e3o para produtos personalizados. Isso significa que n\u00e3o \u00e9 poss\u00edvel devolver produtos personalizados. Apenas em caso de <b>neglig\u00eancia \u00f3bvia<\/b> o subcontratante pode ser declarado inadimplente no processamento da cess\u00e3o, pode ent\u00e3o apresentar uma reclama\u00e7\u00e3o atrav\u00e9s deste formul\u00e1rio.<\/p><p>Recomendamos que voc\u00ea leia atentamente a descri\u00e7\u00e3o do processo antes de solicitar um produto personalizado. Se voc\u00ea tiver alguma d\u00favida sobre nossos produtos personalizados, entre em contato conosco.<\/p><p>Nossos termos e condi\u00e7\u00f5es podem ser baixados aqui &gt;&gt;&gt;<\/p>\t\t\t\t\t\t\t\t<\/div>\n\t\t\t\t<\/div>\n\t\t\t\t<div class=\"elementor-element elementor-element-290d4d9 elementor-widget elementor-widget-heading\" data-id=\"290d4d9\" data-element_type=\"widget\" data-e-type=\"widget\" id=\"delivery-conditions\" data-widget_type=\"heading.default\">\n\t\t\t\t<div class=\"elementor-widget-container\">\n\t\t\t\t\t<h2 class=\"elementor-heading-title elementor-size-default\">Tempos de entrega<\/h2>\t\t\t\t<\/div>\n\t\t\t\t<\/div>\n\t\t\t\t<div class=\"elementor-element elementor-element-d03a63d elementor-widget elementor-widget-text-editor\" data-id=\"d03a63d\" data-element_type=\"widget\" data-e-type=\"widget\" data-widget_type=\"text-editor.default\">\n\t\t\t\t<div class=\"elementor-widget-container\">\n\t\t\t\t\t\t\t\t\t<p>A entrega \u00e9 mundial e em quase todos os sites oficiais e <a href=\"https:\/\/developers.google.com\/maps\/documentation\/address-validation\">endere\u00e7os residenciais verific\u00e1veis<\/a>.<br \/>Os prazos de entrega podem variar de pa\u00eds para pa\u00eds, em m\u00e9dia o prazo de entrega ap\u00f3s fazer um pedido \u00e9 de 3 a 4 semanas.<\/p>\t\t\t\t\t\t\t\t<\/div>\n\t\t\t\t<\/div>\n\t\t\t\t<div class=\"elementor-element elementor-element-d7e30ca elementor-widget elementor-widget-heading\" data-id=\"d7e30ca\" data-element_type=\"widget\" data-e-type=\"widget\" id=\"not-satisfied\" data-widget_type=\"heading.default\">\n\t\t\t\t<div class=\"elementor-widget-container\">\n\t\t\t\t\t<h2 class=\"elementor-heading-title elementor-size-default\">Descontente?<\/h2>\t\t\t\t<\/div>\n\t\t\t\t<\/div>\n\t\t\t\t<div class=\"elementor-element elementor-element-40deb68 elementor-widget elementor-widget-text-editor\" data-id=\"40deb68\" data-element_type=\"widget\" data-e-type=\"widget\" data-widget_type=\"text-editor.default\">\n\t\t\t\t<div class=\"elementor-widget-container\">\n\t\t\t\t\t\t\t\t\t<p>Se voc\u00ea n\u00e3o estiver satisfeito ou tiver uma reclama\u00e7\u00e3o, informe nosso atendimento ao cliente. A melhor maneira de fazer isso \u00e9 atrav\u00e9s de n\u00f3s <a href=\"https:\/\/mail.ton.connectingminds.net\/pt\/formulario-de-reclamacao\/\">formul\u00e1rio de reclama\u00e7\u00e3o<\/a>. Voc\u00ea receber\u00e1 uma resposta dentro de sete dias \u00fateis.<\/p><p><b><a href=\"https:\/\/mail.ton.connectingminds.net\/pt\/formulario-de-reclamacao\/\">Formul\u00e1rio de reclama\u00e7\u00f5es \/ Atendimento ao cliente &gt;&gt;&gt;<\/a><\/b><\/p><p>Sua reclama\u00e7\u00e3o n\u00e3o foi resolvida ap\u00f3s entrar em contato com nosso servi\u00e7o de atendimento ao cliente? Ent\u00e3o voc\u00ea pode enviar isso por escrito para:<\/p><p>Conectando Mentes BV<br \/>Attn Vintage Cycling Replica Service<br \/>constru\u00e7\u00e3o do rel\u00f3gio 254<br \/>5617AC Eindhoven<\/p><p>Envie a sua reclama\u00e7\u00e3o, indicando o seu nome, morada, local de resid\u00eancia e n\u00famero de encomenda para:<\/p><p>Voc\u00ea receber\u00e1 uma resposta definitiva em at\u00e9 sete dias \u00fateis ap\u00f3s a confirma\u00e7\u00e3o do recebimento.<\/p><p>Al\u00e9m disso, os consumidores podem enviar quaisquer disputas online e em seu pr\u00f3prio idioma ao Comit\u00ea Europeu de Lit\u00edgios. A Comiss\u00e3o Europeia criou a plataforma Online Dispute Resolution (ODR) para este fim. Pode submeter a sua reclama\u00e7\u00e3o atrav\u00e9s deste link <a href=\"http:\/\/ec.europa.eu\/consumers\/odr\/\" target=\"_blank\" rel=\"noopener\">h<\/a><a href=\"http:\/\/ec.europa.eu\/consumers\/odr\/\" target=\"_blank\" rel=\"noopener\">ttp:\/\/ec.europa.eu\/consumers\/odr\/<\/a>.<\/p><p>Tamb\u00e9m d\u00ea uma olhada <a href=\"https:\/\/mail.ton.connectingminds.net\/pt\/metodo\/\" target=\"_blank\" rel=\"noopener\">m\u00e9todo e condi\u00e7\u00f5es &gt;&gt;&gt;<\/a><\/p>\t\t\t\t\t\t\t\t<\/div>\n\t\t\t\t<\/div>\n\t\t\t\t<div class=\"elementor-element elementor-element-dacb4fe elementor-widget elementor-widget-spacer\" data-id=\"dacb4fe\" data-element_type=\"widget\" data-e-type=\"widget\" data-widget_type=\"spacer.default\">\n\t\t\t\t<div class=\"elementor-widget-container\">\n\t\t\t\t\t\t\t<div class=\"elementor-spacer\">\n\t\t\t<div class=\"elementor-spacer-inner\"><\/div>\n\t\t<\/div>\n\t\t\t\t\t\t<\/div>\n\t\t\t\t<\/div>\n\t\t\t\t\t<\/div>\n\t\t<\/div>\n\t\t\t\t\t<\/div>\n\t\t<\/section>\n\t\t\t\t<\/div>","protected":false},"excerpt":{"rendered":"<p>Algemene voorwaarden Je geeft bij een bestelling opdracht om een replica te vervaardigen van een originele wielerkleding. In dit proces wordt zowel een fotografische kopie als handmatige verwerking gebruikt om een geschikt template te maken voor de basis wielerkleding. Verschillende aspecten, zoals afwijkende basismodellen, omzetting van grafische elementen, verwijdering van kledingmerken en verkleuring, spelen hierbij [&hellip;]<\/p>\n","protected":false},"author":1,"featured_media":0,"parent":0,"menu_order":0,"comment_status":"closed","ping_status":"closed","template":"","meta":{"footnotes":""},"class_list":["post-27054","page","type-page","status-publish","hentry"],"yoast_head":"<!-- This site is optimized with the Yoast SEO plugin v27.3 - https:\/\/yoast.com\/product\/yoast-seo-wordpress\/ -->\n<title>Klantenservice - Ton Merckx Wielershirts - Rondreis door de wereld van wielershirts<\/title>\n<meta name=\"robots\" content=\"index, follow, max-snippet:-1, max-image-preview:large, max-video-preview:-1\" \/>\n<link rel=\"canonical\" href=\"https:\/\/mail.tonmerckxwielershirts.nl\/ja\/\u9867\u5ba2\u30b5\u30fc\u30d3\u30b9\/\" \/>\n<meta property=\"og:locale\" content=\"pt_PT\" \/>\n<meta property=\"og:type\" content=\"article\" \/>\n<meta property=\"og:title\" content=\"Klantenservice - Ton Merckx Wielershirts - Rondreis door de wereld van wielershirts\" \/>\n<meta property=\"og:description\" content=\"Algemene voorwaarden Je geeft bij een bestelling opdracht om een replica te vervaardigen van een originele wielerkleding. In dit proces wordt zowel een fotografische kopie als handmatige verwerking gebruikt om een geschikt template te maken voor de basis wielerkleding. Verschillende aspecten, zoals afwijkende basismodellen, omzetting van grafische elementen, verwijdering van kledingmerken en verkleuring, spelen hierbij [&hellip;]\" \/>\n<meta property=\"og:url\" content=\"https:\/\/mail.tonmerckxwielershirts.nl\/ja\/\u9867\u5ba2\u30b5\u30fc\u30d3\u30b9\/\" \/>\n<meta property=\"og:site_name\" content=\"Ton Merckx Wielershirts - Rondreis door de wereld van wielershirts\" \/>\n<meta property=\"article:modified_time\" content=\"2024-02-22T12:33:40+00:00\" \/>\n<meta name=\"twitter:card\" content=\"summary_large_image\" \/>\n<meta name=\"twitter:label1\" content=\"Tempo estimado de leitura\" \/>\n\t<meta name=\"twitter:data1\" content=\"2 minutos\" \/>\n<script type=\"application\/ld+json\" class=\"yoast-schema-graph\">{\"@context\":\"https:\\\/\\\/schema.org\",\"@graph\":[{\"@type\":\"WebPage\",\"@id\":\"https:\\\/\\\/mail.tonmerckxwielershirts.nl\\\/ja\\\/%e9%a1%a7%e5%ae%a2%e3%82%b5%e3%83%bc%e3%83%93%e3%82%b9\\\/\",\"url\":\"https:\\\/\\\/mail.tonmerckxwielershirts.nl\\\/ja\\\/%e9%a1%a7%e5%ae%a2%e3%82%b5%e3%83%bc%e3%83%93%e3%82%b9\\\/\",\"name\":\"Klantenservice - Ton Merckx Wielershirts - Rondreis door de wereld van wielershirts\",\"isPartOf\":{\"@id\":\"https:\\\/\\\/mail.tonmerckxwielershirts.nl\\\/ja\\\/#website\"},\"datePublished\":\"2023-03-29T13:06:20+00:00\",\"dateModified\":\"2024-02-22T12:33:40+00:00\",\"breadcrumb\":{\"@id\":\"https:\\\/\\\/mail.tonmerckxwielershirts.nl\\\/ja\\\/%e9%a1%a7%e5%ae%a2%e3%82%b5%e3%83%bc%e3%83%93%e3%82%b9\\\/#breadcrumb\"},\"inLanguage\":\"pt-PT\",\"potentialAction\":[{\"@type\":\"ReadAction\",\"target\":[\"https:\\\/\\\/mail.tonmerckxwielershirts.nl\\\/ja\\\/%e9%a1%a7%e5%ae%a2%e3%82%b5%e3%83%bc%e3%83%93%e3%82%b9\\\/\"]}]},{\"@type\":\"BreadcrumbList\",\"@id\":\"https:\\\/\\\/mail.tonmerckxwielershirts.nl\\\/ja\\\/%e9%a1%a7%e5%ae%a2%e3%82%b5%e3%83%bc%e3%83%93%e3%82%b9\\\/#breadcrumb\",\"itemListElement\":[{\"@type\":\"ListItem\",\"position\":1,\"name\":\"Home\",\"item\":\"https:\\\/\\\/mail.tonmerckxwielershirts.nl\\\/ja\\\/\"},{\"@type\":\"ListItem\",\"position\":2,\"name\":\"Klantenservice\"}]},{\"@type\":\"WebSite\",\"@id\":\"https:\\\/\\\/mail.tonmerckxwielershirts.nl\\\/ja\\\/#website\",\"url\":\"https:\\\/\\\/mail.tonmerckxwielershirts.nl\\\/ja\\\/\",\"name\":\"Ton Merckx Wielershirts - Rondreis door de wereld van wielershirts\",\"description\":\"thousands of original cycling jerseys - order your replica!\",\"publisher\":{\"@id\":\"https:\\\/\\\/mail.tonmerckxwielershirts.nl\\\/ja\\\/#organization\"},\"potentialAction\":[{\"@type\":\"SearchAction\",\"target\":{\"@type\":\"EntryPoint\",\"urlTemplate\":\"https:\\\/\\\/mail.tonmerckxwielershirts.nl\\\/ja\\\/?s={search_term_string}\"},\"query-input\":{\"@type\":\"PropertyValueSpecification\",\"valueRequired\":true,\"valueName\":\"search_term_string\"}}],\"inLanguage\":\"pt-PT\"},{\"@type\":\"Organization\",\"@id\":\"https:\\\/\\\/mail.tonmerckxwielershirts.nl\\\/ja\\\/#organization\",\"name\":\"Ton Merckx Wielershirts - Rondreis door de wereld van wielershirts\",\"url\":\"https:\\\/\\\/mail.tonmerckxwielershirts.nl\\\/ja\\\/\",\"logo\":{\"@type\":\"ImageObject\",\"inLanguage\":\"pt-PT\",\"@id\":\"https:\\\/\\\/mail.tonmerckxwielershirts.nl\\\/ja\\\/#\\\/schema\\\/logo\\\/image\\\/\",\"url\":\"https:\\\/\\\/mail.ton.connectingminds.net\\\/wp-content\\\/uploads\\\/2023\\\/03\\\/ton-merckx-logo.jpg\",\"contentUrl\":\"https:\\\/\\\/mail.ton.connectingminds.net\\\/wp-content\\\/uploads\\\/2023\\\/03\\\/ton-merckx-logo.jpg\",\"width\":391,\"height\":57,\"caption\":\"Ton Merckx Wielershirts - Rondreis door de wereld van wielershirts\"},\"image\":{\"@id\":\"https:\\\/\\\/mail.tonmerckxwielershirts.nl\\\/ja\\\/#\\\/schema\\\/logo\\\/image\\\/\"}}]}<\/script>\n<!-- \/ Yoast SEO plugin. -->","yoast_head_json":{"title":"Atendimento ao cliente - Camisas de ciclismo Ton Merckx - Passeio pelo mundo das camisas de ciclismo","robots":{"index":"index","follow":"follow","max-snippet":"max-snippet:-1","max-image-preview":"max-image-preview:large","max-video-preview":"max-video-preview:-1"},"canonical":"https:\/\/mail.tonmerckxwielershirts.nl\/ja\/\u9867\u5ba2\u30b5\u30fc\u30d3\u30b9\/","og_locale":"pt_PT","og_type":"article","og_title":"Klantenservice - Ton Merckx Wielershirts - Rondreis door de wereld van wielershirts","og_description":"Algemene voorwaarden Je geeft bij een bestelling opdracht om een replica te vervaardigen van een originele wielerkleding. In dit proces wordt zowel een fotografische kopie als handmatige verwerking gebruikt om een geschikt template te maken voor de basis wielerkleding. Verschillende aspecten, zoals afwijkende basismodellen, omzetting van grafische elementen, verwijdering van kledingmerken en verkleuring, spelen hierbij [&hellip;]","og_url":"https:\/\/mail.tonmerckxwielershirts.nl\/ja\/\u9867\u5ba2\u30b5\u30fc\u30d3\u30b9\/","og_site_name":"Ton Merckx Wielershirts - Rondreis door de wereld van wielershirts","article_modified_time":"2024-02-22T12:33:40+00:00","twitter_card":"summary_large_image","twitter_misc":{"Tempo estimado de leitura":"2 minutos"},"schema":{"@context":"https:\/\/schema.org","@graph":[{"@type":"WebPage","@id":"https:\/\/mail.tonmerckxwielershirts.nl\/ja\/%e9%a1%a7%e5%ae%a2%e3%82%b5%e3%83%bc%e3%83%93%e3%82%b9\/","url":"https:\/\/mail.tonmerckxwielershirts.nl\/ja\/%e9%a1%a7%e5%ae%a2%e3%82%b5%e3%83%bc%e3%83%93%e3%82%b9\/","name":"Atendimento ao cliente - Camisas de ciclismo Ton Merckx - Passeio pelo mundo das camisas de ciclismo","isPartOf":{"@id":"https:\/\/mail.tonmerckxwielershirts.nl\/ja\/#website"},"datePublished":"2023-03-29T13:06:20+00:00","dateModified":"2024-02-22T12:33:40+00:00","breadcrumb":{"@id":"https:\/\/mail.tonmerckxwielershirts.nl\/ja\/%e9%a1%a7%e5%ae%a2%e3%82%b5%e3%83%bc%e3%83%93%e3%82%b9\/#breadcrumb"},"inLanguage":"pt-PT","potentialAction":[{"@type":"ReadAction","target":["https:\/\/mail.tonmerckxwielershirts.nl\/ja\/%e9%a1%a7%e5%ae%a2%e3%82%b5%e3%83%bc%e3%83%93%e3%82%b9\/"]}]},{"@type":"BreadcrumbList","@id":"https:\/\/mail.tonmerckxwielershirts.nl\/ja\/%e9%a1%a7%e5%ae%a2%e3%82%b5%e3%83%bc%e3%83%93%e3%82%b9\/#breadcrumb","itemListElement":[{"@type":"ListItem","position":1,"name":"Home","item":"https:\/\/mail.tonmerckxwielershirts.nl\/ja\/"},{"@type":"ListItem","position":2,"name":"Klantenservice"}]},{"@type":"WebSite","@id":"https:\/\/mail.tonmerckxwielershirts.nl\/ja\/#website","url":"https:\/\/mail.tonmerckxwielershirts.nl\/ja\/","name":"Camisas de ciclismo Ton Merckx - Tour pelo mundo das camisas de ciclismo","description":"milhares de camisas de ciclismo originais - encomende a sua r\u00e9plica!","publisher":{"@id":"https:\/\/mail.tonmerckxwielershirts.nl\/ja\/#organization"},"potentialAction":[{"@type":"SearchAction","target":{"@type":"EntryPoint","urlTemplate":"https:\/\/mail.tonmerckxwielershirts.nl\/ja\/?s={search_term_string}"},"query-input":{"@type":"PropertyValueSpecification","valueRequired":true,"valueName":"search_term_string"}}],"inLanguage":"pt-PT"},{"@type":"Organization","@id":"https:\/\/mail.tonmerckxwielershirts.nl\/ja\/#organization","name":"Camisas de ciclismo Ton Merckx - Tour pelo mundo das camisas de ciclismo","url":"https:\/\/mail.tonmerckxwielershirts.nl\/ja\/","logo":{"@type":"ImageObject","inLanguage":"pt-PT","@id":"https:\/\/mail.tonmerckxwielershirts.nl\/ja\/#\/schema\/logo\/image\/","url":"https:\/\/mail.ton.connectingminds.net\/wp-content\/uploads\/2023\/03\/ton-merckx-logo.jpg","contentUrl":"https:\/\/mail.ton.connectingminds.net\/wp-content\/uploads\/2023\/03\/ton-merckx-logo.jpg","width":391,"height":57,"caption":"Ton Merckx Wielershirts - Rondreis door de wereld van wielershirts"},"image":{"@id":"https:\/\/mail.tonmerckxwielershirts.nl\/ja\/#\/schema\/logo\/image\/"}}]}},"_links":{"self":[{"href":"https:\/\/mail.ton.connectingminds.net\/pt\/wp-json\/wp\/v2\/pages\/27054","targetHints":{"allow":["GET"]}}],"collection":[{"href":"https:\/\/mail.ton.connectingminds.net\/pt\/wp-json\/wp\/v2\/pages"}],"about":[{"href":"https:\/\/mail.ton.connectingminds.net\/pt\/wp-json\/wp\/v2\/types\/page"}],"author":[{"embeddable":true,"href":"https:\/\/mail.ton.connectingminds.net\/pt\/wp-json\/wp\/v2\/users\/1"}],"replies":[{"embeddable":true,"href":"https:\/\/mail.ton.connectingminds.net\/pt\/wp-json\/wp\/v2\/comments?post=27054"}],"version-history":[{"count":59,"href":"https:\/\/mail.ton.connectingminds.net\/pt\/wp-json\/wp\/v2\/pages\/27054\/revisions"}],"predecessor-version":[{"id":29207,"href":"https:\/\/mail.ton.connectingminds.net\/pt\/wp-json\/wp\/v2\/pages\/27054\/revisions\/29207"}],"wp:attachment":[{"href":"https:\/\/mail.ton.connectingminds.net\/pt\/wp-json\/wp\/v2\/media?parent=27054"}],"curies":[{"name":"wp","href":"https:\/\/api.w.org\/{rel}","templated":true}]}}