{"id":27592,"date":"2023-08-17T16:32:07","date_gmt":"2023-08-17T14:32:07","guid":{"rendered":"https:\/\/mail.ton.connectingminds.net\/?page_id=27592"},"modified":"2023-08-17T16:51:46","modified_gmt":"2023-08-17T14:51:46","slug":"formulario-de-reclamacao","status":"publish","type":"page","link":"https:\/\/mail.ton.connectingminds.net\/pt\/klachtenformulier\/","title":{"rendered":"Formul\u00e1rio de reclama\u00e7\u00e3o"},"content":{"rendered":"<div data-elementor-type=\"wp-page\" data-elementor-id=\"27592\" class=\"elementor elementor-27592\">\n\t\t\t\t\t\t<section class=\"elementor-section elementor-top-section elementor-element elementor-element-72693be elementor-section-boxed elementor-section-height-default elementor-section-height-default\" data-id=\"72693be\" data-element_type=\"section\" data-e-type=\"section\">\n\t\t\t\t\t\t<div class=\"elementor-container elementor-column-gap-default\">\n\t\t\t\t\t<div class=\"elementor-column elementor-col-100 elementor-top-column elementor-element elementor-element-e7bdcd5\" data-id=\"e7bdcd5\" data-element_type=\"column\" data-e-type=\"column\">\n\t\t\t<div class=\"elementor-widget-wrap elementor-element-populated\">\n\t\t\t\t\t\t<div class=\"elementor-element elementor-element-08c39b4 elementor-widget elementor-widget-text-editor\" data-id=\"08c39b4\" data-element_type=\"widget\" data-e-type=\"widget\" data-widget_type=\"text-editor.default\">\n\t\t\t\t<div class=\"elementor-widget-container\">\n\t\t\t\t\t\t\t\t\t<p><b>FORMUL\u00c1RIO DE RECLAMA\u00c7\u00c3O<\/b><\/p><p>\u00a0<\/p><p><span style=\"font-weight: 400;\">Aqui voc\u00ea pode enviar uma reclama\u00e7\u00e3o referente ao seu pedido de uma r\u00e9plica da roupa de ciclismo original. Pedimos desculpas por quaisquer problemas que voc\u00ea tenha enfrentado em sua compra.<\/span><\/p><p>\u00a0<\/p><p><span style=\"font-weight: 400;\">Para tratar a sua reclama\u00e7\u00e3o, pedimos-lhe que preencha o formul\u00e1rio abaixo. Preencha todos os campos obrigat\u00f3rios e carregue fotos para apoiar sua reclama\u00e7\u00e3o.<\/span><\/p><p>\u00a0<\/p><p><i><span style=\"font-weight: 400;\">Desvios no design ou na cor<\/span><\/i><\/p><p><span style=\"font-weight: 400;\">Com refer\u00eancia aos nossos termos e condi\u00e7\u00f5es relativos \u00e0 personaliza\u00e7\u00e3o, apenas grandes desvios de design ou cor podem ser processados. Se voc\u00ea percebeu isso, voc\u00ea pode enviar e explicar a reclama\u00e7\u00e3o abaixo. Por favor, carregue tamb\u00e9m fotos do desvio.<\/span><\/p><p>\u00a0<\/p><p><i><span style=\"font-weight: 400;\">Tamanho errado\u00a0<\/span><\/i><\/p><p><span style=\"font-weight: 400;\">Se as dimens\u00f5es n\u00e3o estiverem corretas - ou seja, se desviarem da tabela de tamanhos - voc\u00ea pode explicar isso com mais detalhes abaixo. Por favor, carregue tamb\u00e9m fotos do desvio da tabela de tamanhos.<\/span><\/p><p>\u00a0<\/p><p><i><span style=\"font-weight: 400;\">N\u00e3o recebido<\/span><\/i><\/p><p><span style=\"font-weight: 400;\">Se (ainda) n\u00e3o recebeu o pedido, voc\u00ea pode explicar melhor a reclama\u00e7\u00e3o abaixo.<\/span><\/p>\t\t\t\t\t\t\t\t<\/div>\n\t\t\t\t<\/div>\n\t\t\t\t\t<\/div>\n\t\t<\/div>\n\t\t\t\t\t<\/div>\n\t\t<\/section>\n\t\t\t\t<section class=\"elementor-section elementor-top-section elementor-element elementor-element-ce9ea55 elementor-section-boxed elementor-section-height-default elementor-section-height-default\" data-id=\"ce9ea55\" data-element_type=\"section\" data-e-type=\"section\">\n\t\t\t\t\t\t<div class=\"elementor-container elementor-column-gap-default\">\n\t\t\t\t\t<div class=\"elementor-column elementor-col-100 elementor-top-column elementor-element elementor-element-bf153a9\" data-id=\"bf153a9\" data-element_type=\"column\" data-e-type=\"column\">\n\t\t\t<div class=\"elementor-widget-wrap elementor-element-populated\">\n\t\t\t\t\t\t<div class=\"elementor-element elementor-element-5ea963a elementor-widget elementor-widget-shortcode\" data-id=\"5ea963a\" data-element_type=\"widget\" data-e-type=\"widget\" data-widget_type=\"shortcode.default\">\n\t\t\t\t<div class=\"elementor-widget-container\">\n\t\t\t\t\t\t\t<div class=\"elementor-shortcode\">\n<div class=\"wpcf7 no-js\" id=\"wpcf7-f27597-o1\" lang=\"en-US\" dir=\"ltr\" data-wpcf7-id=\"27597\">\n<div class=\"screen-reader-response\"><p role=\"status\" aria-live=\"polite\" aria-atomic=\"true\"><\/p> <ul><\/ul><\/div>\n<form action=\"\/pt\/wp-json\/wp\/v2\/pages\/27592#wpcf7-f27597-o1\" method=\"post\" class=\"wpcf7-form init\" aria-label=\"Formul\u00e1rio de Contato\" novalidate=\"novalidate\" data-status=\"init\" data-trp-original-action=\"\/pt\/wp-json\/wp\/v2\/pages\/27592#wpcf7-f27597-o1\">\n<fieldset class=\"hidden-fields-container\"><input type=\"hidden\" name=\"_wpcf7\" value=\"27597\" \/><input type=\"hidden\" name=\"_wpcf7_version\" value=\"6.1.5\" \/><input type=\"hidden\" name=\"_wpcf7_locale\" value=\"en_US\" \/><input type=\"hidden\" name=\"_wpcf7_unit_tag\" value=\"wpcf7-f27597-o1\" \/><input type=\"hidden\" name=\"_wpcf7_container_post\" value=\"0\" \/><input type=\"hidden\" name=\"_wpcf7_posted_data_hash\" value=\"\" \/><input type=\"hidden\" name=\"_wpcf7_recaptcha_response\" value=\"\" \/>\n<\/fieldset>\n<p><label><strong>Preencha os dados do pedido<\/strong><\/label>\n<\/p>\n<table>\n\t<tr>\n\t\t<td>\n\t\t\t<p>N\u00famero do pedido:\n\t\t\t<\/p>\n\t\t<\/td>\n\t\t<td>\n\t\t\t<p><span class=\"wpcf7-form-control-wrap\" data-name=\"tmrw-order\"><input size=\"40\" maxlength=\"400\" class=\"wpcf7-form-control wpcf7-text wpcf7-validates-as-required\" aria-required=\"true\" aria-invalid=\"false\" value=\"\" type=\"text\" name=\"tmrw-order\" \/><\/span>\n\t\t\t<\/p>\n\t\t<\/td>\n\t<\/tr>\n\t<tr>\n\t\t<td>\n\t\t\t<p>Nome:\n\t\t\t<\/p>\n\t\t<\/td>\n\t\t<td>\n\t\t\t<p><span class=\"wpcf7-form-control-wrap\" data-name=\"tmrw-name\"><input size=\"40\" maxlength=\"400\" class=\"wpcf7-form-control wpcf7-text wpcf7-validates-as-required\" aria-required=\"true\" aria-invalid=\"false\" value=\"\" type=\"text\" name=\"tmrw-name\" \/><\/span>\n\t\t\t<\/p>\n\t\t<\/td>\n\t<\/tr>\n\t<tr>\n\t\t<td>\n\t\t\t<p>N\u00famero de telefone:\n\t\t\t<\/p>\n\t\t<\/td>\n\t\t<td>\n\t\t\t<p><span class=\"wpcf7-form-control-wrap\" data-name=\"tmrw-telephone\"><input size=\"40\" maxlength=\"400\" class=\"wpcf7-form-control wpcf7-tel wpcf7-validates-as-required wpcf7-text wpcf7-validates-as-tel\" aria-required=\"true\" aria-invalid=\"false\" value=\"\" type=\"tel\" name=\"tmrw-telephone\" \/><\/span>\n\t\t\t<\/p>\n\t\t<\/td>\n\t<\/tr>\n\t<tr>\n\t\t<td>\n\t\t\t<p>Endere\u00e7o de email:\n\t\t\t<\/p>\n\t\t<\/td>\n\t\t<td>\n\t\t\t<p><span class=\"wpcf7-form-control-wrap\" data-name=\"tmrw-email\"><input size=\"40\" maxlength=\"400\" class=\"wpcf7-form-control wpcf7-email wpcf7-validates-as-required wpcf7-text wpcf7-validates-as-email\" aria-required=\"true\" aria-invalid=\"false\" value=\"\" type=\"email\" name=\"tmrw-email\" \/><\/span>\n\t\t\t<\/p>\n\t\t<\/td>\n\t<\/tr>\n<\/table>\n<p><label><strong>Descreva sua reclama\u00e7\u00e3o<\/strong><\/label><br \/>\n<span class=\"wpcf7-form-control-wrap\" data-name=\"tmrw-complaint\"><textarea cols=\"40\" rows=\"10\" maxlength=\"2000\" class=\"wpcf7-form-control wpcf7-textarea wpcf7-validates-as-required\" aria-required=\"true\" aria-invalid=\"false\" name=\"tmrw-complaint\"><\/textarea><\/span>\n<\/p>\n<p><label><strong>Carregue fotos relevantes (jpg\/jpeg\/png)<\/strong> (somente em caso de desvios ou tamanho errado)<\/label><br \/>\n<span class=\"wpcf7-form-control-wrap\" data-name=\"tmrw-images\"><input size=\"40\" class=\"wpcf7-form-control wpcf7-drag-n-drop-file d-none\" aria-invalid=\"false\" type=\"file\" multiple=\"multiple\" data-name=\"tmrw-images\" data-type=\"jpg|jpeg|png\" data-max=\"5\" data-id=\"27597\" data-version=\"free version 1.3.9.6\" accept=\".jpg, .jpeg, .png\" \/><\/span>\n<\/p>\n<p><input class=\"wpcf7-form-control wpcf7-submit has-spinner\" type=\"submit\" value=\"Enviar\" \/>\n<\/p><div class=\"wpcf7-response-output\" aria-hidden=\"true\"><\/div>\n<input type=\"hidden\" name=\"trp-form-language\" value=\"pt\"\/><\/form>\n<\/div>\n<\/div>\n\t\t\t\t\t\t<\/div>\n\t\t\t\t<\/div>\n\t\t\t\t\t<\/div>\n\t\t<\/div>\n\t\t\t\t\t<\/div>\n\t\t<\/section>\n\t\t\t\t<\/div>","protected":false},"excerpt":{"rendered":"<p>KLACHTENFORMULIER \u00a0 Hier kan je een klacht indienen met betrekking tot je bestelling van een replica van de originele wielerkleding. Onze excuses voor eventuele problemen die je hebt ondervonden bij je aankoop. \u00a0 Om je klacht te kunnen behandelen, vragen wij je vriendelijk om het onderstaande formulier in te vullen. Gelieve alle verplichte velden in [&hellip;]<\/p>\n","protected":false},"author":1,"featured_media":0,"parent":0,"menu_order":0,"comment_status":"closed","ping_status":"closed","template":"","meta":{"footnotes":""},"class_list":["post-27592","page","type-page","status-publish","hentry"],"yoast_head":"<!-- This site is optimized with the Yoast SEO plugin v27.3 - https:\/\/yoast.com\/product\/yoast-seo-wordpress\/ -->\n<title>Klachtenformulier - Ton Merckx Wielershirts - Rondreis door de wereld van wielershirts<\/title>\n<meta name=\"robots\" content=\"index, follow, max-snippet:-1, max-image-preview:large, max-video-preview:-1\" \/>\n<link rel=\"canonical\" href=\"https:\/\/vintagecycling.store\/klachtenformulier\/\" \/>\n<meta property=\"og:locale\" content=\"pt_PT\" \/>\n<meta property=\"og:type\" content=\"article\" \/>\n<meta property=\"og:title\" content=\"Klachtenformulier - Ton Merckx Wielershirts - Rondreis door de wereld van wielershirts\" \/>\n<meta property=\"og:description\" content=\"KLACHTENFORMULIER \u00a0 Hier kan je een klacht indienen met betrekking tot je bestelling van een replica van de originele wielerkleding. Onze excuses voor eventuele problemen die je hebt ondervonden bij je aankoop. \u00a0 Om je klacht te kunnen behandelen, vragen wij je vriendelijk om het onderstaande formulier in te vullen. Gelieve alle verplichte velden in [&hellip;]\" \/>\n<meta property=\"og:url\" content=\"https:\/\/vintagecycling.store\/klachtenformulier\/\" \/>\n<meta property=\"og:site_name\" content=\"Ton Merckx Wielershirts - Rondreis door de wereld van wielershirts\" \/>\n<meta property=\"article:modified_time\" content=\"2023-08-17T14:51:46+00:00\" \/>\n<meta name=\"twitter:card\" content=\"summary_large_image\" \/>\n<meta name=\"twitter:label1\" content=\"Tempo estimado de leitura\" \/>\n\t<meta name=\"twitter:data1\" content=\"1 minuto\" \/>\n<script type=\"application\/ld+json\" class=\"yoast-schema-graph\">{\"@context\":\"https:\\\/\\\/schema.org\",\"@graph\":[{\"@type\":\"WebPage\",\"@id\":\"https:\\\/\\\/vintagecycling.store\\\/klachtenformulier\\\/\",\"url\":\"https:\\\/\\\/vintagecycling.store\\\/klachtenformulier\\\/\",\"name\":\"Klachtenformulier - Ton Merckx Wielershirts - Rondreis door de wereld van wielershirts\",\"isPartOf\":{\"@id\":\"https:\\\/\\\/mail.tonmerckxwielershirts.nl\\\/ja\\\/#website\"},\"datePublished\":\"2023-08-17T14:32:07+00:00\",\"dateModified\":\"2023-08-17T14:51:46+00:00\",\"breadcrumb\":{\"@id\":\"https:\\\/\\\/vintagecycling.store\\\/klachtenformulier\\\/#breadcrumb\"},\"inLanguage\":\"pt-PT\",\"potentialAction\":[{\"@type\":\"ReadAction\",\"target\":[\"https:\\\/\\\/vintagecycling.store\\\/klachtenformulier\\\/\"]}]},{\"@type\":\"BreadcrumbList\",\"@id\":\"https:\\\/\\\/vintagecycling.store\\\/klachtenformulier\\\/#breadcrumb\",\"itemListElement\":[{\"@type\":\"ListItem\",\"position\":1,\"name\":\"Home\",\"item\":\"https:\\\/\\\/mail.tonmerckxwielershirts.nl\\\/ja\\\/\"},{\"@type\":\"ListItem\",\"position\":2,\"name\":\"Klachtenformulier\"}]},{\"@type\":\"WebSite\",\"@id\":\"https:\\\/\\\/mail.tonmerckxwielershirts.nl\\\/ja\\\/#website\",\"url\":\"https:\\\/\\\/mail.tonmerckxwielershirts.nl\\\/ja\\\/\",\"name\":\"Ton Merckx Wielershirts - Rondreis door de wereld van wielershirts\",\"description\":\"thousands of original cycling jerseys - order your replica!\",\"publisher\":{\"@id\":\"https:\\\/\\\/mail.tonmerckxwielershirts.nl\\\/ja\\\/#organization\"},\"potentialAction\":[{\"@type\":\"SearchAction\",\"target\":{\"@type\":\"EntryPoint\",\"urlTemplate\":\"https:\\\/\\\/mail.tonmerckxwielershirts.nl\\\/ja\\\/?s={search_term_string}\"},\"query-input\":{\"@type\":\"PropertyValueSpecification\",\"valueRequired\":true,\"valueName\":\"search_term_string\"}}],\"inLanguage\":\"pt-PT\"},{\"@type\":\"Organization\",\"@id\":\"https:\\\/\\\/mail.tonmerckxwielershirts.nl\\\/ja\\\/#organization\",\"name\":\"Ton Merckx Wielershirts - Rondreis door de wereld van wielershirts\",\"url\":\"https:\\\/\\\/mail.tonmerckxwielershirts.nl\\\/ja\\\/\",\"logo\":{\"@type\":\"ImageObject\",\"inLanguage\":\"pt-PT\",\"@id\":\"https:\\\/\\\/mail.tonmerckxwielershirts.nl\\\/ja\\\/#\\\/schema\\\/logo\\\/image\\\/\",\"url\":\"https:\\\/\\\/mail.ton.connectingminds.net\\\/wp-content\\\/uploads\\\/2023\\\/03\\\/ton-merckx-logo.jpg\",\"contentUrl\":\"https:\\\/\\\/mail.ton.connectingminds.net\\\/wp-content\\\/uploads\\\/2023\\\/03\\\/ton-merckx-logo.jpg\",\"width\":391,\"height\":57,\"caption\":\"Ton Merckx Wielershirts - Rondreis door de wereld van wielershirts\"},\"image\":{\"@id\":\"https:\\\/\\\/mail.tonmerckxwielershirts.nl\\\/ja\\\/#\\\/schema\\\/logo\\\/image\\\/\"}}]}<\/script>\n<!-- \/ Yoast SEO plugin. -->","yoast_head_json":{"title":"Formul\u00e1rio de reclama\u00e7\u00e3o - Camisas de ciclismo Ton Merckx - Passeio pelo mundo das camisas de ciclismo","robots":{"index":"index","follow":"follow","max-snippet":"max-snippet:-1","max-image-preview":"max-image-preview:large","max-video-preview":"max-video-preview:-1"},"canonical":"https:\/\/vintagecycling.store\/klachtenformulier\/","og_locale":"pt_PT","og_type":"article","og_title":"Klachtenformulier - Ton Merckx Wielershirts - Rondreis door de wereld van wielershirts","og_description":"KLACHTENFORMULIER \u00a0 Hier kan je een klacht indienen met betrekking tot je bestelling van een replica van de originele wielerkleding. Onze excuses voor eventuele problemen die je hebt ondervonden bij je aankoop. \u00a0 Om je klacht te kunnen behandelen, vragen wij je vriendelijk om het onderstaande formulier in te vullen. Gelieve alle verplichte velden in [&hellip;]","og_url":"https:\/\/vintagecycling.store\/klachtenformulier\/","og_site_name":"Ton Merckx Wielershirts - Rondreis door de wereld van wielershirts","article_modified_time":"2023-08-17T14:51:46+00:00","twitter_card":"summary_large_image","twitter_misc":{"Tempo estimado de leitura":"1 minuto"},"schema":{"@context":"https:\/\/schema.org","@graph":[{"@type":"WebPage","@id":"https:\/\/vintagecycling.store\/klachtenformulier\/","url":"https:\/\/vintagecycling.store\/klachtenformulier\/","name":"Formul\u00e1rio de reclama\u00e7\u00e3o - Camisas de ciclismo Ton Merckx - Passeio pelo mundo das camisas de ciclismo","isPartOf":{"@id":"https:\/\/mail.tonmerckxwielershirts.nl\/ja\/#website"},"datePublished":"2023-08-17T14:32:07+00:00","dateModified":"2023-08-17T14:51:46+00:00","breadcrumb":{"@id":"https:\/\/vintagecycling.store\/klachtenformulier\/#breadcrumb"},"inLanguage":"pt-PT","potentialAction":[{"@type":"ReadAction","target":["https:\/\/vintagecycling.store\/klachtenformulier\/"]}]},{"@type":"BreadcrumbList","@id":"https:\/\/vintagecycling.store\/klachtenformulier\/#breadcrumb","itemListElement":[{"@type":"ListItem","position":1,"name":"Home","item":"https:\/\/mail.tonmerckxwielershirts.nl\/ja\/"},{"@type":"ListItem","position":2,"name":"Klachtenformulier"}]},{"@type":"WebSite","@id":"https:\/\/mail.tonmerckxwielershirts.nl\/ja\/#website","url":"https:\/\/mail.tonmerckxwielershirts.nl\/ja\/","name":"Camisas de ciclismo Ton Merckx - Tour pelo mundo das camisas de ciclismo","description":"milhares de camisas de ciclismo originais - encomende a sua r\u00e9plica!","publisher":{"@id":"https:\/\/mail.tonmerckxwielershirts.nl\/ja\/#organization"},"potentialAction":[{"@type":"SearchAction","target":{"@type":"EntryPoint","urlTemplate":"https:\/\/mail.tonmerckxwielershirts.nl\/ja\/?s={search_term_string}"},"query-input":{"@type":"PropertyValueSpecification","valueRequired":true,"valueName":"search_term_string"}}],"inLanguage":"pt-PT"},{"@type":"Organization","@id":"https:\/\/mail.tonmerckxwielershirts.nl\/ja\/#organization","name":"Camisas de ciclismo Ton Merckx - Tour pelo mundo das camisas de ciclismo","url":"https:\/\/mail.tonmerckxwielershirts.nl\/ja\/","logo":{"@type":"ImageObject","inLanguage":"pt-PT","@id":"https:\/\/mail.tonmerckxwielershirts.nl\/ja\/#\/schema\/logo\/image\/","url":"https:\/\/mail.ton.connectingminds.net\/wp-content\/uploads\/2023\/03\/ton-merckx-logo.jpg","contentUrl":"https:\/\/mail.ton.connectingminds.net\/wp-content\/uploads\/2023\/03\/ton-merckx-logo.jpg","width":391,"height":57,"caption":"Ton Merckx Wielershirts - Rondreis door de wereld van wielershirts"},"image":{"@id":"https:\/\/mail.tonmerckxwielershirts.nl\/ja\/#\/schema\/logo\/image\/"}}]}},"_links":{"self":[{"href":"https:\/\/mail.ton.connectingminds.net\/pt\/wp-json\/wp\/v2\/pages\/27592","targetHints":{"allow":["GET"]}}],"collection":[{"href":"https:\/\/mail.ton.connectingminds.net\/pt\/wp-json\/wp\/v2\/pages"}],"about":[{"href":"https:\/\/mail.ton.connectingminds.net\/pt\/wp-json\/wp\/v2\/types\/page"}],"author":[{"embeddable":true,"href":"https:\/\/mail.ton.connectingminds.net\/pt\/wp-json\/wp\/v2\/users\/1"}],"replies":[{"embeddable":true,"href":"https:\/\/mail.ton.connectingminds.net\/pt\/wp-json\/wp\/v2\/comments?post=27592"}],"version-history":[{"count":7,"href":"https:\/\/mail.ton.connectingminds.net\/pt\/wp-json\/wp\/v2\/pages\/27592\/revisions"}],"predecessor-version":[{"id":27600,"href":"https:\/\/mail.ton.connectingminds.net\/pt\/wp-json\/wp\/v2\/pages\/27592\/revisions\/27600"}],"wp:attachment":[{"href":"https:\/\/mail.ton.connectingminds.net\/pt\/wp-json\/wp\/v2\/media?parent=27592"}],"curies":[{"name":"wp","href":"https:\/\/api.w.org\/{rel}","templated":true}]}}