{"id":5257,"date":"2023-03-13T20:20:53","date_gmt":"2023-03-13T20:20:53","guid":{"rendered":"https:\/\/ton.connectingminds.net\/?page_id=5257"},"modified":"2023-09-04T20:17:34","modified_gmt":"2023-09-04T18:17:34","slug":"sobre-ton-merckx","status":"publish","type":"page","link":"https:\/\/mail.ton.connectingminds.net\/pt\/over-ton-merckx\/","title":{"rendered":"Sobre a Ton Merckx"},"content":{"rendered":"<div data-elementor-type=\"wp-page\" data-elementor-id=\"5257\" class=\"elementor elementor-5257\">\n\t\t\t\t\t\t<section class=\"elementor-section elementor-top-section elementor-element elementor-element-53e2171 elementor-section-full_width elementor-section-height-default elementor-section-height-default\" data-id=\"53e2171\" data-element_type=\"section\" data-e-type=\"section\">\n\t\t\t\t\t\t<div class=\"elementor-container elementor-column-gap-default\">\n\t\t\t\t\t<div class=\"elementor-column elementor-col-100 elementor-top-column elementor-element elementor-element-b86d447\" data-id=\"b86d447\" data-element_type=\"column\" data-e-type=\"column\">\n\t\t\t<div class=\"elementor-widget-wrap elementor-element-populated\">\n\t\t\t\t\t\t<div class=\"elementor-element elementor-element-9648d88 elementor-widget elementor-widget-image\" data-id=\"9648d88\" data-element_type=\"widget\" data-e-type=\"widget\" data-widget_type=\"image.default\">\n\t\t\t\t<div class=\"elementor-widget-container\">\n\t\t\t\t\t\t\t\t\t\t\t\t\t\t\t<img fetchpriority=\"high\" decoding=\"async\" width=\"1024\" height=\"473\" src=\"https:\/\/mail.ton.connectingminds.net\/wp-content\/uploads\/2023\/03\/over-ton-merckx-1024x473.jpg\" class=\"attachment-large size-large wp-image-5269\" alt=\"\" srcset=\"https:\/\/mail.ton.connectingminds.net\/wp-content\/uploads\/2023\/03\/over-ton-merckx-1024x473.jpg 1024w, https:\/\/mail.ton.connectingminds.net\/wp-content\/uploads\/2023\/03\/over-ton-merckx-600x277.jpg 600w, https:\/\/mail.ton.connectingminds.net\/wp-content\/uploads\/2023\/03\/over-ton-merckx-300x138.jpg 300w, https:\/\/mail.ton.connectingminds.net\/wp-content\/uploads\/2023\/03\/over-ton-merckx-768x355.jpg 768w, https:\/\/mail.ton.connectingminds.net\/wp-content\/uploads\/2023\/03\/over-ton-merckx-18x8.jpg 18w, https:\/\/mail.ton.connectingminds.net\/wp-content\/uploads\/2023\/03\/over-ton-merckx.jpg 1302w\" sizes=\"(max-width: 1024px) 100vw, 1024px\" \/>\t\t\t\t\t\t\t\t\t\t\t\t\t\t\t<\/div>\n\t\t\t\t<\/div>\n\t\t\t\t\t<\/div>\n\t\t<\/div>\n\t\t\t\t\t<\/div>\n\t\t<\/section>\n\t\t\t\t<section class=\"elementor-section elementor-top-section elementor-element elementor-element-5d90fe2 elementor-section-boxed elementor-section-height-default elementor-section-height-default\" data-id=\"5d90fe2\" data-element_type=\"section\" data-e-type=\"section\">\n\t\t\t\t\t\t<div class=\"elementor-container elementor-column-gap-default\">\n\t\t\t\t\t<div class=\"elementor-column elementor-col-100 elementor-top-column elementor-element elementor-element-77d137a\" data-id=\"77d137a\" data-element_type=\"column\" data-e-type=\"column\">\n\t\t\t<div class=\"elementor-widget-wrap elementor-element-populated\">\n\t\t\t\t\t\t<div class=\"elementor-element elementor-element-ae1b9ed elementor-widget elementor-widget-spacer\" data-id=\"ae1b9ed\" data-element_type=\"widget\" data-e-type=\"widget\" data-widget_type=\"spacer.default\">\n\t\t\t\t<div class=\"elementor-widget-container\">\n\t\t\t\t\t\t\t<div class=\"elementor-spacer\">\n\t\t\t<div class=\"elementor-spacer-inner\"><\/div>\n\t\t<\/div>\n\t\t\t\t\t\t<\/div>\n\t\t\t\t<\/div>\n\t\t\t\t<div class=\"elementor-element elementor-element-dd90b8e tmrw-text-spacing elementor-widget elementor-widget-text-editor\" data-id=\"dd90b8e\" data-element_type=\"widget\" data-e-type=\"widget\" data-widget_type=\"text-editor.default\">\n\t\t\t\t<div class=\"elementor-widget-container\">\n\t\t\t\t\t\t\t\t\t<p>O site que voc\u00ea est\u00e1 prestes a visitar \u00e9 o resultado de mais de 30 anos de coleta.<br \/>Nada de selos ou bandas de charuto (que tamb\u00e9m colecionei na juventude, claro), mas CAMISAS DE CICLISMO, e depois apenas camisas de ciclismo de equipes profissionais.<\/p><p>Comecei a fazer isso em 1983, depois de visitar o crit\u00e9rio Natour em Valkenswaard. Durante esse crit\u00e9rio, vi o profissional de ciclismo local Jan Aling de Bladel andando com uma camisa de HENK WINTERMANS (o famoso fazendeiro de ma\u00e7\u00e3s de Duizel).<br \/>Gostei tanto dessa camisa que pensei, vou ver se n\u00e3o encontro uma camisa dessas.<br \/>Depois de algum tempo tive sucesso e fui para Bladel na minha bicicleta de corrida para pegar 5 camisas de Jan Aling (Henk Wintermans, HB Alarmsystemen, Marc-Zeepcentrale, B&amp;S-Elro Snacks e materiais de constru\u00e7\u00e3o de estradas B&amp;S), ainda sem saber que teria come\u00e7ado a colecionar CAMISAS DE CICLISMO PRO.<\/p><p>Na d\u00e9cada de 1990 minha cole\u00e7\u00e3o decolou enormemente e colecionei muitas camisas do passado de ex-profissionais, a maioria das pessoas com quem conversei achavam que era apenas uma \u201ccole\u00e7\u00e3o esquisita\u201d, mas eu era muito fan\u00e1tico por ela.<\/p><p>Nesse \u00ednterim, eu pedalava pela cidade e pelo pa\u00eds para pegar camisas, se estivesse a uma dist\u00e2ncia de bicicleta. Mas tamb\u00e9m recebi muitas camisas pelo correio. Nosso carteiro deve ter me amaldi\u00e7oado se eu tivesse alguns pacotes com camisas novamente. Felizmente para ele, eu tamb\u00e9m comecei a trabalhar no PTT, ent\u00e3o pelo menos poderia dispens\u00e1-lo.<\/p><p>No momento, n\u00e3o trabalho mais no PTT, mas sou funcion\u00e1rio do dep\u00f3sito da Nisbets em Eindhoven e tamb\u00e9m sou muito ativo em nosso clube de turismo TC Wilhelmina, organizando e organizando passeios. Tamb\u00e9m organizo cerca de 10 passeios por ano no caf\u00e9 de ciclismo de Eindhoven de CYKLIST. No outono irei de bicicleta novamente para pegar muitas camisas de ciclismo na \u00e1rea, para que minhas duas paix\u00f5es de ciclismo se fundam novamente.<\/p><p>H\u00e1 uma longa hist\u00f3ria por tr\u00e1s da maioria das camisas, especialmente as camisas realmente velhas, mas demoraria muito para contar todas essas hist\u00f3rias aqui. Al\u00e9m disso, as buscas por camisas \u00e0s vezes passam por muitos discos e \u00e0s vezes leva v\u00e1rios anos at\u00e9 que eu consiga uma camisa. A camisa AHV Rijen \u00e9 um exemplo cl\u00e1ssico disso.<\/p><p>Durante um passeio de bicicleta pelo Achterhoek, de repente vi um carro passando com o texto AHV HONDENFOER RIJEN, o que me deu coragem para procurar aquela camisa novamente. As tentativas anteriores falharam. Via AHV em Rijen, entrei em contato com Barry Adema, depois acabei com Joost Voesenek, Rini van Roon e Dries van Wijhe. Ainda sem sucesso, no final, dois anos depois, encontrei Wim van Boven que poderia me ajudar com uma bela camisa. No Veluwe tamb\u00e9m passei pela f\u00e1brica de tapetes KELA, achei um nome bem conhecido e quando cheguei em casa vi que realmente havia sido patrocinadora de uma equipe de ciclismo no ano de 1973.<\/p><p>Depois de uma longa busca, encontrei Peter van Stralen em hippolytushoef, bom para um bom passeio de bicicleta pela Holanda do Norte. Quando cheguei em Schagen (de trem) estava chovendo muito, ent\u00e3o fui para Hippolytushoef de carro com meu amigo ciclista de t Veld. O resultado \u00e9 outra camisa linda e \u00fanica mais rica.<\/p><p>Uma busca exclusiva tamb\u00e9m foi pela camisa do KENYAN RIDERS DOWNUNDER, uma equipe com muitos pilotos do Qu\u00eania e alguns australianos e neozelandeses. Enviou muitos pilotos por e-mail e esperou de novo e de novo e nada no final.<\/p><p>O \u00faltimo australiano traria uma camisa para a Holanda se fosse correr l\u00e1 (primavera de 2019). Quando ele finalmente chegou \u00e0 Holanda, ele interrompeu o contato, depois de enviar e-mails com frequ\u00eancia nas semanas \/ meses anteriores, ent\u00e3o fim da hist\u00f3ria.<\/p><p>Ainda assim, entrei em contato com Mwangi Samwell, do Qu\u00eania, que eventualmente conseguiu me ajudar com uma camisa, Mwangi Samwell \u00e9 profissional h\u00e1 apenas 1 ano, sofreu uma grave les\u00e3o na perna durante uma queda na primeira etapa do Tour de Ruanda, mas ainda assim continuou. Alguns dias depois, outra queda onde a ferida na perna reabriu e infeccionou. Eventualmente, sua perna teve que ser amputada, mas ele ainda est\u00e1 pedalando e est\u00e1 a caminho das PARAOlimp\u00edadas de T\u00f3quio. Boa sorte para ele l\u00e1, um empreendedor merece uma medalha. Para mim, no final desta camisa: Tudo est\u00e1 bem quando acaba bem. Esperan\u00e7osamente para Mwangi Samwell em T\u00f3quio 2021 tamb\u00e9m.<\/p><p>Nos \u00faltimos anos tamb\u00e9m encontrei\/recolhi algumas camisas durante as f\u00e9rias. Encontrei uma camisa de NOTEBOOKSBILLIGER.DE em Potsdam. Vale a pena procurar no site, uma camisa bem legal e c\u00f4mica (camisa preta com um porco rosa).<\/p><p>Encontrei algumas camisas do SPARTAK PRAHA em Praga e tamb\u00e9m peguei 2 camisas do EXPERIMENT 23 em Jablonec nad Nissou. O homem em quest\u00e3o tinha essas camisas prontas h\u00e1 alguns anos, porque eu tinha certeza que voltaria a Jablonec em um futuro pr\u00f3ximo .go, j\u00e1 l\u00e1 tinha estado duas vezes na minha inf\u00e2ncia como membro do famoso TIVOLI CHOR.<\/p><p>Tamb\u00e9m comprei algumas camisas legais na primavera de 2020 na Nova Zel\u00e2ndia e na Austr\u00e1lia.<br \/>Muitas vezes o resultado de meses de buscas, que acabam terminando com sucesso.<\/p><p>O contador agora tem quase 2.316 camisas de 61 pa\u00edses e as mais antigas datam de 1950 e 1952.<br \/>As CAMISAS MAIS LINDAS ????? H\u00e1 muitos para mencionar\u2026\u2026\u2026.<\/p><p>O mais querido\u2026<br \/>UMA CAMISA ARCO-\u00cdRIS e uma JERSEY AMARELA do Tour de France por BERNARD HINAULT!!!!<\/p><p>\u00a0<\/p><p>Eindhoven, 7 de janeiro de 2021<br \/>Com cumprimentos desportivos, Ton Merckx<\/p>\t\t\t\t\t\t\t\t<\/div>\n\t\t\t\t<\/div>\n\t\t\t\t<div class=\"elementor-element elementor-element-df087ad elementor-widget elementor-widget-button\" data-id=\"df087ad\" data-element_type=\"widget\" data-e-type=\"widget\" data-widget_type=\"button.default\">\n\t\t\t\t<div class=\"elementor-widget-container\">\n\t\t\t\t\t\t\t\t\t<div class=\"elementor-button-wrapper\">\n\t\t\t\t\t<a class=\"elementor-button elementor-button-link elementor-size-sm\" href=\"https:\/\/cycling-originals.com\/collecting-team-jerseys-for-over-30-years\/\">\n\t\t\t\t\t\t<span class=\"elementor-button-content-wrapper\">\n\t\t\t\t\t\t\t\t\t<span class=\"elementor-button-text\">Entrevista Ton Merckx Velo Veritas &gt;<\/span>\n\t\t\t\t\t<\/span>\n\t\t\t\t\t<\/a>\n\t\t\t\t<\/div>\n\t\t\t\t\t\t\t\t<\/div>\n\t\t\t\t<\/div>\n\t\t\t\t<div class=\"elementor-element elementor-element-88380a3 elementor-widget elementor-widget-spacer\" data-id=\"88380a3\" data-element_type=\"widget\" data-e-type=\"widget\" data-widget_type=\"spacer.default\">\n\t\t\t\t<div class=\"elementor-widget-container\">\n\t\t\t\t\t\t\t<div class=\"elementor-spacer\">\n\t\t\t<div class=\"elementor-spacer-inner\"><\/div>\n\t\t<\/div>\n\t\t\t\t\t\t<\/div>\n\t\t\t\t<\/div>\n\t\t\t\t\t<\/div>\n\t\t<\/div>\n\t\t\t\t\t<\/div>\n\t\t<\/section>\n\t\t\t\t<\/div>","protected":false},"excerpt":{"rendered":"<p>De website die u zo dadelijk gaat bezoeken is het resultaat van meer dan 30 jaar verzamelen.Geen postzegels of sigarenbandjes (die ik natuurlijk ook verzameld heb in mijn jeugdjaren) maar WIELERSHIRTS, en dan ook nog alleen wielershirts van profploegen. In 1983 ben ik daarmee begonnen, nadat ik het natourcriterium van Valkenswaard had bezocht. Tijdens dat [&hellip;]<\/p>\n","protected":false},"author":1,"featured_media":0,"parent":0,"menu_order":0,"comment_status":"closed","ping_status":"closed","template":"","meta":{"footnotes":""},"class_list":["post-5257","page","type-page","status-publish","hentry"],"yoast_head":"<!-- This site is optimized with the Yoast SEO plugin v27.3 - https:\/\/yoast.com\/product\/yoast-seo-wordpress\/ -->\n<title>Over Ton Merckx - Ton Merckx Wielershirts - Rondreis door de wereld van wielershirts<\/title>\n<meta name=\"robots\" content=\"index, follow, max-snippet:-1, max-image-preview:large, max-video-preview:-1\" \/>\n<link rel=\"canonical\" href=\"https:\/\/tonmerckxwielershirts.nl\/fr\/a-propos-de-ton-merckx\/\" \/>\n<meta property=\"og:locale\" content=\"pt_PT\" \/>\n<meta property=\"og:type\" content=\"article\" \/>\n<meta property=\"og:title\" content=\"Over Ton Merckx - Ton Merckx Wielershirts - Rondreis door de wereld van wielershirts\" \/>\n<meta property=\"og:description\" content=\"De website die u zo dadelijk gaat bezoeken is het resultaat van meer dan 30 jaar verzamelen.Geen postzegels of sigarenbandjes (die ik natuurlijk ook verzameld heb in mijn jeugdjaren) maar WIELERSHIRTS, en dan ook nog alleen wielershirts van profploegen. In 1983 ben ik daarmee begonnen, nadat ik het natourcriterium van Valkenswaard had bezocht. Tijdens dat [&hellip;]\" \/>\n<meta property=\"og:url\" content=\"https:\/\/tonmerckxwielershirts.nl\/fr\/a-propos-de-ton-merckx\/\" \/>\n<meta property=\"og:site_name\" content=\"Ton Merckx Wielershirts - Rondreis door de wereld van wielershirts\" \/>\n<meta property=\"article:modified_time\" content=\"2023-09-04T18:17:34+00:00\" \/>\n<meta property=\"og:image\" content=\"https:\/\/tonmerckxwielershirts.nl\/wp-content\/uploads\/2023\/03\/over-ton-merckx-1024x473.jpg\" \/>\n<meta name=\"twitter:card\" content=\"summary_large_image\" \/>\n<meta name=\"twitter:label1\" content=\"Tempo estimado de leitura\" \/>\n\t<meta name=\"twitter:data1\" content=\"5 minutos\" \/>\n<script type=\"application\/ld+json\" class=\"yoast-schema-graph\">{\"@context\":\"https:\\\/\\\/schema.org\",\"@graph\":[{\"@type\":\"WebPage\",\"@id\":\"https:\\\/\\\/tonmerckxwielershirts.nl\\\/fr\\\/a-propos-de-ton-merckx\\\/\",\"url\":\"https:\\\/\\\/tonmerckxwielershirts.nl\\\/fr\\\/a-propos-de-ton-merckx\\\/\",\"name\":\"Over Ton Merckx - Ton Merckx Wielershirts - Rondreis door de wereld van wielershirts\",\"isPartOf\":{\"@id\":\"https:\\\/\\\/mail.tonmerckxwielershirts.nl\\\/ja\\\/#website\"},\"primaryImageOfPage\":{\"@id\":\"https:\\\/\\\/tonmerckxwielershirts.nl\\\/fr\\\/a-propos-de-ton-merckx\\\/#primaryimage\"},\"image\":{\"@id\":\"https:\\\/\\\/tonmerckxwielershirts.nl\\\/fr\\\/a-propos-de-ton-merckx\\\/#primaryimage\"},\"thumbnailUrl\":\"https:\\\/\\\/tonmerckxwielershirts.nl\\\/wp-content\\\/uploads\\\/2023\\\/03\\\/over-ton-merckx-1024x473.jpg\",\"datePublished\":\"2023-03-13T20:20:53+00:00\",\"dateModified\":\"2023-09-04T18:17:34+00:00\",\"breadcrumb\":{\"@id\":\"https:\\\/\\\/tonmerckxwielershirts.nl\\\/fr\\\/a-propos-de-ton-merckx\\\/#breadcrumb\"},\"inLanguage\":\"pt-PT\",\"potentialAction\":[{\"@type\":\"ReadAction\",\"target\":[\"https:\\\/\\\/tonmerckxwielershirts.nl\\\/fr\\\/a-propos-de-ton-merckx\\\/\"]}]},{\"@type\":\"ImageObject\",\"inLanguage\":\"pt-PT\",\"@id\":\"https:\\\/\\\/tonmerckxwielershirts.nl\\\/fr\\\/a-propos-de-ton-merckx\\\/#primaryimage\",\"url\":\"https:\\\/\\\/tonmerckxwielershirts.nl\\\/wp-content\\\/uploads\\\/2023\\\/03\\\/over-ton-merckx-1024x473.jpg\",\"contentUrl\":\"https:\\\/\\\/tonmerckxwielershirts.nl\\\/wp-content\\\/uploads\\\/2023\\\/03\\\/over-ton-merckx-1024x473.jpg\"},{\"@type\":\"BreadcrumbList\",\"@id\":\"https:\\\/\\\/tonmerckxwielershirts.nl\\\/fr\\\/a-propos-de-ton-merckx\\\/#breadcrumb\",\"itemListElement\":[{\"@type\":\"ListItem\",\"position\":1,\"name\":\"Home\",\"item\":\"https:\\\/\\\/mail.tonmerckxwielershirts.nl\\\/ja\\\/\"},{\"@type\":\"ListItem\",\"position\":2,\"name\":\"Over Ton Merckx\"}]},{\"@type\":\"WebSite\",\"@id\":\"https:\\\/\\\/mail.tonmerckxwielershirts.nl\\\/ja\\\/#website\",\"url\":\"https:\\\/\\\/mail.tonmerckxwielershirts.nl\\\/ja\\\/\",\"name\":\"Ton Merckx Wielershirts - Rondreis door de wereld van wielershirts\",\"description\":\"thousands of original cycling jerseys - order your replica!\",\"publisher\":{\"@id\":\"https:\\\/\\\/mail.tonmerckxwielershirts.nl\\\/ja\\\/#organization\"},\"potentialAction\":[{\"@type\":\"SearchAction\",\"target\":{\"@type\":\"EntryPoint\",\"urlTemplate\":\"https:\\\/\\\/mail.tonmerckxwielershirts.nl\\\/ja\\\/?s={search_term_string}\"},\"query-input\":{\"@type\":\"PropertyValueSpecification\",\"valueRequired\":true,\"valueName\":\"search_term_string\"}}],\"inLanguage\":\"pt-PT\"},{\"@type\":\"Organization\",\"@id\":\"https:\\\/\\\/mail.tonmerckxwielershirts.nl\\\/ja\\\/#organization\",\"name\":\"Ton Merckx Wielershirts - Rondreis door de wereld van wielershirts\",\"url\":\"https:\\\/\\\/mail.tonmerckxwielershirts.nl\\\/ja\\\/\",\"logo\":{\"@type\":\"ImageObject\",\"inLanguage\":\"pt-PT\",\"@id\":\"https:\\\/\\\/mail.tonmerckxwielershirts.nl\\\/ja\\\/#\\\/schema\\\/logo\\\/image\\\/\",\"url\":\"https:\\\/\\\/mail.ton.connectingminds.net\\\/wp-content\\\/uploads\\\/2023\\\/03\\\/ton-merckx-logo.jpg\",\"contentUrl\":\"https:\\\/\\\/mail.ton.connectingminds.net\\\/wp-content\\\/uploads\\\/2023\\\/03\\\/ton-merckx-logo.jpg\",\"width\":391,\"height\":57,\"caption\":\"Ton Merckx Wielershirts - Rondreis door de wereld van wielershirts\"},\"image\":{\"@id\":\"https:\\\/\\\/mail.tonmerckxwielershirts.nl\\\/ja\\\/#\\\/schema\\\/logo\\\/image\\\/\"}}]}<\/script>\n<!-- \/ Yoast SEO plugin. -->","yoast_head_json":{"title":"Sobre a Ton Merckx - Camisas de ciclismo Ton Merckx - Passeio pelo mundo das camisas de ciclismo","robots":{"index":"index","follow":"follow","max-snippet":"max-snippet:-1","max-image-preview":"max-image-preview:large","max-video-preview":"max-video-preview:-1"},"canonical":"https:\/\/tonmerckxwielershirts.nl\/fr\/a-propos-de-ton-merckx\/","og_locale":"pt_PT","og_type":"article","og_title":"Over Ton Merckx - Ton Merckx Wielershirts - Rondreis door de wereld van wielershirts","og_description":"De website die u zo dadelijk gaat bezoeken is het resultaat van meer dan 30 jaar verzamelen.Geen postzegels of sigarenbandjes (die ik natuurlijk ook verzameld heb in mijn jeugdjaren) maar WIELERSHIRTS, en dan ook nog alleen wielershirts van profploegen. In 1983 ben ik daarmee begonnen, nadat ik het natourcriterium van Valkenswaard had bezocht. Tijdens dat [&hellip;]","og_url":"https:\/\/tonmerckxwielershirts.nl\/fr\/a-propos-de-ton-merckx\/","og_site_name":"Ton Merckx Wielershirts - Rondreis door de wereld van wielershirts","article_modified_time":"2023-09-04T18:17:34+00:00","og_image":[{"url":"https:\/\/tonmerckxwielershirts.nl\/wp-content\/uploads\/2023\/03\/over-ton-merckx-1024x473.jpg","type":"","width":"","height":""}],"twitter_card":"summary_large_image","twitter_misc":{"Tempo estimado de leitura":"5 minutos"},"schema":{"@context":"https:\/\/schema.org","@graph":[{"@type":"WebPage","@id":"https:\/\/tonmerckxwielershirts.nl\/fr\/a-propos-de-ton-merckx\/","url":"https:\/\/tonmerckxwielershirts.nl\/fr\/a-propos-de-ton-merckx\/","name":"Sobre a Ton Merckx - Camisas de ciclismo Ton Merckx - Passeio pelo mundo das camisas de ciclismo","isPartOf":{"@id":"https:\/\/mail.tonmerckxwielershirts.nl\/ja\/#website"},"primaryImageOfPage":{"@id":"https:\/\/tonmerckxwielershirts.nl\/fr\/a-propos-de-ton-merckx\/#primaryimage"},"image":{"@id":"https:\/\/tonmerckxwielershirts.nl\/fr\/a-propos-de-ton-merckx\/#primaryimage"},"thumbnailUrl":"https:\/\/tonmerckxwielershirts.nl\/wp-content\/uploads\/2023\/03\/over-ton-merckx-1024x473.jpg","datePublished":"2023-03-13T20:20:53+00:00","dateModified":"2023-09-04T18:17:34+00:00","breadcrumb":{"@id":"https:\/\/tonmerckxwielershirts.nl\/fr\/a-propos-de-ton-merckx\/#breadcrumb"},"inLanguage":"pt-PT","potentialAction":[{"@type":"ReadAction","target":["https:\/\/tonmerckxwielershirts.nl\/fr\/a-propos-de-ton-merckx\/"]}]},{"@type":"ImageObject","inLanguage":"pt-PT","@id":"https:\/\/tonmerckxwielershirts.nl\/fr\/a-propos-de-ton-merckx\/#primaryimage","url":"https:\/\/tonmerckxwielershirts.nl\/wp-content\/uploads\/2023\/03\/over-ton-merckx-1024x473.jpg","contentUrl":"https:\/\/tonmerckxwielershirts.nl\/wp-content\/uploads\/2023\/03\/over-ton-merckx-1024x473.jpg"},{"@type":"BreadcrumbList","@id":"https:\/\/tonmerckxwielershirts.nl\/fr\/a-propos-de-ton-merckx\/#breadcrumb","itemListElement":[{"@type":"ListItem","position":1,"name":"Home","item":"https:\/\/mail.tonmerckxwielershirts.nl\/ja\/"},{"@type":"ListItem","position":2,"name":"Over Ton Merckx"}]},{"@type":"WebSite","@id":"https:\/\/mail.tonmerckxwielershirts.nl\/ja\/#website","url":"https:\/\/mail.tonmerckxwielershirts.nl\/ja\/","name":"Camisas de ciclismo Ton Merckx - Tour pelo mundo das camisas de ciclismo","description":"milhares de camisas de ciclismo originais - encomende a sua r\u00e9plica!","publisher":{"@id":"https:\/\/mail.tonmerckxwielershirts.nl\/ja\/#organization"},"potentialAction":[{"@type":"SearchAction","target":{"@type":"EntryPoint","urlTemplate":"https:\/\/mail.tonmerckxwielershirts.nl\/ja\/?s={search_term_string}"},"query-input":{"@type":"PropertyValueSpecification","valueRequired":true,"valueName":"search_term_string"}}],"inLanguage":"pt-PT"},{"@type":"Organization","@id":"https:\/\/mail.tonmerckxwielershirts.nl\/ja\/#organization","name":"Camisas de ciclismo Ton Merckx - Tour pelo mundo das camisas de ciclismo","url":"https:\/\/mail.tonmerckxwielershirts.nl\/ja\/","logo":{"@type":"ImageObject","inLanguage":"pt-PT","@id":"https:\/\/mail.tonmerckxwielershirts.nl\/ja\/#\/schema\/logo\/image\/","url":"https:\/\/mail.ton.connectingminds.net\/wp-content\/uploads\/2023\/03\/ton-merckx-logo.jpg","contentUrl":"https:\/\/mail.ton.connectingminds.net\/wp-content\/uploads\/2023\/03\/ton-merckx-logo.jpg","width":391,"height":57,"caption":"Ton Merckx Wielershirts - Rondreis door de wereld van wielershirts"},"image":{"@id":"https:\/\/mail.tonmerckxwielershirts.nl\/ja\/#\/schema\/logo\/image\/"}}]}},"_links":{"self":[{"href":"https:\/\/mail.ton.connectingminds.net\/pt\/wp-json\/wp\/v2\/pages\/5257","targetHints":{"allow":["GET"]}}],"collection":[{"href":"https:\/\/mail.ton.connectingminds.net\/pt\/wp-json\/wp\/v2\/pages"}],"about":[{"href":"https:\/\/mail.ton.connectingminds.net\/pt\/wp-json\/wp\/v2\/types\/page"}],"author":[{"embeddable":true,"href":"https:\/\/mail.ton.connectingminds.net\/pt\/wp-json\/wp\/v2\/users\/1"}],"replies":[{"embeddable":true,"href":"https:\/\/mail.ton.connectingminds.net\/pt\/wp-json\/wp\/v2\/comments?post=5257"}],"version-history":[{"count":55,"href":"https:\/\/mail.ton.connectingminds.net\/pt\/wp-json\/wp\/v2\/pages\/5257\/revisions"}],"predecessor-version":[{"id":27612,"href":"https:\/\/mail.ton.connectingminds.net\/pt\/wp-json\/wp\/v2\/pages\/5257\/revisions\/27612"}],"wp:attachment":[{"href":"https:\/\/mail.ton.connectingminds.net\/pt\/wp-json\/wp\/v2\/media?parent=5257"}],"curies":[{"name":"wp","href":"https:\/\/api.w.org\/{rel}","templated":true}]}}