{"id":2514,"date":"2023-01-24T17:50:59","date_gmt":"2023-01-24T17:50:59","guid":{"rendered":"https:\/\/ton.connectingminds.net\/product\/neilson-tivoli\/"},"modified":"2026-01-28T12:03:31","modified_gmt":"2026-01-28T11:03:31","slug":"neilson-tivoli","status":"publish","type":"product","link":"https:\/\/mail.ton.connectingminds.net\/pt\/retro-wielershirt\/neilson-tivoli\/","title":{"rendered":"CAMISA DE CICLISMO NEILSON-TIVOLI 1993"},"content":{"rendered":"<p>Esta camisa est\u00e1 no meu TOP 10 pessoal de camisas de ciclismo.<\/p>\n<p>Como moro no bairro TIVOLI de Eindhoven h\u00e1 mais de 50 anos, esta camisa \u00e9 muito querida para mim.<\/p>","protected":false},"excerpt":{"rendered":"<p>Esta camisa est\u00e1 no meu TOP 10 pessoal de camisas de ciclismo. Como moro no bairro TIVOLI de Eindhoven h\u00e1 mais de 50 anos, esta camisa \u00e9 muito querida para mim.<\/p>","protected":false},"featured_media":2513,"template":"","meta":[],"product_brand":[],"product_cat":[151],"product_tag":[],"class_list":{"0":"post-2514","1":"product","2":"type-product","3":"status-publish","4":"has-post-thumbnail","6":"product_cat-pro-team","8":"first","9":"onbackorder","10":"taxable","11":"shipping-taxable","12":"purchasable","13":"product-type-variable"},"yoast_head":"<!-- This site is optimized with the Yoast SEO plugin v27.3 - https:\/\/yoast.com\/product\/yoast-seo-wordpress\/ -->\n<title>NEILSON-TIVOLI  1993   WIELERSHIRT - Ton Merckx Wielershirts - Rondreis door de wereld van wielershirts<\/title>\n<meta name=\"robots\" content=\"index, follow, max-snippet:-1, max-image-preview:large, max-video-preview:-1\" \/>\n<link rel=\"canonical\" href=\"https:\/\/mail.ton.connectingminds.net\/pt\/camisa-de-ciclismo-retro\/neilson-tivoli\/\" \/>\n<meta property=\"og:locale\" content=\"pt_PT\" \/>\n<meta property=\"og:type\" content=\"article\" \/>\n<meta property=\"og:title\" content=\"NEILSON-TIVOLI  1993   WIELERSHIRT - Ton Merckx Wielershirts - Rondreis door de wereld van wielershirts\" \/>\n<meta property=\"og:description\" content=\"Dit shirt staat in mijn persoonlijke TOP 10\u00a0 van wielershirts. Omdat ik zelf al meer dan 50 jaar in de Eindhovense wijk TIVOLI woon is dit shirt mij zeer dierbaar.\" \/>\n<meta property=\"og:url\" content=\"https:\/\/mail.ton.connectingminds.net\/pt\/camisa-de-ciclismo-retro\/neilson-tivoli\/\" \/>\n<meta property=\"og:site_name\" content=\"Ton Merckx Wielershirts - Rondreis door de wereld van wielershirts\" \/>\n<meta property=\"article:modified_time\" content=\"2026-01-28T11:03:31+00:00\" \/>\n<meta property=\"og:image\" content=\"https:\/\/mail.ton.connectingminds.net\/wp-content\/uploads\/2023\/01\/SSA43430.jpg\" \/>\n\t<meta property=\"og:image:width\" content=\"1704\" \/>\n\t<meta property=\"og:image:height\" content=\"2272\" \/>\n\t<meta property=\"og:image:type\" content=\"image\/jpeg\" \/>\n<meta name=\"twitter:card\" content=\"summary_large_image\" \/>\n<meta name=\"twitter:label1\" content=\"Tempo estimado de leitura\" \/>\n\t<meta name=\"twitter:data1\" content=\"1 minuto\" \/>\n<script type=\"application\/ld+json\" class=\"yoast-schema-graph\">{\"@context\":\"https:\\\/\\\/schema.org\",\"@graph\":[{\"@type\":\"WebPage\",\"@id\":\"https:\\\/\\\/mail.ton.connectingminds.net\\\/es\\\/maillot-ciclista-retro\\\/neilson-tivoli\\\/\",\"url\":\"https:\\\/\\\/mail.ton.connectingminds.net\\\/es\\\/maillot-ciclista-retro\\\/neilson-tivoli\\\/\",\"name\":\"NEILSON-TIVOLI 1993 WIELERSHIRT - Ton Merckx Wielershirts - Rondreis door de wereld van wielershirts\",\"isPartOf\":{\"@id\":\"https:\\\/\\\/mail.tonmerckxwielershirts.nl\\\/de\\\/#website\"},\"primaryImageOfPage\":{\"@id\":\"https:\\\/\\\/mail.ton.connectingminds.net\\\/es\\\/maillot-ciclista-retro\\\/neilson-tivoli\\\/#primaryimage\"},\"image\":{\"@id\":\"https:\\\/\\\/mail.ton.connectingminds.net\\\/es\\\/maillot-ciclista-retro\\\/neilson-tivoli\\\/#primaryimage\"},\"thumbnailUrl\":\"https:\\\/\\\/mail.ton.connectingminds.net\\\/wp-content\\\/uploads\\\/2023\\\/01\\\/SSA43430.jpg\",\"datePublished\":\"2023-01-24T17:50:59+00:00\",\"dateModified\":\"2026-01-28T11:03:31+00:00\",\"breadcrumb\":{\"@id\":\"https:\\\/\\\/mail.ton.connectingminds.net\\\/es\\\/maillot-ciclista-retro\\\/neilson-tivoli\\\/#breadcrumb\"},\"inLanguage\":\"pt-PT\",\"potentialAction\":[{\"@type\":\"ReadAction\",\"target\":[\"https:\\\/\\\/mail.ton.connectingminds.net\\\/es\\\/maillot-ciclista-retro\\\/neilson-tivoli\\\/\"]}]},{\"@type\":\"ImageObject\",\"inLanguage\":\"pt-PT\",\"@id\":\"https:\\\/\\\/mail.ton.connectingminds.net\\\/es\\\/maillot-ciclista-retro\\\/neilson-tivoli\\\/#primaryimage\",\"url\":\"https:\\\/\\\/mail.ton.connectingminds.net\\\/wp-content\\\/uploads\\\/2023\\\/01\\\/SSA43430.jpg\",\"contentUrl\":\"https:\\\/\\\/mail.ton.connectingminds.net\\\/wp-content\\\/uploads\\\/2023\\\/01\\\/SSA43430.jpg\",\"width\":1704,\"height\":2272},{\"@type\":\"BreadcrumbList\",\"@id\":\"https:\\\/\\\/mail.ton.connectingminds.net\\\/es\\\/maillot-ciclista-retro\\\/neilson-tivoli\\\/#breadcrumb\",\"itemListElement\":[{\"@type\":\"ListItem\",\"position\":1,\"name\":\"Home\",\"item\":\"https:\\\/\\\/mail.tonmerckxwielershirts.nl\\\/de\\\/\"},{\"@type\":\"ListItem\",\"position\":2,\"name\":\"Retro wielershirts\",\"item\":\"https:\\\/\\\/mail.tonmerckxwielershirts.nl\\\/de\\\/retro-radtrikots\\\/\"},{\"@type\":\"ListItem\",\"position\":3,\"name\":\"NEILSON-TIVOLI 1993 WIELERSHIRT\"}]},{\"@type\":\"WebSite\",\"@id\":\"https:\\\/\\\/mail.tonmerckxwielershirts.nl\\\/de\\\/#website\",\"url\":\"https:\\\/\\\/mail.tonmerckxwielershirts.nl\\\/de\\\/\",\"name\":\"Ton Merckx Wielershirts - Rondreis door de wereld van wielershirts\",\"description\":\"thousands of original cycling jerseys - order your replica!\",\"publisher\":{\"@id\":\"https:\\\/\\\/mail.tonmerckxwielershirts.nl\\\/de\\\/#organization\"},\"potentialAction\":[{\"@type\":\"SearchAction\",\"target\":{\"@type\":\"EntryPoint\",\"urlTemplate\":\"https:\\\/\\\/mail.tonmerckxwielershirts.nl\\\/de\\\/?s={search_term_string}\"},\"query-input\":{\"@type\":\"PropertyValueSpecification\",\"valueRequired\":true,\"valueName\":\"search_term_string\"}}],\"inLanguage\":\"pt-PT\"},{\"@type\":\"Organization\",\"@id\":\"https:\\\/\\\/mail.tonmerckxwielershirts.nl\\\/de\\\/#organization\",\"name\":\"Ton Merckx Wielershirts - Rondreis door de wereld van wielershirts\",\"url\":\"https:\\\/\\\/mail.tonmerckxwielershirts.nl\\\/de\\\/\",\"logo\":{\"@type\":\"ImageObject\",\"inLanguage\":\"pt-PT\",\"@id\":\"https:\\\/\\\/mail.tonmerckxwielershirts.nl\\\/de\\\/#\\\/schema\\\/logo\\\/image\\\/\",\"url\":\"https:\\\/\\\/mail.ton.connectingminds.net\\\/wp-content\\\/uploads\\\/2023\\\/03\\\/ton-merckx-logo.jpg\",\"contentUrl\":\"https:\\\/\\\/mail.ton.connectingminds.net\\\/wp-content\\\/uploads\\\/2023\\\/03\\\/ton-merckx-logo.jpg\",\"width\":391,\"height\":57,\"caption\":\"Ton Merckx Wielershirts - Rondreis door de wereld van wielershirts\"},\"image\":{\"@id\":\"https:\\\/\\\/mail.tonmerckxwielershirts.nl\\\/de\\\/#\\\/schema\\\/logo\\\/image\\\/\"}}]}<\/script>\n<!-- \/ Yoast SEO plugin. -->","yoast_head_json":{"title":"CAMISA DE CICLISMO NEILSON-TIVOLI 1993 - Camisas de ciclismo Ton Merckx - Passeio pelo mundo das camisas de ciclismo","robots":{"index":"index","follow":"follow","max-snippet":"max-snippet:-1","max-image-preview":"max-image-preview:large","max-video-preview":"max-video-preview:-1"},"canonical":"https:\/\/mail.ton.connectingminds.net\/pt\/camisa-de-ciclismo-retro\/neilson-tivoli\/","og_locale":"pt_PT","og_type":"article","og_title":"NEILSON-TIVOLI  1993   WIELERSHIRT - Ton Merckx Wielershirts - Rondreis door de wereld van wielershirts","og_description":"Dit shirt staat in mijn persoonlijke TOP 10\u00a0 van wielershirts. Omdat ik zelf al meer dan 50 jaar in de Eindhovense wijk TIVOLI woon is dit shirt mij zeer dierbaar.","og_url":"https:\/\/mail.ton.connectingminds.net\/pt\/camisa-de-ciclismo-retro\/neilson-tivoli\/","og_site_name":"Ton Merckx Wielershirts - Rondreis door de wereld van wielershirts","article_modified_time":"2026-01-28T11:03:31+00:00","og_image":[{"width":1704,"height":2272,"url":"https:\/\/mail.ton.connectingminds.net\/wp-content\/uploads\/2023\/01\/SSA43430.jpg","type":"image\/jpeg"}],"twitter_card":"summary_large_image","twitter_misc":{"Tempo estimado de leitura":"1 minuto"},"schema":{"@context":"https:\/\/schema.org","@graph":[{"@type":"WebPage","@id":"https:\/\/mail.ton.connectingminds.net\/es\/maillot-ciclista-retro\/neilson-tivoli\/","url":"https:\/\/mail.ton.connectingminds.net\/es\/maillot-ciclista-retro\/neilson-tivoli\/","name":"CAMISA DE CICLISMO NEILSON-TIVOLI 1993 - Camisas de ciclismo Ton Merckx - Passeio pelo mundo das camisas de ciclismo","isPartOf":{"@id":"https:\/\/mail.tonmerckxwielershirts.nl\/de\/#website"},"primaryImageOfPage":{"@id":"https:\/\/mail.ton.connectingminds.net\/es\/maillot-ciclista-retro\/neilson-tivoli\/#primaryimage"},"image":{"@id":"https:\/\/mail.ton.connectingminds.net\/es\/maillot-ciclista-retro\/neilson-tivoli\/#primaryimage"},"thumbnailUrl":"https:\/\/mail.ton.connectingminds.net\/wp-content\/uploads\/2023\/01\/SSA43430.jpg","datePublished":"2023-01-24T17:50:59+00:00","dateModified":"2026-01-28T11:03:31+00:00","breadcrumb":{"@id":"https:\/\/mail.ton.connectingminds.net\/es\/maillot-ciclista-retro\/neilson-tivoli\/#breadcrumb"},"inLanguage":"pt-PT","potentialAction":[{"@type":"ReadAction","target":["https:\/\/mail.ton.connectingminds.net\/es\/maillot-ciclista-retro\/neilson-tivoli\/"]}]},{"@type":"ImageObject","inLanguage":"pt-PT","@id":"https:\/\/mail.ton.connectingminds.net\/es\/maillot-ciclista-retro\/neilson-tivoli\/#primaryimage","url":"https:\/\/mail.ton.connectingminds.net\/wp-content\/uploads\/2023\/01\/SSA43430.jpg","contentUrl":"https:\/\/mail.ton.connectingminds.net\/wp-content\/uploads\/2023\/01\/SSA43430.jpg","width":1704,"height":2272},{"@type":"BreadcrumbList","@id":"https:\/\/mail.ton.connectingminds.net\/es\/maillot-ciclista-retro\/neilson-tivoli\/#breadcrumb","itemListElement":[{"@type":"ListItem","position":1,"name":"Home","item":"https:\/\/mail.tonmerckxwielershirts.nl\/de\/"},{"@type":"ListItem","position":2,"name":"Retro wielershirts","item":"https:\/\/mail.tonmerckxwielershirts.nl\/de\/retro-radtrikots\/"},{"@type":"ListItem","position":3,"name":"NEILSON-TIVOLI 1993 WIELERSHIRT"}]},{"@type":"WebSite","@id":"https:\/\/mail.tonmerckxwielershirts.nl\/de\/#website","url":"https:\/\/mail.tonmerckxwielershirts.nl\/de\/","name":"Camisas de ciclismo Ton Merckx - Tour pelo mundo das camisas de ciclismo","description":"milhares de camisas de ciclismo originais - encomende a sua r\u00e9plica!","publisher":{"@id":"https:\/\/mail.tonmerckxwielershirts.nl\/de\/#organization"},"potentialAction":[{"@type":"SearchAction","target":{"@type":"EntryPoint","urlTemplate":"https:\/\/mail.tonmerckxwielershirts.nl\/de\/?s={search_term_string}"},"query-input":{"@type":"PropertyValueSpecification","valueRequired":true,"valueName":"search_term_string"}}],"inLanguage":"pt-PT"},{"@type":"Organization","@id":"https:\/\/mail.tonmerckxwielershirts.nl\/de\/#organization","name":"Camisas de ciclismo Ton Merckx - Tour pelo mundo das camisas de ciclismo","url":"https:\/\/mail.tonmerckxwielershirts.nl\/de\/","logo":{"@type":"ImageObject","inLanguage":"pt-PT","@id":"https:\/\/mail.tonmerckxwielershirts.nl\/de\/#\/schema\/logo\/image\/","url":"https:\/\/mail.ton.connectingminds.net\/wp-content\/uploads\/2023\/03\/ton-merckx-logo.jpg","contentUrl":"https:\/\/mail.ton.connectingminds.net\/wp-content\/uploads\/2023\/03\/ton-merckx-logo.jpg","width":391,"height":57,"caption":"Ton Merckx Wielershirts - Rondreis door de wereld van wielershirts"},"image":{"@id":"https:\/\/mail.tonmerckxwielershirts.nl\/de\/#\/schema\/logo\/image\/"}}]}},"_links":{"self":[{"href":"https:\/\/mail.ton.connectingminds.net\/pt\/wp-json\/wp\/v2\/product\/2514","targetHints":{"allow":["GET"]}}],"collection":[{"href":"https:\/\/mail.ton.connectingminds.net\/pt\/wp-json\/wp\/v2\/product"}],"about":[{"href":"https:\/\/mail.ton.connectingminds.net\/pt\/wp-json\/wp\/v2\/types\/product"}],"wp:featuredmedia":[{"embeddable":true,"href":"https:\/\/mail.ton.connectingminds.net\/pt\/wp-json\/wp\/v2\/media\/2513"}],"wp:attachment":[{"href":"https:\/\/mail.ton.connectingminds.net\/pt\/wp-json\/wp\/v2\/media?parent=2514"}],"wp:term":[{"taxonomy":"product_brand","embeddable":true,"href":"https:\/\/mail.ton.connectingminds.net\/pt\/wp-json\/wp\/v2\/product_brand?post=2514"},{"taxonomy":"product_cat","embeddable":true,"href":"https:\/\/mail.ton.connectingminds.net\/pt\/wp-json\/wp\/v2\/product_cat?post=2514"},{"taxonomy":"product_tag","embeddable":true,"href":"https:\/\/mail.ton.connectingminds.net\/pt\/wp-json\/wp\/v2\/product_tag?post=2514"}],"curies":[{"name":"wp","href":"https:\/\/api.w.org\/{rel}","templated":true}]}}