{"id":3523,"date":"2023-01-24T18:03:43","date_gmt":"2023-01-24T18:03:43","guid":{"rendered":"https:\/\/ton.connectingminds.net\/product\/be-one-chainreaction-2\/"},"modified":"2026-01-28T12:02:31","modified_gmt":"2026-01-28T11:02:31","slug":"seja-uma-reacao-em-cadeia-2","status":"publish","type":"product","link":"https:\/\/mail.ton.connectingminds.net\/pt\/retro-wielershirt\/be-one-chainreaction-2\/","title":{"rendered":"BE ONE (g)-CHAINREACTION 2008 TERNO CICLOCROSS"},"content":{"rendered":"<p>Equipe ATB onde Thijs Al tamb\u00e9m atua como piloto profissional de ciclocross.<\/p>\n<p>Este terno \u00e9 de 2008 a partir de outubro.<\/p>\n<p>Thijs Al estava em sua melhor forma no final de 2008 e venceu o Ciclocross em Antu\u00e9rpia e tamb\u00e9m a Copa do Mundo de Ciclocross em Zolder.<\/p>","protected":false},"excerpt":{"rendered":"<p>Equipe ATB onde Thijs Al tamb\u00e9m atua como piloto profissional de ciclocross. Este terno \u00e9 de 2008 a partir de outubro. Thijs Al estava em sua melhor forma no final de 2008 e venceu o Ciclocross em Antu\u00e9rpia e tamb\u00e9m a Copa do Mundo de Ciclocross em Zolder.<\/p>","protected":false},"featured_media":3522,"template":"","meta":[],"product_brand":[],"product_cat":[28],"product_tag":[],"class_list":{"0":"post-3523","1":"product","2":"type-product","3":"status-publish","4":"has-post-thumbnail","6":"product_cat-mtb-teams","8":"first","9":"onbackorder","10":"taxable","11":"shipping-taxable","12":"purchasable","13":"product-type-variable"},"yoast_head":"<!-- This site is optimized with the Yoast SEO plugin v27.4 - https:\/\/yoast.com\/product\/yoast-seo-wordpress\/ -->\n<title>BE ONE (g)-CHAINREACTION  2008  CYCLOCROSSPAK - Ton Merckx Wielershirts - Rondreis door de wereld van wielershirts<\/title>\n<meta name=\"robots\" content=\"index, follow, max-snippet:-1, max-image-preview:large, max-video-preview:-1\" \/>\n<link rel=\"canonical\" href=\"https:\/\/mail.ton.connectingminds.net\/pt\/camisa-de-ciclismo-retro\/seja-uma-reacao-em-cadeia-2\/\" \/>\n<meta property=\"og:locale\" content=\"pt_PT\" \/>\n<meta property=\"og:type\" content=\"article\" \/>\n<meta property=\"og:title\" content=\"BE ONE (g)-CHAINREACTION  2008  CYCLOCROSSPAK - Ton Merckx Wielershirts - Rondreis door de wereld van wielershirts\" \/>\n<meta property=\"og:description\" content=\"ATB ploeg waarbij Thijs Al ook als profveldrijder actief is. Dit pak is van 2008 vanaf Oktober. Thijs Al was Eind 2008 in topvorm en won de Veldritten in Antwerpen en ook de wereldbeker veldrit in Zolder.\" \/>\n<meta property=\"og:url\" content=\"https:\/\/mail.ton.connectingminds.net\/pt\/camisa-de-ciclismo-retro\/seja-uma-reacao-em-cadeia-2\/\" \/>\n<meta property=\"og:site_name\" content=\"Ton Merckx Wielershirts - Rondreis door de wereld van wielershirts\" \/>\n<meta property=\"article:modified_time\" content=\"2026-01-28T11:02:31+00:00\" \/>\n<meta property=\"og:image\" content=\"https:\/\/mail.ton.connectingminds.net\/wp-content\/uploads\/2023\/01\/SSA44683.jpg\" \/>\n\t<meta property=\"og:image:width\" content=\"1704\" \/>\n\t<meta property=\"og:image:height\" content=\"2272\" \/>\n\t<meta property=\"og:image:type\" content=\"image\/jpeg\" \/>\n<meta name=\"twitter:card\" content=\"summary_large_image\" \/>\n<meta name=\"twitter:label1\" content=\"Tempo estimado de leitura\" \/>\n\t<meta name=\"twitter:data1\" content=\"1 minuto\" \/>\n<script type=\"application\/ld+json\" class=\"yoast-schema-graph\">{\"@context\":\"https:\\\/\\\/schema.org\",\"@graph\":[{\"@type\":\"WebPage\",\"@id\":\"https:\\\/\\\/mail.ton.connectingminds.net\\\/pt\\\/camisa-de-ciclismo-retro\\\/seja-uma-reacao-em-cadeia-2\\\/\",\"url\":\"https:\\\/\\\/mail.ton.connectingminds.net\\\/pt\\\/camisa-de-ciclismo-retro\\\/seja-uma-reacao-em-cadeia-2\\\/\",\"name\":\"BE ONE (g)-CHAINREACTION 2008 CYCLOCROSSPAK - Ton Merckx Wielershirts - Rondreis door de wereld van wielershirts\",\"isPartOf\":{\"@id\":\"https:\\\/\\\/mail.ton-merckx-wielershirts.nl\\\/#website\"},\"primaryImageOfPage\":{\"@id\":\"https:\\\/\\\/mail.ton.connectingminds.net\\\/pt\\\/camisa-de-ciclismo-retro\\\/seja-uma-reacao-em-cadeia-2\\\/#primaryimage\"},\"image\":{\"@id\":\"https:\\\/\\\/mail.ton.connectingminds.net\\\/pt\\\/camisa-de-ciclismo-retro\\\/seja-uma-reacao-em-cadeia-2\\\/#primaryimage\"},\"thumbnailUrl\":\"https:\\\/\\\/mail.ton.connectingminds.net\\\/wp-content\\\/uploads\\\/2023\\\/01\\\/SSA44683.jpg\",\"datePublished\":\"2023-01-24T18:03:43+00:00\",\"dateModified\":\"2026-01-28T11:02:31+00:00\",\"breadcrumb\":{\"@id\":\"https:\\\/\\\/mail.ton.connectingminds.net\\\/pt\\\/camisa-de-ciclismo-retro\\\/seja-uma-reacao-em-cadeia-2\\\/#breadcrumb\"},\"inLanguage\":\"pt-PT\",\"potentialAction\":[{\"@type\":\"ReadAction\",\"target\":[\"https:\\\/\\\/mail.ton.connectingminds.net\\\/pt\\\/camisa-de-ciclismo-retro\\\/seja-uma-reacao-em-cadeia-2\\\/\"]}]},{\"@type\":\"ImageObject\",\"inLanguage\":\"pt-PT\",\"@id\":\"https:\\\/\\\/mail.ton.connectingminds.net\\\/pt\\\/camisa-de-ciclismo-retro\\\/seja-uma-reacao-em-cadeia-2\\\/#primaryimage\",\"url\":\"https:\\\/\\\/mail.ton.connectingminds.net\\\/wp-content\\\/uploads\\\/2023\\\/01\\\/SSA44683.jpg\",\"contentUrl\":\"https:\\\/\\\/mail.ton.connectingminds.net\\\/wp-content\\\/uploads\\\/2023\\\/01\\\/SSA44683.jpg\",\"width\":1704,\"height\":2272},{\"@type\":\"BreadcrumbList\",\"@id\":\"https:\\\/\\\/mail.ton.connectingminds.net\\\/pt\\\/camisa-de-ciclismo-retro\\\/seja-uma-reacao-em-cadeia-2\\\/#breadcrumb\",\"itemListElement\":[{\"@type\":\"ListItem\",\"position\":1,\"name\":\"Home\",\"item\":\"https:\\\/\\\/mail.ton-merckx-wielershirts.nl\\\/\"},{\"@type\":\"ListItem\",\"position\":2,\"name\":\"Retro wielershirts\",\"item\":\"https:\\\/\\\/mail.cyclingoriginals.com\\\/it\\\/maglie-da-ciclismo-retro\\\/\"},{\"@type\":\"ListItem\",\"position\":3,\"name\":\"BE ONE (g)-CHAINREACTION 2008 CYCLOCROSSPAK\"}]},{\"@type\":\"WebSite\",\"@id\":\"https:\\\/\\\/mail.ton-merckx-wielershirts.nl\\\/#website\",\"url\":\"https:\\\/\\\/mail.ton-merckx-wielershirts.nl\\\/\",\"name\":\"Ton Merckx Wielershirts - Rondreis door de wereld van wielershirts\",\"description\":\"thousands of original cycling jerseys - order your replica!\",\"publisher\":{\"@id\":\"https:\\\/\\\/mail.ton-merckx-wielershirts.nl\\\/#organization\"},\"potentialAction\":[{\"@type\":\"SearchAction\",\"target\":{\"@type\":\"EntryPoint\",\"urlTemplate\":\"https:\\\/\\\/mail.ton-merckx-wielershirts.nl\\\/?s={search_term_string}\"},\"query-input\":{\"@type\":\"PropertyValueSpecification\",\"valueRequired\":true,\"valueName\":\"search_term_string\"}}],\"inLanguage\":\"pt-PT\"},{\"@type\":\"Organization\",\"@id\":\"https:\\\/\\\/mail.ton-merckx-wielershirts.nl\\\/#organization\",\"name\":\"Ton Merckx Wielershirts - Rondreis door de wereld van wielershirts\",\"url\":\"https:\\\/\\\/mail.ton-merckx-wielershirts.nl\\\/\",\"logo\":{\"@type\":\"ImageObject\",\"inLanguage\":\"pt-PT\",\"@id\":\"https:\\\/\\\/mail.ton-merckx-wielershirts.nl\\\/#\\\/schema\\\/logo\\\/image\\\/\",\"url\":\"https:\\\/\\\/mail.ton.connectingminds.net\\\/wp-content\\\/uploads\\\/2023\\\/03\\\/ton-merckx-logo.jpg\",\"contentUrl\":\"https:\\\/\\\/mail.ton.connectingminds.net\\\/wp-content\\\/uploads\\\/2023\\\/03\\\/ton-merckx-logo.jpg\",\"width\":391,\"height\":57,\"caption\":\"Ton Merckx Wielershirts - Rondreis door de wereld van wielershirts\"},\"image\":{\"@id\":\"https:\\\/\\\/mail.ton-merckx-wielershirts.nl\\\/#\\\/schema\\\/logo\\\/image\\\/\"}}]}<\/script>\n<!-- \/ Yoast SEO plugin. -->","yoast_head_json":{"title":"BE ONE (g) -CHAINRECTION 2008 CYCLOCROSS SUIT - Ton Merckx Cycling Jerseys - Tour pelo mundo das camisas de ciclismo","robots":{"index":"index","follow":"follow","max-snippet":"max-snippet:-1","max-image-preview":"max-image-preview:large","max-video-preview":"max-video-preview:-1"},"canonical":"https:\/\/mail.ton.connectingminds.net\/pt\/camisa-de-ciclismo-retro\/seja-uma-reacao-em-cadeia-2\/","og_locale":"pt_PT","og_type":"article","og_title":"BE ONE (g)-CHAINREACTION  2008  CYCLOCROSSPAK - Ton Merckx Wielershirts - Rondreis door de wereld van wielershirts","og_description":"ATB ploeg waarbij Thijs Al ook als profveldrijder actief is. Dit pak is van 2008 vanaf Oktober. Thijs Al was Eind 2008 in topvorm en won de Veldritten in Antwerpen en ook de wereldbeker veldrit in Zolder.","og_url":"https:\/\/mail.ton.connectingminds.net\/pt\/camisa-de-ciclismo-retro\/seja-uma-reacao-em-cadeia-2\/","og_site_name":"Ton Merckx Wielershirts - Rondreis door de wereld van wielershirts","article_modified_time":"2026-01-28T11:02:31+00:00","og_image":[{"width":1704,"height":2272,"url":"https:\/\/mail.ton.connectingminds.net\/wp-content\/uploads\/2023\/01\/SSA44683.jpg","type":"image\/jpeg"}],"twitter_card":"summary_large_image","twitter_misc":{"Tempo estimado de leitura":"1 minuto"},"schema":{"@context":"https:\/\/schema.org","@graph":[{"@type":"WebPage","@id":"https:\/\/mail.ton.connectingminds.net\/pt\/camisa-de-ciclismo-retro\/seja-uma-reacao-em-cadeia-2\/","url":"https:\/\/mail.ton.connectingminds.net\/pt\/camisa-de-ciclismo-retro\/seja-uma-reacao-em-cadeia-2\/","name":"BE ONE (g) -CHAINRECTION 2008 CYCLOCROSS SUIT - Ton Merckx Cycling Jerseys - Tour pelo mundo das camisas de ciclismo","isPartOf":{"@id":"https:\/\/mail.ton-merckx-wielershirts.nl\/#website"},"primaryImageOfPage":{"@id":"https:\/\/mail.ton.connectingminds.net\/pt\/camisa-de-ciclismo-retro\/seja-uma-reacao-em-cadeia-2\/#primaryimage"},"image":{"@id":"https:\/\/mail.ton.connectingminds.net\/pt\/camisa-de-ciclismo-retro\/seja-uma-reacao-em-cadeia-2\/#primaryimage"},"thumbnailUrl":"https:\/\/mail.ton.connectingminds.net\/wp-content\/uploads\/2023\/01\/SSA44683.jpg","datePublished":"2023-01-24T18:03:43+00:00","dateModified":"2026-01-28T11:02:31+00:00","breadcrumb":{"@id":"https:\/\/mail.ton.connectingminds.net\/pt\/camisa-de-ciclismo-retro\/seja-uma-reacao-em-cadeia-2\/#breadcrumb"},"inLanguage":"pt-PT","potentialAction":[{"@type":"ReadAction","target":["https:\/\/mail.ton.connectingminds.net\/pt\/camisa-de-ciclismo-retro\/seja-uma-reacao-em-cadeia-2\/"]}]},{"@type":"ImageObject","inLanguage":"pt-PT","@id":"https:\/\/mail.ton.connectingminds.net\/pt\/camisa-de-ciclismo-retro\/seja-uma-reacao-em-cadeia-2\/#primaryimage","url":"https:\/\/mail.ton.connectingminds.net\/wp-content\/uploads\/2023\/01\/SSA44683.jpg","contentUrl":"https:\/\/mail.ton.connectingminds.net\/wp-content\/uploads\/2023\/01\/SSA44683.jpg","width":1704,"height":2272},{"@type":"BreadcrumbList","@id":"https:\/\/mail.ton.connectingminds.net\/pt\/camisa-de-ciclismo-retro\/seja-uma-reacao-em-cadeia-2\/#breadcrumb","itemListElement":[{"@type":"ListItem","position":1,"name":"Home","item":"https:\/\/mail.ton-merckx-wielershirts.nl\/"},{"@type":"ListItem","position":2,"name":"Retro wielershirts","item":"https:\/\/mail.cyclingoriginals.com\/it\/maglie-da-ciclismo-retro\/"},{"@type":"ListItem","position":3,"name":"BE ONE (g)-CHAINREACTION 2008 CYCLOCROSSPAK"}]},{"@type":"WebSite","@id":"https:\/\/mail.ton-merckx-wielershirts.nl\/#website","url":"https:\/\/mail.ton-merckx-wielershirts.nl\/","name":"Camisas de ciclismo Ton Merckx - Tour pelo mundo das camisas de ciclismo","description":"milhares de camisas de ciclismo originais - encomende a sua r\u00e9plica!","publisher":{"@id":"https:\/\/mail.ton-merckx-wielershirts.nl\/#organization"},"potentialAction":[{"@type":"SearchAction","target":{"@type":"EntryPoint","urlTemplate":"https:\/\/mail.ton-merckx-wielershirts.nl\/?s={search_term_string}"},"query-input":{"@type":"PropertyValueSpecification","valueRequired":true,"valueName":"search_term_string"}}],"inLanguage":"pt-PT"},{"@type":"Organization","@id":"https:\/\/mail.ton-merckx-wielershirts.nl\/#organization","name":"Camisas de ciclismo Ton Merckx - Tour pelo mundo das camisas de ciclismo","url":"https:\/\/mail.ton-merckx-wielershirts.nl\/","logo":{"@type":"ImageObject","inLanguage":"pt-PT","@id":"https:\/\/mail.ton-merckx-wielershirts.nl\/#\/schema\/logo\/image\/","url":"https:\/\/mail.ton.connectingminds.net\/wp-content\/uploads\/2023\/03\/ton-merckx-logo.jpg","contentUrl":"https:\/\/mail.ton.connectingminds.net\/wp-content\/uploads\/2023\/03\/ton-merckx-logo.jpg","width":391,"height":57,"caption":"Ton Merckx Wielershirts - Rondreis door de wereld van wielershirts"},"image":{"@id":"https:\/\/mail.ton-merckx-wielershirts.nl\/#\/schema\/logo\/image\/"}}]}},"_links":{"self":[{"href":"https:\/\/mail.ton.connectingminds.net\/pt\/wp-json\/wp\/v2\/product\/3523","targetHints":{"allow":["GET"]}}],"collection":[{"href":"https:\/\/mail.ton.connectingminds.net\/pt\/wp-json\/wp\/v2\/product"}],"about":[{"href":"https:\/\/mail.ton.connectingminds.net\/pt\/wp-json\/wp\/v2\/types\/product"}],"wp:featuredmedia":[{"embeddable":true,"href":"https:\/\/mail.ton.connectingminds.net\/pt\/wp-json\/wp\/v2\/media\/3522"}],"wp:attachment":[{"href":"https:\/\/mail.ton.connectingminds.net\/pt\/wp-json\/wp\/v2\/media?parent=3523"}],"wp:term":[{"taxonomy":"product_brand","embeddable":true,"href":"https:\/\/mail.ton.connectingminds.net\/pt\/wp-json\/wp\/v2\/product_brand?post=3523"},{"taxonomy":"product_cat","embeddable":true,"href":"https:\/\/mail.ton.connectingminds.net\/pt\/wp-json\/wp\/v2\/product_cat?post=3523"},{"taxonomy":"product_tag","embeddable":true,"href":"https:\/\/mail.ton.connectingminds.net\/pt\/wp-json\/wp\/v2\/product_tag?post=3523"}],"curies":[{"name":"wp","href":"https:\/\/api.w.org\/{rel}","templated":true}]}}